{"id":3039,"date":"2017-07-14T23:01:27","date_gmt":"2017-07-14T23:01:27","guid":{"rendered":"http:\/\/leca.es\/produto-leca\/prefabricados\/pesagem-e-automatizacao\/ciex-2016\/"},"modified":"2017-11-15T18:27:58","modified_gmt":"2017-11-15T18:27:58","slug":"ciex-2016","status":"publish","type":"page","link":"https:\/\/www.leca.es\/pt-pt\/produto-leca\/prefabricados\/pesagem-e-automatizacao\/ciex-2016\/","title":{"rendered":"CIEX 2016"},"content":{"rendered":"<p>[vc_row][vc_column width=&#8221;1\/4&#8243;][vc_wp_custommenu nav_menu=&#8221;19&#8243;][\/vc_column][vc_column width=&#8221;3\/4&#8243;][vc_column_text]<\/p>\n<h2>Microgestor CIEX-2016 P<\/h2>\n<p>El equipo Ciex-2016 es un microordenador que enlaza con el equipo Cantabria y con los equipos de dosificaci\u00f3n autom\u00e1tica de agua MHA-2005\/A y MHA-2008 con el fin de poder realizar la automatizaci\u00f3n completa del proceso de fabricaci\u00f3n y la gesti\u00f3n de la planta de prefabricados sin necesidad de emplear un Ordenador con programa de gesti\u00f3n<\/p>\n<p><a href=\"\/wp-content\/uploads\/2017\/07\/Aparelho_Microgestor_CIEX_LECA.jpg\" rel=\"lightbox\" data-rel=\"lightbox-image-0\" data-rl_title=\"\" data-rl_caption=\"\"><img loading=\"lazy\" decoding=\"async\" class=\"size-full wp-image-2166 aligncenter\" title=\"\" src=\"\/wp-content\/uploads\/2017\/07\/Aparelho_Microgestor_CIEX_LECA.jpg\" width=\"800\" height=\"264\" \/><\/a><\/p>\n<p>Dispone adem\u00e1s de una aplicaci\u00f3n m\u00f3vil compatible con Android y Apple que permite realizar hasta nueve peticiones de hormig\u00f3n (formula y numero de ciclos), variar el agua total del ciclo de forma remota y consultar la producci\u00f3n diaria.<br \/>\nEsta aplicaci\u00f3n puede abrirse por varios usuarios a la vez siempre que est\u00e9n registrados en el sistema.<\/p>\n<p><a href=\"\/wp-content\/uploads\/2017\/07\/Aparelho_Microgestor_CIEX_LECA_02.jpg\" rel=\"lightbox\" data-rel=\"lightbox-image-1\" data-rl_title=\"\" data-rl_caption=\"\"><img loading=\"lazy\" decoding=\"async\" class=\"alignnone size-full wp-image-2168\" title=\"\" src=\"\/wp-content\/uploads\/2017\/07\/Aparelho_Microgestor_CIEX_LECA_02.jpg\" width=\"748\" height=\"428\" \/><\/a><\/p>\n<p>Mediante un l\u00e1piz de memoria USB el equipo CIEX-2016 realiza la importaci\u00f3n y exportaci\u00f3n en formato Excel de las tablas de producci\u00f3n (Formulas, tipo de cementos, cargas realizadas, consumos por amasada) al equipo Cantabria o del equipo Cantabria al l\u00e1piz de memoria USB seg\u00fan selecci\u00f3n de opci\u00f3n.<br \/>\nEl equipo CIEX-2016 permite la conexi\u00f3n de una impresora para realizar listados e imprimir si se desea la impresi\u00f3n de consumos.<\/p>\n<p><a href=\"\/wp-content\/uploads\/2017\/07\/Aparelho_Microgestor_CIEX_LECA_03.png\" rel=\"lightbox\" data-rel=\"lightbox-image-2\" data-rl_title=\"\" data-rl_caption=\"\"><img decoding=\"async\" class=\"alignnone size-full wp-image-2170\" title=\"\" src=\"\/wp-content\/uploads\/2017\/07\/Aparelho_Microgestor_CIEX_LECA_03.png\" width=\"675\"  \/><\/a>[\/vc_column_text][\/vc_column][\/vc_row]<\/p>\n","protected":false},"excerpt":{"rendered":"<p>[vc_row][vc_column width=&#8221;1\/4&#8243;][vc_wp_custommenu nav_menu=&#8221;19&#8243;][\/vc_column][vc_column width=&#8221;3\/4&#8243;][vc_column_text] Microgestor CIEX-2016 P El equipo Ciex-2016 es un microordenador que enlaza con el equipo Cantabria y con los equipos de dosificaci\u00f3n autom\u00e1tica de agua MHA-2005\/A y MHA-2008 con el fin de poder realizar la automatizaci\u00f3n completa del proceso de fabricaci\u00f3n y la gesti\u00f3n de la planta de prefabricados sin necesidad de [&hellip;]<\/p>\n","protected":false},"author":1,"featured_media":0,"parent":1412,"menu_order":0,"comment_status":"closed","ping_status":"closed","template":"","meta":{"footnotes":""},"class_list":["post-3039","page","type-page","status-publish","hentry","invicta_simple_style_entry"],"_links":{"self":[{"href":"https:\/\/www.leca.es\/pt-pt\/wp-json\/wp\/v2\/pages\/3039","targetHints":{"allow":["GET"]}}],"collection":[{"href":"https:\/\/www.leca.es\/pt-pt\/wp-json\/wp\/v2\/pages"}],"about":[{"href":"https:\/\/www.leca.es\/pt-pt\/wp-json\/wp\/v2\/types\/page"}],"author":[{"embeddable":true,"href":"https:\/\/www.leca.es\/pt-pt\/wp-json\/wp\/v2\/users\/1"}],"replies":[{"embeddable":true,"href":"https:\/\/www.leca.es\/pt-pt\/wp-json\/wp\/v2\/comments?post=3039"}],"version-history":[{"count":1,"href":"https:\/\/www.leca.es\/pt-pt\/wp-json\/wp\/v2\/pages\/3039\/revisions"}],"predecessor-version":[{"id":3904,"href":"https:\/\/www.leca.es\/pt-pt\/wp-json\/wp\/v2\/pages\/3039\/revisions\/3904"}],"up":[{"embeddable":true,"href":"https:\/\/www.leca.es\/pt-pt\/wp-json\/wp\/v2\/pages\/1412"}],"wp:attachment":[{"href":"https:\/\/www.leca.es\/pt-pt\/wp-json\/wp\/v2\/media?parent=3039"}],"curies":[{"name":"wp","href":"https:\/\/api.w.org\/{rel}","templated":true}]}}