{"id":1531,"date":"2016-09-18T22:37:32","date_gmt":"2016-09-18T22:37:32","guid":{"rendered":"http:\/\/leca.es\/pt-pt\/?page_id=1531"},"modified":"2017-11-15T18:29:33","modified_gmt":"2017-11-15T18:29:33","slug":"automatizacao-e-gestao-de-centrais-de-concreto","status":"publish","type":"page","link":"https:\/\/www.leca.es\/pt-pt\/informacao-comercial\/automatizacao-e-gestao-de-centrais-de-concreto\/","title":{"rendered":"Automatiza\u00e7\u00e3o e Gest\u00e3o de Centrais de Concreto"},"content":{"rendered":"<p>[vc_row][vc_column width=&#8221;1\/4&#8243;][vc_wp_custommenu nav_menu=&#8221;12&#8243;][\/vc_column][vc_column width=&#8221;3\/4&#8243;]<div class=\"invicta_heading wpb_content_element\"><div class=\"primary\"><span class=\"accentcolor-text\">EQUIPAMENTO CANTABRIA<\/span> PROGRAMA GESTECNET<\/div><\/div>[vc_column_text]O equipamento CANTABRIA \u00e9 o encarregado da dosifica\u00e7\u00e3o, descarga de produtos e automatiza\u00e7\u00e3o da central de concreto (amassadora, transportadoras, skyp) incluindo o sistema de enchido de agregados. E um equipamento standard que se adapta a qualquer central e \u00e9 totalmente configur\u00e1vel pelo utilizador desde a aplica\u00e7\u00e3o Wconfig para PC, que \u00e9 entregue de forma gratuita.<\/p>\n<p>O equipamento Cantabria vai interligado ao programa de gest\u00e3o GestecNet mediante a interface de sa\u00edda RS232, pero pode ser integrado numa rede local empregando o m\u00f3dulo <strong>MCR-2008<\/strong> podendo assim dirigir o equipamento desde qualquer PC. Se disp\u00f5e de conex\u00e3o a rede, pode aceder a \u00e9l de jeito remoto e efetuar diferentes a\u00e7\u00f5es de manuten\u00e7\u00e3o: Calibra\u00e7\u00e3o de balan\u00e7as, recupera\u00e7\u00e3o da configura\u00e7\u00e3o do equipamento, manuten\u00e7\u00f5es remotas, etc.<\/p>\n<p>No caso de mal funcionamento do PC, pode trabalhar en modo aut\u00f4nomo, pelo que a produ\u00e7\u00e3o de concreto na<br \/>\ncentral n\u00e3o ser\u00e1 prejudicada.<\/p>\n<p><a href=\"\/wp-content\/uploads\/2016\/01\/pesaje-y-automatizacion-modulo-de-red-leca.png\" rel=\"lightbox\" data-rel=\"lightbox-image-0\" data-rl_title=\"\" data-rl_caption=\"\"><img loading=\"lazy\" decoding=\"async\" class=\"alignright\" title=\"\" src=\"\/wp-content\/uploads\/2016\/01\/pesaje-y-automatizacion-modulo-de-red-leca.png\" alt=\"Pesaje y automatizacion modulo de red leca\" width=\"259\" height=\"194\" \/><\/a>O equipamento STANDARD controla 4 dosificadores que podem trabalhar segundo a configura\u00e7\u00e3o: Por peso, por perda de peso, por contador ou por tempo. A vers\u00e3o superior chega a controlar at\u00e9 oito dosificadores.<\/p>\n<p>Cada dosificador controla at\u00e9 um m\u00e1ximo de seis produtos (doce na vers\u00e3o superior), com a possibilida de dosifica\u00e7\u00e3o por afine de tipo selecion\u00e1vel e ajust\u00e1vel pelo utilizador (dupla velocidade, dupla comporta, abertura e fecho por intermit\u00eancia da comporta&#8230;). A m\u00e1xima precis\u00e3o na dosifica\u00e7\u00e3o do produto est\u00e1 garantida mediante o c\u00e1lculo din\u00e1mico da quantidade de material em v\u00f4o.<\/p>\n<p><a href=\"\/wp-content\/uploads\/2016\/04\/equipo-dosificador-modelo-cantabria-leca.png\" rel=\"lightbox\" data-rel=\"lightbox-image-1\" data-rl_title=\"\" data-rl_caption=\"\"><img loading=\"lazy\" decoding=\"async\" class=\"alignleft\" title=\"\" src=\"\/wp-content\/uploads\/2016\/04\/equipo-dosificador-modelo-cantabria-leca.png\" alt=\"equipo-dosificador-modelo-cantabria-leca\" width=\"379\" height=\"396\" \/><\/a>Para garantir a queda do material, o equipamento Cantabria controla os vibradores de carga ou descarga instalados na central at\u00e9 um m\u00e1ximo de um por produto. Estes vibradores s\u00e3o ativados de maneira autom\u00e1tica ao<br \/>\nser detetado um caudal de carga ou de descarga do produto inferior ao programado. O tempo de demora de atua\u00e7\u00e3o, conex\u00e3o e repouso(intermit\u00eancia) dos vibradores \u00e9 configur\u00e1vel.<\/p>\n<p>A configura\u00e7\u00e3o do equipamento se faz desde o programa \u201cWINCONFIG\u201d que permite, al\u00e9m disso, realizar uma COPIA DE SEGURAN\u00c7A \u00a0 da estrutura e parametriza\u00e7\u00e3o da central incluidos os tempos de processo e calibra\u00e7\u00e3o das balan\u00e7as. Em caso de avar\u00eda s\u00f3 \u00e9 necessario substituir o equipamento avariado por outro e transferir a configura\u00e7\u00e3o desde o PC, para iniciar de novo a produ\u00e7\u00e3o de concreto. Nem sequer \u00e9 preciso voltar a calibrar as balan\u00e7as. Este processo de mudan\u00e7a, como vo\u00e7\u00e9 pode ver, \u00e9 muito simples pelo que nao precisa de pessoal especializado.<\/p>\n<p>Em instala\u00e7\u00f5es onde pela quantidade de elementos a dirigir s\u00e3o precisas mais de 24 entradas ou 32 sa\u00eddas como<br \/>\noferece o equipamento Cantabria, dito equipamento pode ser ampliado mediante os m\u00f3dulos externos I\/O.<\/p>\n<p>Al\u00e9m do equipamento de dosifica\u00e7\u00e3o Cantabria e os seus m\u00f3dulos de amplia\u00e7\u00e3o de entradas e sa\u00eddas, o programa GestecNet \u00a0admite um sem-fim de perif\u00e9ricos entre os que cumpre destacar o m\u00f3dulo de leitura de sondas medidoras de umidade, temperatura e umidade relativa do ar e o equipamento de c\u00e1lculo da densidade da agua reciclada.<\/p>\n<p>[\/vc_column_text]<div class=\"invicta_heading wpb_content_element\"><div class=\"primary\">Outros <span class=\"accentcolor-text\">equipamentos <\/span>de <span class=\"accentcolor-text\">control<\/span>e<\/div><\/div>[vc_column_text]Al\u00e9m do aparelho de dosifica\u00e7\u00e3o Cantabria e seus m\u00f3dulos de amplia\u00e7\u00e3o de entradas e saidas, o programa GestecNET admite um sem-fim de perif\u00e9ricos entre os que cabe destacar o m\u00f3dulo de leitura de sondas medidoras de umidade, temperatura e umidade relativa do ar e o equipamento de c\u00e1lculo da densidade da agua reciclada.<\/p>\n<p><a href=\"\/wp-content\/uploads\/2016\/01\/agua-reciclada-medicion-densidad-leca-01.png\" rel=\"lightbox\" data-rel=\"lightbox-image-2\" data-rl_title=\"\" data-rl_caption=\"\"><img loading=\"lazy\" decoding=\"async\" class=\"alignleft\" title=\"\" src=\"\/wp-content\/uploads\/2016\/01\/agua-reciclada-medicion-densidad-leca-01.png\" alt=\"agua-reciclada-medicion-densidad-leca-01\" width=\"195\" height=\"297\" \/><\/a><a href=\"\/wp-content\/uploads\/2016\/04\/equipo_medicion_densidad_agua_reciclada_leca.png\" rel=\"lightbox\" data-rel=\"lightbox-image-3\" data-rl_title=\"\" data-rl_caption=\"\" title=\"\"><img loading=\"lazy\" decoding=\"async\" class=\"alignright\" src=\"\/wp-content\/uploads\/2016\/04\/equipo_medicion_densidad_agua_reciclada_leca.png\" alt=\"equipo_medicion_densidad_agua_reciclada_leca\" width=\"139\" height=\"237\" \/><\/a>O equipamento <strong>BADEN-2005<\/strong> foi desenhado para obter a <strong>DENSIDADE<\/strong> <strong>DA AGUA RECICLADA <\/strong>mediante a pesagem da mesma.Se apresenta como um conjunto compacto formado por uma balan\u00e7a de 50 L e um quadro de controle no que se inclui, al\u00e9m do quadro da instala\u00e7\u00e3o pneum\u00e1tica e el\u00e9trica, o <strong>aparelho DNS-2005<\/strong>, encarregado da automatiza\u00e7\u00e3o dos processos da balan\u00e7a.<\/p>\n<p>O conjunto \u00e9 entregue preinstalado, de tal jeito que s\u00f3 \u00e9 necessaria a alimenta\u00e7\u00e3o da tens\u00e3o e a toma de ar comprimido para abertura e fecho das v\u00e1lvulas.<\/p>\n<p>O sistema disp\u00f5e adem\u00e1is de saida livre de potencial para a conex\u00e3o de bombas e agitadores da po\u00e7a.<\/p>\n<p>Mediante o emprego de sondas de <strong>MEDI\u00c7\u00c3O DA UMIDADE<\/strong> por microondas conseguimos um c\u00e1lculo real da agua do ciclo adem\u00e1is de uma corre\u00e7\u00e3o do peso do material em fun\u00e7\u00e3o da umidade obtida.<\/p>\n<p>Se a agua a descontar \u00e9, em parte ou total, agua reciclada, ser\u00e1 tido em conta no c\u00e1lculo da quantidade a restar, a quantide de residuo s\u00f3lido que cont\u00e9m a mesma.<\/p>\n<p>O medidor de <strong>TEMPERATURA E UMIDADE RELATIVA DO AR,<\/strong> <strong>THAR-200<\/strong>, permite-nos saber\u00a0 e imprimir na guia de remessa a temperatura do ar e a umidade relativa do mesmo.Garanta ao seu cliente que sua fabrica\u00e7\u00e3o foi realizada em um margem de temperaturas que n\u00e3o afetam \u00e1 qualidade do produto fabricado.<\/p>\n<p>Este dispositivo \u00e9 de tipo sem fio e alimentado mediante pilhas.Pode, pelo tanto, instala-lo vo\u00e7e mesmo quando deseje e elegir o ponto de situa\u00e7\u00e3o mais\u00a0 prop\u00edcio\u00a0 protegido do sol direto.<\/p>\n<p>O aparelho <strong>SILOPRES<\/strong> \u00e9 o encarregado de controlar o enchido dos silos de cimento. Silopres \u00e9 um aparelho aut\u00f3nomo que mediante uma v\u00e1lvula pneum\u00e1tica instalada no tubo de enchido do silo de cimento, controla a press\u00e3o de enchido do silo e o n\u00edvel de enchido m\u00e1ximo. Em caso de silo cheio ou excesso de press\u00e3o, o aparelho conecta uma alarme de aviso e impede a continua\u00e7\u00e3o da carga. Al\u00e9m disso, o\u00a0 aparelho silopres p\u00f5e em marcha os vibradores dos filtros de mangas ao fim de que se produza a limpeza dos mesmos.[\/vc_column_text]<div class=\"invicta_heading wpb_content_element\"><div class=\"primary\">Programa <span class=\"accentcolor-text\">GESTECNET<\/span><\/div><\/div>[vc_column_text]O programa GestecNET junto ao equipamento \u00a0de dosifica\u00e7\u00e3o \u00a0Cantabria \u00a0constituem uma solu\u00e7\u00e3o pr\u00e1tica e moderna para a automatiza\u00e7\u00e3o \u00a0e gest\u00e3o das suas centrais de concreto.<\/p>\n<p><a href=\"\/wp-content\/uploads\/2016\/03\/programa_gestion_de_planta_gestecNET_LECA-300x226.png\" rel=\"lightbox\" data-rel=\"lightbox-image-4\" data-rl_title=\"\" data-rl_caption=\"\"><img decoding=\"async\" class=\"alignright\" title=\"\" src=\"\/wp-content\/uploads\/2016\/03\/programa_gestion_de_planta_gestecNET_LECA-300x226.png\" alt=\"Programa gestion de planta gestecNET LECA\" width=\"370\" \/><\/a>Uma caracter\u00edstica destacada deste programa, \u00e9 que esta aplica\u00e7\u00e3o est\u00e1 desenvolvida em um entorno Web e tecnologia Microsoft.NET de modo que o acesso aos dados \u00a0pode ser realizado a trav\u00e9s de internet.<\/p>\n<p>Para a gest\u00e3o e o \u00a0armazenamento de dados, GestecNet utiliza o programa de tratamento de bases de dados SQL que garante uma gran estabilidade dos mesmos.<\/p>\n<p>Ainda que a aplica\u00e7\u00e3o \u00e9 de tipo Web, a instala\u00e7\u00e3o da aplica\u00e7\u00e3o \u00e9 feita no computador local da central. Para trabalhar com o \u00a0programa se utiliza o navegador Internet Explorer j\u00e1 pre-instalado no computador. Isto permite a central \u00a0funcionar com o programa de maneira aut\u00f4noma pero tamb\u00e9m conectarse \u00e1 mesma remotamente desde qualquer terminal com conex\u00e3o a Internet ou por conex\u00e3o por cabo (LAN). Podemos por tanto criar em local tantos postos de trabalho como queiramos, para realizar diferentes trabalhos de produ\u00e7\u00e3o ou em remoto para variar as formulas, gestionar qualquer dado, por exemplo o risco a cliente e bloqueio do suministro de concreto \u00a0ao mesmo.<\/p>\n<p><a href=\"\/wp-content\/uploads\/2016\/03\/programa_gestion_monit_plus_leca-1.png\" rel=\"lightbox\" data-rel=\"lightbox-image-5\" data-rl_title=\"\" data-rl_caption=\"\"><img decoding=\"async\" class=\"size-full alignleft\" title=\"\" src=\"\/wp-content\/uploads\/2016\/03\/programa_gestion_monit_plus_leca-1.png\" alt=\"programa_gestion_monit_plus_leca\" width=\"370\" \/><\/a>Se \u00a0disp\u00f5e de conex\u00e3o a internet, uma vez instalado e parametrizado o programa GestecNet Server, mediante o programa de replica\u00e7\u00e3o, desenvolvido pola nosa \u00a0empresa e baseado en copias espelho, poderemos centralizar toda a informa\u00e7\u00e3o no escrit\u00f3rio central<\/p>\n<p>Enquanto n\u00e3o haja nenhuma \u00a0falha de conex\u00e3o entre a central de concreto e o escritorio central, os dados gerados na central de concreto \u00a0s\u00e3o replicados \u00e1 base de dados do escritorio e vice-versa. Em caso de falha de conex\u00e3o, a central segue trabalhando alimentando-se dos seus dados em local e ao voltar a restabelecer-se a comunica\u00e7\u00e3o se produz uma actualiza\u00e7\u00e3o autom\u00e1tica dos dados tanto na central de concreto como no escrit\u00f3rio central.<\/p>\n<p>As centrais tamb\u00e9m enviam de maneira continua ao programa GestecNet Server, dados do estado da central de concreto e o que est\u00e3o facendo. Estes dados uma vez decodificados permite a um utilizador autorizado visualizar em tempo real o que est\u00e1 fabricando a central.<\/p>\n<p>Se um utilizador autorizado se atopa fora do escrit\u00f3rio, como o programa est\u00e1 realizado em entorno Web, dispondo de um telefone de alta gama, Tablet ou computador com acesso a internet pode conectar-se ao server central ou a qualquer central de concreto e efetuar \u00a0qualquer opera\u00e7\u00e3o..<\/p>\n<p>O programa disp\u00f5e de um m\u00f3dulo atualizador chamado APL que se encarrega de verificar se existem actualiza\u00e7\u00f5es nos server da nosa empresa ou bem, se o cliente o deseja, no seu propio server (Parametriz\u00e1vel). As actualiza\u00e7\u00f5es podem ser feitas \u00a0de maneira autom\u00e1tica ou \u00a0pola noite. Neste caso o programa \u00a0encarrega-se de supervisar que a actualiza\u00e7\u00e3o remate de maneira correta e de desligar o computador ao rematar o processo.[\/vc_column_text]<div class=\"invicta_heading wpb_content_element\"><div class=\"primary\">M\u00f3dulos del programa <span class=\"accentcolor-text\">GESTECNET<\/span><\/div><\/div>[vc_column_text]<\/p>\n<h3>M\u00f3dulo de precarga<\/h3>\n<p>O programa GestecNet disp\u00f5e de uma fun\u00e7\u00e3o de prepara\u00e7\u00e3o de cargas que permite ao operario da central ou utilizador remoto introduzir dados de novas cargas, incluindo se se deseja o caminh\u00e3o que a vai transportar.<br \/>\nIsto permite al\u00e9m de aumentar a produ\u00e7\u00e3o, que os condutores dos caminh\u00f5es selecionen as produ\u00e7oes atribuidas para eles.Neste caso instala-se ao lado da boca de carga, um sistema de in\u00edcio de descarga e paro de dosifica\u00e7\u00e3o<br \/>\n.<\/p>\n<h3><img loading=\"lazy\" decoding=\"async\" class=\"size-full wp-image-929 aligncenter\" src=\"\/wp-content\/uploads\/2016\/04\/modulos_del_programa_gestecnet_modulo_precarga.png\" alt=\"modulos_del_programa_gestecnet_modulo_precarga\" width=\"848\" height=\"94\" \/><\/h3>\n<h3>M\u00f3dulo Multi Carga<\/h3>\n<p><a href=\"\/wp-content\/uploads\/2016\/04\/modulos_del_programa_gestecnet_modulo_multicarga.png\" rel=\"lightbox\" data-rel=\"lightbox-image-6\" data-rl_title=\"\" data-rl_caption=\"\"><img decoding=\"async\" class=\" wp-image-930 alignright\" title=\"\" src=\"\/wp-content\/uploads\/2016\/04\/modulos_del_programa_gestecnet_modulo_multicarga.png\" alt=\"modulos del programa gestecnet modulo multicarga\" width=\"350\" \/><\/a>O programa permite lan\u00e7ar m\u00e1is de uma carga ao equipamento de produ\u00e7\u00e3o Cantabria de maneira que comece o processo da nova carga no momento em que a balan\u00e7a correspondente est\u00e1 vazia. Para impedir a poss\u00edvel descarga ao ch\u00e3o foi previsto uma mensagem na tela\u00a0 de valida\u00e7\u00e3o do in\u00edcio de descarga a caminh\u00e3o.<\/p>\n<h3>M\u00f3dulo control de pre-misturado e velocidade de descarga<\/h3>\n<p>Para centrais sem amassadora\u00a0 pode-se parametrizar at\u00e9 dez tipos de maneira de pre-misturado da descarga em fun\u00e7\u00e3o da formula dosificada e dez velocidades de descarga em fun\u00e7\u00e3o do caminh\u00e3o\u00a0 que vai a transportar o concreto.<\/p>\n<h3>M\u00f3dulo de traspasso de dados entre GestecNet e programa fatura\u00e7\u00e3o<\/h3>\n<p>GestecNet para importar dados de aplica\u00e7\u00f5es externas de factura\u00e7\u00e3o, disp\u00f5e de umas tabelas de importa\u00e7\u00e3o espec\u00edficas no programa. Estas tabelas est\u00e3o sempre vazias, e quando uma aplica\u00e7\u00e3o escreve informa\u00e7\u00e3o em elas,\u00a0 GestecNet processa, incorpora a suas tabelas e finalmente, apaga os registros de entrada.<\/p>\n<p>GestecNET para a exporta\u00e7\u00e3o, disp\u00f5e de umas vistas de guias de compras e de vendas que podem ser lidas por uma aplica\u00e7\u00e3o externa. Todas as vistas t\u00eam um campo com nome &#8220;Exportado&#8221; que pode ser utilizado pela aplica\u00e7\u00e3o externa para marcar que dados j\u00e1 foram lidos e processados pela mesma.<\/p>\n<p>Se s\u00f3 se deseja traspassar a produ\u00e7\u00e3o, GestecNet disp\u00f5e de um\u00a0 m\u00f3dulo de traspasso de nome ExpoNet que permite a sele\u00e7\u00e3o dos campos a exportar, o ordem e o formato (Excel, TXT.) entre outros par\u00e1metros.<\/p>\n<hr \/>\n<h3>M\u00f3dulo de control de fraude<\/h3>\n<p><img loading=\"lazy\" decoding=\"async\" class=\"size-full wp-image-938 alignleft\" src=\"\/wp-content\/uploads\/2016\/04\/modulos_del_programa_gestecnet_modulo_control_de_fraude.png\" alt=\"modulos_del_programa_gestecnet_modulo_control_de_fraude\" width=\"203\" height=\"129\" \/>Para evitar o fraude, o programa GestecNet supervisa de maneira constante o estado das balan\u00e7as. Ao produzir-se um incremento de peso de uma balan\u00e7a, GestecNet, env\u00eda ao server o valor da carga manual realizada com data e hora da mesma. Em caso de conex\u00e3o e\/ou desconex\u00e3o ou posta a zero (Reset) do programa tamb\u00e9m env\u00eda ao server do escritorio data e hora do processo realizado.<\/p>\n<p>&nbsp;<\/p>\n<p>&nbsp;<\/p>\n<h3>MANTENET.-\u00a0 M\u00f3dulo de manuten\u00e7\u00e3o da\u00a0 central<\/h3>\n<p><a href=\"\/wp-content\/uploads\/2016\/04\/modulos_del_programa_gestecnet_modulo_mantenet.png\" rel=\"lightbox\" data-rel=\"lightbox-image-7\" data-rl_title=\"\" data-rl_caption=\"\"><img decoding=\"async\" class=\" alignleft\" title=\"\" src=\"\/wp-content\/uploads\/2016\/04\/modulos_del_programa_gestecnet_modulo_mantenet.png\" alt=\"modulos_del_programa_gestecnet_modulo_mantenet\" width=\"340\" \/><\/a>O m\u00f3dulo de manuten\u00e7\u00e3o da central Mantenet incluido no programa GestecNet, permite a empresa gestionar a manuten\u00e7\u00e3o da instala\u00e7\u00e3o de maneira autom\u00e1tica.<\/p>\n<p>Ao chegar a\u00a0 previs\u00e3o de manuten\u00e7\u00e3o estabelecido, o programa manda emails as pessoas ou empresas dadas de alta para realizar esa manuten\u00e7\u00e3o.<\/p>\n<p>Para cada elemento da central o m\u00f3dulo de manuten\u00e7\u00e3o, permite incluir documentos de informa\u00e7\u00e3o sobre a realiza\u00e7\u00e3o da manuten\u00e7\u00e3o\u00a0 e ficha final da\u00a0 manuten\u00e7\u00e3o que foi feita.<\/p>\n<p>&nbsp;<\/p>\n<hr \/>\n<h3>WIN-TIME.- Controle de processos de produ\u00e7\u00e3o<\/h3>\n<p><a href=\"\/wp-content\/uploads\/2016\/04\/modulos_del_programa_gestecnet_modulo_win_time.png\" rel=\"lightbox\" data-rel=\"lightbox-image-8\" data-rl_title=\"\" data-rl_caption=\"\"><img decoding=\"async\" class=\"size-full alignleft\" title=\"\" src=\"\/wp-content\/uploads\/2016\/04\/modulos_del_programa_gestecnet_modulo_win_time.png\" alt=\"modulos del programa gestecnet modulo win-time\" width=\"340\" \/><\/a>O programa WIN-TIME faz um registro autom\u00e1tico em formato Excel ou Access de tempos da central, ou tempos de posta en marcha e\u00a0 parada dos diferentes elementos que comp\u00f5em a central de concreto de tal maneira que obtem um diagrama completo da produ\u00e7\u00e3o do concreto.<\/p>\n<p>No\u00a0 documento criado\u00a0 refleja-se os pesos te\u00f3ricos, os erros de dosifica\u00e7\u00e3o, o tempo de carga e o ciclo de carga.<br \/>\nPara a amassadora\u00a0 guarda-se o tempo de amassadora em marcha, o de amassado e o de\u00a0 esvaziado.<br \/>\nPara os vibradores, transportadoras,\u00a0 grava-se o tempo que est\u00e3o ligadas e o n\u00famero de liga\u00e7\u00f5es que\u00a0 fazem os diferentes elementos por ciclo<br \/>\n.<\/p>\n<hr \/>\n<h3>GESTECMOBILE.- Aplica\u00e7\u00e3o m\u00f3vel para GestecNet<\/h3>\n<p><a href=\"\/wp-content\/uploads\/2016\/04\/modulos_del_programa_gestecnet_modulo_gestecmobile.png\" rel=\"lightbox\" data-rel=\"lightbox-image-9\" data-rl_title=\"\" data-rl_caption=\"\"><img decoding=\"async\" class=\"size-full alignleft\" title=\"\" src=\"\/wp-content\/uploads\/2016\/04\/modulos_del_programa_gestecnet_modulo_gestecmobile.png\" alt=\"modulos_del_programa_gestecnet_modulo_gestecmobile\" width=\"340\" \/><\/a>Junto com o programa GestecNet, se faz entrega de forma gratuita\u00a0 da aplica\u00e7\u00e3o GestecMobile.<\/p>\n<p>Com esta aplica\u00e7\u00e3o ter\u00e1 ao alcance da m\u00e3o suas centrais de concreto e poder\u00e1 consultar dados de produ\u00e7\u00e3o, alterar formulas ou bloquear o fornecimento de concreto a clientes entre outras op\u00e7\u00f5es.<\/p>\n<p>Veja em tempo real o mesmo sin\u00f3ptico Web que pode ver desde seu posto de trabalho no escritorio. Sepa qu\u00e1l\u00a0 foi a produ\u00e7\u00e3o total da sua empresa ao fim do d\u00eda.[\/vc_column_text][\/vc_column][\/vc_row]<\/p>\n","protected":false},"excerpt":{"rendered":"<p>[vc_row][vc_column width=&#8221;1\/4&#8243;][vc_wp_custommenu nav_menu=&#8221;12&#8243;][\/vc_column][vc_column width=&#8221;3\/4&#8243;][vc_column_text]O equipamento CANTABRIA \u00e9 o encarregado da dosifica\u00e7\u00e3o, descarga de produtos e automatiza\u00e7\u00e3o da central de concreto (amassadora, transportadoras, skyp) incluindo o sistema de enchido de agregados. E um equipamento standard que se adapta a qualquer central e \u00e9 totalmente configur\u00e1vel pelo utilizador desde a aplica\u00e7\u00e3o Wconfig para PC, que \u00e9 entregue [&hellip;]<\/p>\n","protected":false},"author":1,"featured_media":0,"parent":1490,"menu_order":0,"comment_status":"closed","ping_status":"closed","template":"","meta":{"footnotes":""},"class_list":["post-1531","page","type-page","status-publish","hentry","invicta_simple_style_entry"],"_links":{"self":[{"href":"https:\/\/www.leca.es\/pt-pt\/wp-json\/wp\/v2\/pages\/1531","targetHints":{"allow":["GET"]}}],"collection":[{"href":"https:\/\/www.leca.es\/pt-pt\/wp-json\/wp\/v2\/pages"}],"about":[{"href":"https:\/\/www.leca.es\/pt-pt\/wp-json\/wp\/v2\/types\/page"}],"author":[{"embeddable":true,"href":"https:\/\/www.leca.es\/pt-pt\/wp-json\/wp\/v2\/users\/1"}],"replies":[{"embeddable":true,"href":"https:\/\/www.leca.es\/pt-pt\/wp-json\/wp\/v2\/comments?post=1531"}],"version-history":[{"count":1,"href":"https:\/\/www.leca.es\/pt-pt\/wp-json\/wp\/v2\/pages\/1531\/revisions"}],"predecessor-version":[{"id":3844,"href":"https:\/\/www.leca.es\/pt-pt\/wp-json\/wp\/v2\/pages\/1531\/revisions\/3844"}],"up":[{"embeddable":true,"href":"https:\/\/www.leca.es\/pt-pt\/wp-json\/wp\/v2\/pages\/1490"}],"wp:attachment":[{"href":"https:\/\/www.leca.es\/pt-pt\/wp-json\/wp\/v2\/media?parent=1531"}],"curies":[{"name":"wp","href":"https:\/\/api.w.org\/{rel}","templated":true}]}}