{"id":1527,"date":"2016-09-18T22:08:04","date_gmt":"2016-09-18T22:08:04","guid":{"rendered":"http:\/\/leca.es\/pt-pt\/?page_id=1527"},"modified":"2017-11-15T18:29:31","modified_gmt":"2017-11-15T18:29:31","slug":"gestion-producao-frota-de-transporte","status":"publish","type":"page","link":"https:\/\/www.leca.es\/pt-pt\/informacao-comercial\/gestion-producao-frota-de-transporte\/","title":{"rendered":"Gest\u00e3o Produ\u00e7ao Frota de Transporte"},"content":{"rendered":"<p>[vc_row][vc_column width=&#8221;1\/4&#8243;][vc_wp_custommenu nav_menu=&#8221;12&#8243;][\/vc_column][vc_column width=&#8221;3\/4&#8243;]<div class=\"invicta_heading wpb_content_element\"><div class=\"primary\">Programa <span class=\"accentcolor-text\">GesproNET<\/span><\/div><div class=\"secondary\">GERENCIAMENTO CENTRALIZADO DA PRODU\u00c7\u00c3O<br \/>\nGEOLOCALIZA\u00c7\u00c3O FROTA DE TRANSPORTE<br \/>\nHIST\u00d3RICO TRANSPORTE DE CONCRETO<\/div><\/div>[vc_column_text]Se vo\u00e7\u00ea tiver instalado na central de concreto a aplica\u00e7\u00e3o GestecNet, mediante o programa GesproNet \u00a0e os equipamentos Geolec que s\u00e3o instalados no caminh\u00e3o, conseguir\u00e1 completar seu sistema produtivo, j\u00e1 que esta aplica\u00e7\u00e3o permite centralizar suas ordens de concreto e administrar a entrega das mesmas ao recolher dados em tempo real do estado da frota dos caminh\u00f5es e a sua situa\u00e7\u00e3o, al\u00e9m de \u00a0minimizar ao m\u00e1ximo as incid\u00eancias no transporte gra\u00e7as ao gerenciamento de eventos que contempla o programa.<\/p>\n<p>O programa GesproNet, l\u00ea e opera coa mesma base de dados que o programa da central de concreto, GestecNet, pelo que n\u00e3o \u00e9 precisa a introdu\u00e7\u00e3o de dados. No \u00a0momento no que se faz a instala\u00e7\u00e3o, os dados de centrais, clientes, obras e caminh\u00f5es ja s\u00e3o apressentados na tela, permitindo portanto come\u00e7ar a trabalhar com o \u00a0programa desde o primeiro momento.<\/p>\n<p>Para facilitar mais as coisas, GesproNet disp\u00f4e de uma rotina que atribue as coordenadas das centrais e das \u00a0obras de jeito autom\u00e1tico. Em nenhum caso, vo\u00e7\u00ea deve se \u00a0preocupar da manuten\u00e7\u00e3o destes dados. Quando uma obra seja dada de alta e se produzam servi\u00e7os de concreto a essa obra, Gespronet atribuir\u00e1 coordenadas de jeito autom\u00e1tico para a mesma<\/p>\n<p>.<br \/>\n<img loading=\"lazy\" decoding=\"async\" class=\" wp-image-688 alignright\" src=\"\/wp-content\/uploads\/2016\/04\/programa_gespronet_leca.png\" alt=\"programa_gespronet_leca\" width=\"349\" height=\"216\" \/>Para avaliar \u00a0 a capacidade de produ\u00e7\u00e3o de cada central, o programa l\u00e9 de jeito continuo de cada uma delas o n\u00famero de caminh\u00f5es dados de alta na mesma.<\/p>\n<p>O programa GesproNet enla\u00e7a em tempo real com a aplica\u00e7\u00e3o de gerenciamento da central GestecNet. Iso permite ao fazer uma carga criar um novo registro de hist\u00f3rico de transporte, guardando no mesmo, dados da gu\u00eda de remessa, do caminh\u00e3o que vai \u00a0carregar e a hora na que se produz a carga.<\/p>\n<p>Ao equipar os caminh\u00f5es com unidades <strong>GEOLEC<\/strong>, se consegue al\u00e9m de um registro das pos\u00edveis incid\u00eancias ou eventos na \u00a0viagem, uma actualiza\u00e7\u00e3o autom\u00e1tica na guia de remessa da hora de chegada a obra, hora de descarga de concreto, hora de sa\u00edda de obra e hora de chegada a \u00a0central.<\/p>\n<p>Se um caminh\u00e3o n\u00e3o disp\u00f4e de uma unidade Geolec, pode emular a viagem clicando com o mouse no mapa e escolhendo \u00a0a opera\u00e7\u00e3o que est\u00e1 a fazer.<\/p>\n<p>GesproNET permite aos fabricantes de concreto incrementar sua produtividade ja que garante as horas de entrega de concreto, reduz mediante seu sistema de produ\u00e7\u00e3o melhorado os tempos de inactividade tanto das centrais de concreto como dos caminh\u00f5es e minimiza as incid\u00eancias no transporte.[\/vc_column_text][vc_tta_tabs style=&#8221;flat&#8221; shape=&#8221;square&#8221; color=&#8221;white&#8221; active_section=&#8221;1&#8243;][vc_tta_section title=&#8221;Centralizado da Produ\u00e7\u00e3o&#8221; tab_id=&#8221;Centralizado&#8221;][vc_column_text]O controle e gerenciamento das ordens de concreto, se faz mediante menus e telas que permiten ao operador olhar o estado da produ\u00e7\u00e3o e interatuar com as diferentes centrais e caminh\u00f5es para otimizar do melhor jeito \u00a0pos\u00edvel a produ\u00e7\u00e3o.<\/p>\n<p>O programa enla\u00e7a on-line com o programa da central, GestecNet, de tal jeito que as ordens introduzidas s\u00e3o visualizadas diretamente na ficha de produ\u00e7\u00e3o eletr\u00f4nica que incorpora o programa da central, GestecNet.<br \/>\nAs ordens de concreto podem tamb\u00e9m, se o utilizador tem permiss\u00e3o suficiente, ser criadas na propia central. Estas ordens ser\u00e3o vistas nas telas de ordens do programa GesproNet junto aos criados em \u00e9le.<\/p>\n<table border=\"0\">\n<tbody>\n<tr>\n<td><a href=\"\/wp-content\/uploads\/2016\/04\/gestion-flota-camiones-leca-01.jpg\" rel=\"lightbox\" data-rel=\"lightbox-image-0\" data-rl_title=\"\" data-rl_caption=\"\"><img loading=\"lazy\" decoding=\"async\" class=\"alignleft size-medium\" title=\"\" src=\"\/wp-content\/uploads\/2016\/04\/gestion-flota-camiones-leca-01-300x220.jpg\" width=\"300\" height=\"220\" \/><\/a><\/td>\n<td><a href=\"\/wp-content\/uploads\/2016\/04\/gestion-flota-camiones-leca-02.jpg\" rel=\"lightbox\" data-rel=\"lightbox-image-1\" data-rl_title=\"\" data-rl_caption=\"\"><img loading=\"lazy\" decoding=\"async\" class=\"size-medium alignright\" title=\"\" src=\"\/wp-content\/uploads\/2016\/04\/gestion-flota-camiones-leca-02-300x225.jpg\" width=\"300\" height=\"225\" \/><\/a><\/td>\n<\/tr>\n<\/tbody>\n<\/table>\n<p>As ordens de concreto, podem ser de uma ou de v\u00e1rias viagens \u00a0e podem ser alteradas a central e a hora de servi\u00e7o com s\u00f3 arrastar o mouse.<\/p>\n<p>Dado que n\u00e3o sempre o cliente conhe\u00e7e a hora exata de subministro de parte ou de toda a ordem, o programa foi desenhado\u00a0 para que admita aceita\u00e7\u00e3o de ordens com viagens pendentes de confirma\u00e7\u00e3o de horas de entrega, aumento ou redu\u00e7\u00f5es de metros c\u00fabicos totais de uma ordem ou incluso ordens pendentes de confirmar pelo cliente.<\/p>\n<p>Todos sabemos que n\u00e3o \u00e9 o mesmo cruzar uma cidade a uma hora ou a outra, n\u00e3o obstante tanto a empresa como o cliente, desejan conseguir uma aproxima\u00e7\u00e3o de tempo o mais perto poss\u00edvel da realidade.<\/p>\n<p>Para conseguir esta precis\u00e3o, o programa disp\u00f5e de um motor que vai aprendendo das viagens que se fazem \u00e1s obras com os que calcula o tempo medio de transporte a uma obra, em fun\u00e7\u00e3o do dia de trabalho e faixa horaria introduzida no programa. Isto permite tratar com o cliente a hora de entrega do concreto con erros quase nulos.<\/p>\n<p><img loading=\"lazy\" decoding=\"async\" class=\"wp-image-685 alignright\" src=\"\/wp-content\/uploads\/2016\/04\/centralizado_produccion_Gespronet_4.png\" alt=\"centralizado_produccion_Gespronet_4\" width=\"153\" height=\"433\" \/>Para descarregar o trabalho na central, por causa de\u00a0 consultas de estado das ordens por parte de um cliente, foi criada a aplica\u00e7\u00e3o movel GMCLIENT que permite ao mesmo consultar o estado das suas ordens e a situa\u00e7\u00e3o em plano dos caminh\u00f5es que transportam concreto \u00e1s suas obras. Os clientes com acesso \u00e1 aplica\u00e7\u00e3o \u00a0GMCLIENT s\u00e3o selecionados no programa.<\/p>\n<p><img loading=\"lazy\" decoding=\"async\" class=\"wp-image-684 alignleft\" src=\"\/wp-content\/uploads\/2016\/04\/centralizado_produccion_Gespronet_3.png\" alt=\"centralizado_produccion_Gespronet_3\" width=\"279\" height=\"203\" \/><\/p>\n<p>Tamb\u00e9m foi desenvolvido para a empresa, a aplica\u00e7\u00e3o GESPROMOBILE, que permite a consulta num tel\u00e9fone de gama alta ou Tablet ou PC, o estado e a situa\u00e7\u00e3o da frota de caminh\u00f5es asim como dados de produ\u00e7\u00e3o.<\/p>\n<p>Tanto a aplica\u00e7\u00e3o GESPROMOBILE como a aplica\u00e7\u00e3o GMCLIENT s\u00e3o subministradas de forma gratuita.[\/vc_column_text][\/vc_tta_section][vc_tta_section title=&#8221;Hist\u00f3rico Transporte de Concreto&#8221; tab_id=&#8221;1461615271261-adc7e653-3d07&#8243;][vc_column_text]<a href=\"\/wp-content\/uploads\/2016\/04\/historico-transporte-de-hormigo-leca-01.png\" rel=\"lightbox\" data-rel=\"lightbox-image-2\" data-rl_title=\"\" data-rl_caption=\"\"><img decoding=\"async\" class=\" alignleft\" title=\"\" src=\"\/wp-content\/uploads\/2016\/04\/historico-transporte-de-hormigo-leca-01.png\" width=\"300\" \/><\/a>Al\u00e9m de guardar o hist\u00f3rico das rotas realizadas pelos caminh\u00f5es contra uma guia de remessa, GesproNet permite interatuar com os dados, visualizando mediante os diferentes men\u00fas a representa\u00e7\u00e3o em plano ou em tabela de uma viagem com os eventos ocorridos<\/p>\n<p>A representa\u00e7\u00e3o pode ser de guias de remessa ou de per\u00edodo de tempo. Esta \u00faltima sele\u00e7\u00e3o e v\u00e1lida para outros ve\u00edculos de transporte como podem ser bombas de concreto e inclusive ve\u00edculos comerciais da empresa<\/p>\n<p>GesproNet tamb\u00e9m apresenta na tela de modo gr\u00e1fico os par\u00e2metros de velocidade do caminh\u00e3o, press\u00e3o e revolu\u00e7\u00f5es da\u00a0 cuba e a \u00e1gua acrescentada no\u00a0 caminh\u00e3o correspondentes a uma guia de remessa<\/p>\n<p>Os eventos ocorridos durante o processo de carga, transporte\u00a0 e descarga em obra s\u00e3o apresentados na parte superior da gr\u00e1fica mediante um icone de admira\u00e7\u00e3o. Situando o mouse\u00a0 sobre eles, se indica cual \u00e9 o evento que corresponde.<\/p>\n<p><a href=\"\/wp-content\/uploads\/2016\/04\/historico-transporte-de-hormigo-leca-02.png\" rel=\"lightbox\" data-rel=\"lightbox-image-3\" data-rl_title=\"\" data-rl_caption=\"\"><img decoding=\"async\" class=\"alignright\" title=\"\" src=\"\/wp-content\/uploads\/2016\/04\/historico-transporte-de-hormigo-leca-02.png\" width=\"300\" \/><\/a>Mediante os diferentes men\u00fas de apresenta\u00e7\u00e3o do programa, GesproNet permite visualizar os diferentes eventos produzidos por um caminh\u00e3o no tempo ou numa guia de remessa\u00a0 em particular e incluso uma rela\u00e7\u00e3o de caminh\u00f5es que produziram certo evento, etc<\/p>\n<p>O programa LisExp que \u00e9 subministrado com a aplica\u00e7\u00e3o GesproNet, permite ao utilizador realizar impress\u00e3o a papel, texto ou Excel das listagens configuradas, al\u00e9m de, se o deseja, criar suas propias listagens.<\/p>\n<table border=\"0\">\n<tbody>\n<tr>\n<td><a href=\"\/wp-content\/uploads\/2016\/04\/historico-transporte-de-hormigo-leca-03.png\" rel=\"lightbox\" data-rel=\"lightbox-image-4\" data-rl_title=\"\" data-rl_caption=\"\"><img loading=\"lazy\" decoding=\"async\" class=\"alignleft size-medium\" title=\"\" src=\"\/wp-content\/uploads\/2016\/04\/historico-transporte-de-hormigo-leca-03.png\" width=\"300\" height=\"220\" \/><\/a><\/td>\n<td><a href=\"\/wp-content\/uploads\/2016\/04\/historico-transporte-de-hormigo-leca-04.png\" rel=\"lightbox\" data-rel=\"lightbox-image-5\" data-rl_title=\"\" data-rl_caption=\"\"><img loading=\"lazy\" decoding=\"async\" class=\"size-medium alignright\" title=\"\" src=\"\/wp-content\/uploads\/2016\/04\/historico-transporte-de-hormigo-leca-04.png\" width=\"300\" height=\"225\" \/><\/a><\/td>\n<\/tr>\n<\/tbody>\n<\/table>\n<p>GesproNet ajuda a corre\u00e7\u00e3o de incid\u00eancias nos transportes gra\u00e7as \u00e1 detec\u00e7\u00e3o das mesmas.[\/vc_column_text][\/vc_tta_section][\/vc_tta_tabs][\/vc_column][\/vc_row]<\/p>\n","protected":false},"excerpt":{"rendered":"<p>[vc_row][vc_column width=&#8221;1\/4&#8243;][vc_wp_custommenu nav_menu=&#8221;12&#8243;][\/vc_column][vc_column width=&#8221;3\/4&#8243;][vc_column_text]Se vo\u00e7\u00ea tiver instalado na central de concreto a aplica\u00e7\u00e3o GestecNet, mediante o programa GesproNet \u00a0e os equipamentos Geolec que s\u00e3o instalados no caminh\u00e3o, conseguir\u00e1 completar seu sistema produtivo, j\u00e1 que esta aplica\u00e7\u00e3o permite centralizar suas ordens de concreto e administrar a entrega das mesmas ao recolher dados em tempo real do [&hellip;]<\/p>\n","protected":false},"author":1,"featured_media":0,"parent":1490,"menu_order":0,"comment_status":"closed","ping_status":"closed","template":"","meta":{"footnotes":""},"class_list":["post-1527","page","type-page","status-publish","hentry","invicta_simple_style_entry"],"_links":{"self":[{"href":"https:\/\/www.leca.es\/pt-pt\/wp-json\/wp\/v2\/pages\/1527","targetHints":{"allow":["GET"]}}],"collection":[{"href":"https:\/\/www.leca.es\/pt-pt\/wp-json\/wp\/v2\/pages"}],"about":[{"href":"https:\/\/www.leca.es\/pt-pt\/wp-json\/wp\/v2\/types\/page"}],"author":[{"embeddable":true,"href":"https:\/\/www.leca.es\/pt-pt\/wp-json\/wp\/v2\/users\/1"}],"replies":[{"embeddable":true,"href":"https:\/\/www.leca.es\/pt-pt\/wp-json\/wp\/v2\/comments?post=1527"}],"version-history":[{"count":1,"href":"https:\/\/www.leca.es\/pt-pt\/wp-json\/wp\/v2\/pages\/1527\/revisions"}],"predecessor-version":[{"id":3846,"href":"https:\/\/www.leca.es\/pt-pt\/wp-json\/wp\/v2\/pages\/1527\/revisions\/3846"}],"up":[{"embeddable":true,"href":"https:\/\/www.leca.es\/pt-pt\/wp-json\/wp\/v2\/pages\/1490"}],"wp:attachment":[{"href":"https:\/\/www.leca.es\/pt-pt\/wp-json\/wp\/v2\/media?parent=1527"}],"curies":[{"name":"wp","href":"https:\/\/api.w.org\/{rel}","templated":true}]}}