{"id":1524,"date":"2016-09-18T21:06:08","date_gmt":"2016-09-18T21:06:08","guid":{"rendered":"http:\/\/leca.es\/pt-pt\/?page_id=1524"},"modified":"2017-11-17T13:50:40","modified_gmt":"2017-11-17T13:50:40","slug":"calculo-formulas-concreto","status":"publish","type":"page","link":"https:\/\/www.leca.es\/pt-pt\/informacao-comercial\/calculo-formulas-concreto\/","title":{"rendered":"Calculo Formulas Concreto"},"content":{"rendered":"<p>[vc_row][vc_column width=&#8221;1\/4&#8243;][vc_wp_custommenu nav_menu=&#8221;12&#8243;][\/vc_column][vc_column width=&#8221;3\/4&#8243;]<div class=\"invicta_heading wpb_content_element\"><div class=\"primary\">Programa <span class=\"accentcolor-text\">CalcuNET<\/span><\/div><div class=\"secondary\">Programa de calculo de formulas de concreto<\/div><\/div>[vc_single_image image=&#8221;4096&#8243; img_size=&#8221;large&#8221; alignment=&#8221;center&#8221;][vc_column_text]CalculNet \u00e9 um programa que calcula dosifica\u00e7\u00f5es de concreto \u00a0mediante os sistemas de Bolomey, Fuller e Faury, compat\u00edveis em estrutura com o programa da central GestecNet<\/p>\n<p>Nos tres sistemas o programa permite o retoque da curva real obtida mediante arrasto da mesma com o mouse, de tal jeito que as dosifica\u00e7\u00f5es sejan ajustadas \u00e1s necessidades de cada momento. Estas altera\u00e7\u00f5es na \u00a0curva, \u00a0podem ser aplicadas a todas ou parte das formulas, podendo repetir essa opera\u00e7\u00e3o as vezes desejadas com diferentes grupos de f\u00f3rmulas aplicando por tanto em cada caso corre\u00e7\u00f5es ajustadas \u00e1 varia\u00e7\u00e3o da curva.<\/p>\n<p>O programa CalculNet \u00a0disp\u00f4e de um sistema de importa\u00e7\u00e3o e exporta\u00e7\u00e3o de f\u00f3rmulas que \u00e9 executado a pedido do utilizador. Antes de transmitir as formulas \u00e1 central, CalculNet guarda uma copia de seguran\u00e7a das \u00a0tabelas anteriores.<\/p>\n<p>O programa CalculNet \u00a0reconhece as f\u00f3rmulas criadas manualmente na central e para essas f\u00f3rmulas n\u00e3o aplica os c\u00e1lculos produzidos de jeito autom\u00e1tico.[\/vc_column_text][\/vc_column][\/vc_row]<\/p>\n","protected":false},"excerpt":{"rendered":"<p>[vc_row][vc_column width=&#8221;1\/4&#8243;][vc_wp_custommenu nav_menu=&#8221;12&#8243;][\/vc_column][vc_column width=&#8221;3\/4&#8243;][vc_single_image image=&#8221;4096&#8243; img_size=&#8221;large&#8221; alignment=&#8221;center&#8221;][vc_column_text]CalculNet \u00e9 um programa que calcula dosifica\u00e7\u00f5es de concreto \u00a0mediante os sistemas de Bolomey, Fuller e Faury, compat\u00edveis em estrutura com o programa da central GestecNet Nos tres sistemas o programa permite o retoque da curva real obtida mediante arrasto da mesma com o mouse, de tal jeito que [&hellip;]<\/p>\n","protected":false},"author":13,"featured_media":0,"parent":1490,"menu_order":0,"comment_status":"closed","ping_status":"closed","template":"","meta":{"footnotes":""},"class_list":["post-1524","page","type-page","status-publish","hentry","invicta_simple_style_entry"],"_links":{"self":[{"href":"https:\/\/www.leca.es\/pt-pt\/wp-json\/wp\/v2\/pages\/1524","targetHints":{"allow":["GET"]}}],"collection":[{"href":"https:\/\/www.leca.es\/pt-pt\/wp-json\/wp\/v2\/pages"}],"about":[{"href":"https:\/\/www.leca.es\/pt-pt\/wp-json\/wp\/v2\/types\/page"}],"author":[{"embeddable":true,"href":"https:\/\/www.leca.es\/pt-pt\/wp-json\/wp\/v2\/users\/13"}],"replies":[{"embeddable":true,"href":"https:\/\/www.leca.es\/pt-pt\/wp-json\/wp\/v2\/comments?post=1524"}],"version-history":[{"count":3,"href":"https:\/\/www.leca.es\/pt-pt\/wp-json\/wp\/v2\/pages\/1524\/revisions"}],"predecessor-version":[{"id":4103,"href":"https:\/\/www.leca.es\/pt-pt\/wp-json\/wp\/v2\/pages\/1524\/revisions\/4103"}],"up":[{"embeddable":true,"href":"https:\/\/www.leca.es\/pt-pt\/wp-json\/wp\/v2\/pages\/1490"}],"wp:attachment":[{"href":"https:\/\/www.leca.es\/pt-pt\/wp-json\/wp\/v2\/media?parent=1524"}],"curies":[{"name":"wp","href":"https:\/\/api.w.org\/{rel}","templated":true}]}}