{"id":1522,"date":"2016-09-18T20:17:34","date_gmt":"2016-09-18T20:17:34","guid":{"rendered":"http:\/\/leca.es\/pt-pt\/?page_id=1522"},"modified":"2017-11-17T12:28:01","modified_gmt":"2017-11-17T12:28:01","slug":"programa-de-producao-estatistica","status":"publish","type":"page","link":"https:\/\/www.leca.es\/pt-pt\/informacao-comercial\/programa-de-producao-estatistica\/","title":{"rendered":"Programa de Produ\u00e7\u00e3o Estat\u00edstica"},"content":{"rendered":"<p>[vc_row][vc_column width=&#8221;1\/4&#8243;][vc_wp_custommenu nav_menu=&#8221;12&#8243;][\/vc_column][vc_column width=&#8221;3\/4&#8243;]<div class=\"invicta_heading wpb_content_element\"><div class=\"primary\">Programa <span class=\"accentcolor-text\">StaNET<\/span><\/div><div class=\"secondary\">Estat\u00edsticas de produ\u00e7\u00e3o e transporte An\u00e1lise de custos e balan\u00e7o da empresa<\/div><\/div>[vc_single_image image=&#8221;4081&#8243; img_size=&#8221;large&#8221; alignment=&#8221;center&#8221;][vc_column_text]<\/p>\n<p>StaNet \u00e9\u00a0 um programa de estat\u00edstica e an\u00e1lise realizado espec\u00edficamente para as empresas de concreto, que se alimenta dos dados das guias de remessa, (venda de concreto e entrada de mat\u00e9rias primas) guardados no programa GestecNet e dos dados de gerenciamento da produ\u00e7\u00e3o e hist\u00f3rico de transporte de concreto existentes no programa GesproNet.<\/p>\n<p>Mediante estes dados o programa StaNet \u00e9 capaz de gerar desde uma simple gr\u00e1fica de produ\u00e7\u00e3o a um comparativo de resultados entre diferentes per\u00edodos de tempo ou centrais e apresent\u00e1-los em formato tabela ou gr\u00e1fica.<\/p>\n<p>Ao ser um programa em Web, vo\u00e7\u00ea pode realizar consultas em remoto desde qualquer PC que disponha de conex\u00e3o a Internet.<\/p>\n<p>O\u00a0 programa StaNet \u00e9 uma ferramenta de f\u00e1cil utiliza\u00e7\u00e3o que ajuda a gestionar sua empresa, ao alcance de qualquer utilizador independentemente do n\u00famero de centrais que possua.[\/vc_column_text][\/vc_column][\/vc_row]<\/p>\n","protected":false},"excerpt":{"rendered":"<p>[vc_row][vc_column width=&#8221;1\/4&#8243;][vc_wp_custommenu nav_menu=&#8221;12&#8243;][\/vc_column][vc_column width=&#8221;3\/4&#8243;][vc_single_image image=&#8221;4081&#8243; img_size=&#8221;large&#8221; alignment=&#8221;center&#8221;][vc_column_text] StaNet \u00e9\u00a0 um programa de estat\u00edstica e an\u00e1lise realizado espec\u00edficamente para as empresas de concreto, que se alimenta dos dados das guias de remessa, (venda de concreto e entrada de mat\u00e9rias primas) guardados no programa GestecNet e dos dados de gerenciamento da produ\u00e7\u00e3o e hist\u00f3rico de transporte de [&hellip;]<\/p>\n","protected":false},"author":13,"featured_media":0,"parent":1490,"menu_order":0,"comment_status":"closed","ping_status":"closed","template":"","meta":{"footnotes":""},"class_list":["post-1522","page","type-page","status-publish","hentry","invicta_simple_style_entry"],"_links":{"self":[{"href":"https:\/\/www.leca.es\/pt-pt\/wp-json\/wp\/v2\/pages\/1522","targetHints":{"allow":["GET"]}}],"collection":[{"href":"https:\/\/www.leca.es\/pt-pt\/wp-json\/wp\/v2\/pages"}],"about":[{"href":"https:\/\/www.leca.es\/pt-pt\/wp-json\/wp\/v2\/types\/page"}],"author":[{"embeddable":true,"href":"https:\/\/www.leca.es\/pt-pt\/wp-json\/wp\/v2\/users\/13"}],"replies":[{"embeddable":true,"href":"https:\/\/www.leca.es\/pt-pt\/wp-json\/wp\/v2\/comments?post=1522"}],"version-history":[{"count":2,"href":"https:\/\/www.leca.es\/pt-pt\/wp-json\/wp\/v2\/pages\/1522\/revisions"}],"predecessor-version":[{"id":4084,"href":"https:\/\/www.leca.es\/pt-pt\/wp-json\/wp\/v2\/pages\/1522\/revisions\/4084"}],"up":[{"embeddable":true,"href":"https:\/\/www.leca.es\/pt-pt\/wp-json\/wp\/v2\/pages\/1490"}],"wp:attachment":[{"href":"https:\/\/www.leca.es\/pt-pt\/wp-json\/wp\/v2\/media?parent=1522"}],"curies":[{"name":"wp","href":"https:\/\/api.w.org\/{rel}","templated":true}]}}