{"id":1454,"date":"2016-09-07T01:11:38","date_gmt":"2016-09-07T01:11:38","guid":{"rendered":"http:\/\/leca.es\/pt-pt\/?page_id=1454"},"modified":"2017-11-15T18:28:30","modified_gmt":"2017-11-15T18:28:30","slug":"programa-morterwin","status":"publish","type":"page","link":"https:\/\/www.leca.es\/pt-pt\/produto-leca\/argamassa\/gestao-central\/programa-morterwin\/","title":{"rendered":"Programa MorterWin"},"content":{"rendered":"<p>[vc_row][vc_column width=&#8221;1\/4&#8243;][vc_wp_custommenu nav_menu=&#8221;16&#8243;][\/vc_column][vc_column width=&#8221;3\/4&#8243;][vc_column_text]<a href=\"\/wp-content\/uploads\/2016\/06\/programa-morterwin-leca.png\" rel=\"lightbox\" data-rel=\"lightbox-image-0\" data-rl_title=\"\" data-rl_caption=\"\"><img decoding=\"async\" class=\"size-full alignleft\" title=\"\" src=\"\/wp-content\/uploads\/2016\/06\/programa-morterwin-leca.png\" width=\"355\" \/><\/a><\/p>\n<p>O programa Morter-win, criado em entorno Windows, est\u00e1 pensado para operar em centrais de argamassa onde se precisa levar um controle autom\u00e1tico e exaustivo da produ\u00e7\u00e3o e manuten\u00e7\u00e3o da maquinaria.<\/p>\n<p>Ao ligar o programa se apresenta no ecr\u00e1 o sin\u00f3tico da central. Atrav\u00e9s de este ecr\u00e1 se visualiza o funcionamento de cada um dos dispositivos. Este ecr\u00e1 \u00e9 de tipo interativo, oferecendo ao utilizador , ao colocar o cursor do rato acima do elemento ou \u00edcone desejado, informa\u00e7\u00e3o sobre sua fun\u00e7\u00e3o, estado e nome do mesmo, conseguindo deste jeito uma f\u00e1cil compreens\u00e3o do funcionamento e manejo do mesmo.<\/p>\n<p>A dereita do ecr\u00e1 se apresentam as diferentes op\u00e7\u00f5es do programa mediante \u00edcones que ao clica-los com o rato d\u00e3o acesso a seus correspondentes men\u00fas.<\/p>\n<p>O programa MorterWin realiza cargas a silo de produto rematado por peti\u00e7\u00f5es do utilizador nas que se introduz o silo a carregar e o n\u00famero de cargas a realizar, de maneira autom\u00e1tica mediante a leitura de n\u00edveis de m\u00e1xima e m\u00ednima. Em esta maneira de carregar, o programa inicia a carga quando o n\u00edvel de m\u00ednima ativa-se e finaliza a dosifica\u00e7\u00e3o quando se deteta conex\u00e3o do n\u00edvel de m\u00e1xima. O programa em ambos casos gestiona o estoque das materias-primas e do produto rematado de maneira te\u00f3rica ou real se s\u00e3o instaladas c\u00e9lulas de carga nos silos.<\/p>\n<p>Para a venda de produto rematado o programa gestiona a origem do mesmo podendo ser fabrica\u00e7\u00e3o direta atrav\u00e9s da amassadora ou subministro desde os silos de produto rematado. Neste \u00faltimo caso o peso de produto se consegue por leitura direta desde o silo ou bem por pesagem na balan\u00e7a de caminh\u00f5es externa ao sistema. A guia, os consumos, a origem da carga e o total de toneladas subministradas se guardam na base de dados e podem ser exportadas ao programa de fatura\u00e7\u00e3o do cliente.<\/p>\n<p><strong>Outras carater\u00edsticas<\/strong>:<br \/>\n\u2022 Sin\u00f3tico animado no ecr\u00e1 configur\u00e1vel pelo utilizador.<br \/>\n\u2022 Visualiza\u00e7\u00e3o em sin\u00f3tico da tabela de consumos e erros ciclo a ciclo.<br \/>\n\u2022 Gest\u00e3o manual e autom\u00e1tica da humidade dos agregados com corre\u00e7\u00e3o do peso dos componentes.<br \/>\n\u2022 Indica\u00e7\u00f5es visuais do estado das peti\u00e7\u00f5es remotas. Peti\u00e7\u00e3o solicitada, em fabrica\u00e7\u00e3o, servindo.<br \/>\n\u2022 Peti\u00e7\u00f5es de argamassa por n\u00edvel, por rato sobre \u00edcone no ecr\u00e1 ou por planning de produ\u00e7\u00e3o.<br \/>\n\u2022 Alarmes para controle dos processos de automatiza\u00e7\u00e3o.<br \/>\n\u2022 Informe de consumos por amassada.<br \/>\n\u2022 Gestor de listagens que permite ao utilizador a configura\u00e7\u00e3o dos mesmos.<br \/>\n\u2022 Gest\u00e3o completa da produ\u00e7\u00e3o (materias-primas, fornecedores, transportistas, f\u00f3rmulas, resume de cargas,).<br \/>\n\u2022 Controle manuten\u00e7\u00e3o da central.<br \/>\n\u2022 Controle de utilizadores mediante chave de acesso.<br \/>\n\u2022 Exporta\u00e7\u00e3o configur\u00e1vel de dados da informa\u00e7\u00e3o gestionada<\/p>\n<p>[\/vc_column_text][\/vc_column][\/vc_row]<\/p>\n","protected":false},"excerpt":{"rendered":"<p>[vc_row][vc_column width=&#8221;1\/4&#8243;][vc_wp_custommenu nav_menu=&#8221;16&#8243;][\/vc_column][vc_column width=&#8221;3\/4&#8243;][vc_column_text] O programa Morter-win, criado em entorno Windows, est\u00e1 pensado para operar em centrais de argamassa onde se precisa levar um controle autom\u00e1tico e exaustivo da produ\u00e7\u00e3o e manuten\u00e7\u00e3o da maquinaria. Ao ligar o programa se apresenta no ecr\u00e1 o sin\u00f3tico da central. Atrav\u00e9s de este ecr\u00e1 se visualiza o funcionamento de [&hellip;]<\/p>\n","protected":false},"author":1,"featured_media":0,"parent":1452,"menu_order":0,"comment_status":"closed","ping_status":"closed","template":"","meta":{"footnotes":""},"class_list":["post-1454","page","type-page","status-publish","hentry","invicta_simple_style_entry"],"_links":{"self":[{"href":"https:\/\/www.leca.es\/pt-pt\/wp-json\/wp\/v2\/pages\/1454","targetHints":{"allow":["GET"]}}],"collection":[{"href":"https:\/\/www.leca.es\/pt-pt\/wp-json\/wp\/v2\/pages"}],"about":[{"href":"https:\/\/www.leca.es\/pt-pt\/wp-json\/wp\/v2\/types\/page"}],"author":[{"embeddable":true,"href":"https:\/\/www.leca.es\/pt-pt\/wp-json\/wp\/v2\/users\/1"}],"replies":[{"embeddable":true,"href":"https:\/\/www.leca.es\/pt-pt\/wp-json\/wp\/v2\/comments?post=1454"}],"version-history":[{"count":1,"href":"https:\/\/www.leca.es\/pt-pt\/wp-json\/wp\/v2\/pages\/1454\/revisions"}],"predecessor-version":[{"id":3881,"href":"https:\/\/www.leca.es\/pt-pt\/wp-json\/wp\/v2\/pages\/1454\/revisions\/3881"}],"up":[{"embeddable":true,"href":"https:\/\/www.leca.es\/pt-pt\/wp-json\/wp\/v2\/pages\/1452"}],"wp:attachment":[{"href":"https:\/\/www.leca.es\/pt-pt\/wp-json\/wp\/v2\/media?parent=1454"}],"curies":[{"name":"wp","href":"https:\/\/api.w.org\/{rel}","templated":true}]}}