{"id":1445,"date":"2016-09-07T01:00:04","date_gmt":"2016-09-07T01:00:04","guid":{"rendered":"http:\/\/leca.es\/pt-pt\/?page_id=1445"},"modified":"2017-11-15T18:27:58","modified_gmt":"2017-11-15T18:27:58","slug":"controle-de-enchido-de-silos-de-cimento-2","status":"publish","type":"page","link":"https:\/\/www.leca.es\/pt-pt\/produto-leca\/prefabricados\/pesagem-e-automatizacao\/controle-de-enchido-de-silos-de-cimento-2\/","title":{"rendered":"Controle de enchido de silos de cimento"},"content":{"rendered":"<p>[vc_row][vc_column width=&#8221;1\/4&#8243;][vc_wp_custommenu nav_menu=&#8221;17&#8243;][vc_separator][\/vc_column][vc_column width=&#8221;3\/4&#8243;][vc_column_text]<\/p>\n<h2>Controle de enchido de silos de cimento Silopres<\/h2>\n<p><a href=\"\/wp-content\/uploads\/2016\/01\/control_llenado_silos_de_cemento_leca.jpg\" rel=\"lightbox\" data-rel=\"lightbox-image-0\" data-rl_title=\"\" data-rl_caption=\"\"><img loading=\"lazy\" decoding=\"async\" class=\"alignleft\" title=\"\" src=\"\/wp-content\/uploads\/2016\/01\/control_llenado_silos_de_cemento_leca.jpg\" width=\"250\" height=\"150\" \/><\/a><\/p>\n<p>O aparelho <strong>SILOPRES<\/strong> est\u00e1 pensado para realizar de maneira segura o processo de enchido dos silos de cimento, evitando desta maneira poss\u00edveis <strong>danos aos filtros dos silos<\/strong>, desbordamentos por excesso de enchido ou possiveis contamina\u00e7\u00f5es do material por enchido em silo incorreto.<\/p>\n<p>O processo de autoriza\u00e7\u00e3o e inicio de carga se produz por sele\u00e7\u00e3o do operador da central do silo a encher mediante pulsa\u00e7\u00e3o de uma tecla incorporada no propio sin\u00f3tico do aparelho mais a coloca\u00e7\u00e3o da mangueira no silo correto. S\u00f3 assim o aparelho SILOPRES abre a v\u00e1lvula de carga do silo permitindo que se encha.<\/p>\n<p>Se est\u00e1 enchendo um silo e se produz uma sobrepress\u00e3o no mesmo ou bem um excesso de carga, o aparelho mediante sinal sonora de alarma avisa da incid\u00eancia e no caso de n\u00e3o solucionar-se no tempo estabelecido, pecha a v\u00e1lvula interrompendo o enchido do silo.<\/p>\n<p>O aparelho comercializa-se en dois modelos:<\/p>\n<ul>\n<li>Silopres C4 de controle de quatro silos montado em caixa de superf\u00edcie<\/li>\n<li>Silopres E4 de controle de quatro silos pensado para embutir<\/li>\n<\/ul>\n<p><a href=\"\/wp-content\/uploads\/2016\/09\/controle-de-enchido-de-silos-de-cimento-leca.png\" rel=\"lightbox\" data-rel=\"lightbox-image-1\" data-rl_title=\"\" data-rl_caption=\"\"><img loading=\"lazy\" decoding=\"async\" class=\"size-medium alignleft\" title=\"\" src=\"\/wp-content\/uploads\/2016\/09\/controle-de-enchido-de-silos-de-cimento-leca.png\" width=\"300\" height=\"225\" \/><\/a>Para o controle de m\u00e1xima e sobrepress\u00e3o \u00a0incorpora-se dentro do conjunto os respetivos sensores de press\u00e3o e n\u00edvel[\/vc_column_text][\/vc_column][\/vc_row]<\/p>\n","protected":false},"excerpt":{"rendered":"<p>[vc_row][vc_column width=&#8221;1\/4&#8243;][vc_wp_custommenu nav_menu=&#8221;17&#8243;][vc_separator][\/vc_column][vc_column width=&#8221;3\/4&#8243;][vc_column_text] Controle de enchido de silos de cimento Silopres O aparelho SILOPRES est\u00e1 pensado para realizar de maneira segura o processo de enchido dos silos de cimento, evitando desta maneira poss\u00edveis danos aos filtros dos silos, desbordamentos por excesso de enchido ou possiveis contamina\u00e7\u00f5es do material por enchido em silo incorreto. O [&hellip;]<\/p>\n","protected":false},"author":1,"featured_media":0,"parent":1412,"menu_order":0,"comment_status":"closed","ping_status":"closed","template":"","meta":{"footnotes":""},"class_list":["post-1445","page","type-page","status-publish","hentry","invicta_simple_style_entry"],"_links":{"self":[{"href":"https:\/\/www.leca.es\/pt-pt\/wp-json\/wp\/v2\/pages\/1445","targetHints":{"allow":["GET"]}}],"collection":[{"href":"https:\/\/www.leca.es\/pt-pt\/wp-json\/wp\/v2\/pages"}],"about":[{"href":"https:\/\/www.leca.es\/pt-pt\/wp-json\/wp\/v2\/types\/page"}],"author":[{"embeddable":true,"href":"https:\/\/www.leca.es\/pt-pt\/wp-json\/wp\/v2\/users\/1"}],"replies":[{"embeddable":true,"href":"https:\/\/www.leca.es\/pt-pt\/wp-json\/wp\/v2\/comments?post=1445"}],"version-history":[{"count":1,"href":"https:\/\/www.leca.es\/pt-pt\/wp-json\/wp\/v2\/pages\/1445\/revisions"}],"predecessor-version":[{"id":3906,"href":"https:\/\/www.leca.es\/pt-pt\/wp-json\/wp\/v2\/pages\/1445\/revisions\/3906"}],"up":[{"embeddable":true,"href":"https:\/\/www.leca.es\/pt-pt\/wp-json\/wp\/v2\/pages\/1412"}],"wp:attachment":[{"href":"https:\/\/www.leca.es\/pt-pt\/wp-json\/wp\/v2\/media?parent=1445"}],"curies":[{"name":"wp","href":"https:\/\/api.w.org\/{rel}","templated":true}]}}