{"id":1442,"date":"2016-09-07T00:56:05","date_gmt":"2016-09-07T00:56:05","guid":{"rendered":"http:\/\/leca.es\/pt-pt\/?page_id=1442"},"modified":"2017-11-15T18:28:27","modified_gmt":"2017-11-15T18:28:27","slug":"consola-manual","status":"publish","type":"page","link":"https:\/\/www.leca.es\/pt-pt\/produto-leca\/argamassa\/pesagem-e-automatizacao\/consola-manual\/","title":{"rendered":"Consola Manual"},"content":{"rendered":"<p>[vc_row][vc_column width=&#8221;1\/4&#8243;][vc_wp_custommenu nav_menu=&#8221;17&#8243;][\/vc_column][vc_column width=&#8221;3\/4&#8243;][vc_column_text]<\/p>\n<h2>Consola botoneira CO-2014<\/h2>\n<p><a href=\"\/wp-content\/uploads\/2016\/03\/consola-co-2014-equipos-leca-main.png\" rel=\"lightbox\" data-rel=\"lightbox-image-0\" data-rl_title=\"\" data-rl_caption=\"\"><img decoding=\"async\" class=\"alignleft\" title=\"\" src=\"\/wp-content\/uploads\/2016\/03\/consola-co-2014-equipos-leca-main.png\" width=\"275\" \/><\/a><\/p>\n<p>A consola de manobra CO-2014 apresenta um novo conceito na filosofia de controle manual e autom\u00e1tico de uma central de concreto, ja que permite selecionar para cada pulsador o elemento da central a controlar e a s\u00faa forma de trabalho.<\/p>\n<p>Para a conex\u00e3o dos distintos elementos da central \u00e9 fornecida uma saida a contato libre de tens\u00e3o que pode atacar diretamente aos contatores do quadro el\u00e9ctrico da central.<\/p>\n<p>A consola de mando CO-2014 disp\u00f5e de uma botoneira de tipo LEXAN, com quarenta teclas embutidas, cada uma de elas com um led de alta luminesc\u00eancia para indicar o estado do elemento controlado. Oito pulsadores (Vermelhos) som de livre disposi\u00e7\u00e3o para o utilizador e seu emprego est\u00e1 pensado para aqueles elementos nos que a s\u00faa posta em marcha n\u00e3o depende do automatismo da central, por exemplo um compressor ou uma bomba de agua, e trinta e dois pulsadores (Verdes) s\u00e3o operativos em fun\u00e7\u00e3o da programa\u00e7\u00e3o dos micro interruptores incorporados na placa. Ditas possibilidades s\u00e3o<br \/>\n:<\/p>\n<ul>\n<li>Fun\u00e7\u00e3o bot\u00e3o ou fun\u00e7\u00e3o Marcha\/paro<\/li>\n<li>Bot\u00e3o operativo s\u00f3 em manual ou em manual e autom\u00e1tico<\/li>\n<li>Bot\u00e3o operativo ou n\u00e3o para o controle do peso dosificado de forma manual (obriga \u00e1 \u00a0introdu\u00e7\u00e3o no programa de gest\u00e3o de um n\u00famero de gu\u00eda que fosse realizado no d\u00eda.<\/li>\n<\/ul>\n<p>Medidas do m\u00f3vel em mil\u00edmetros 368 x 450 x 440\u00a0 (alto, ancho, profundo).[\/vc_column_text][\/vc_column][\/vc_row]<\/p>\n","protected":false},"excerpt":{"rendered":"<p>[vc_row][vc_column width=&#8221;1\/4&#8243;][vc_wp_custommenu nav_menu=&#8221;17&#8243;][\/vc_column][vc_column width=&#8221;3\/4&#8243;][vc_column_text] Consola botoneira CO-2014 A consola de manobra CO-2014 apresenta um novo conceito na filosofia de controle manual e autom\u00e1tico de uma central de concreto, ja que permite selecionar para cada pulsador o elemento da central a controlar e a s\u00faa forma de trabalho. Para a conex\u00e3o dos distintos elementos da central [&hellip;]<\/p>\n","protected":false},"author":1,"featured_media":0,"parent":1438,"menu_order":0,"comment_status":"closed","ping_status":"closed","template":"","meta":{"footnotes":""},"class_list":["post-1442","page","type-page","status-publish","hentry","invicta_simple_style_entry"],"_links":{"self":[{"href":"https:\/\/www.leca.es\/pt-pt\/wp-json\/wp\/v2\/pages\/1442","targetHints":{"allow":["GET"]}}],"collection":[{"href":"https:\/\/www.leca.es\/pt-pt\/wp-json\/wp\/v2\/pages"}],"about":[{"href":"https:\/\/www.leca.es\/pt-pt\/wp-json\/wp\/v2\/types\/page"}],"author":[{"embeddable":true,"href":"https:\/\/www.leca.es\/pt-pt\/wp-json\/wp\/v2\/users\/1"}],"replies":[{"embeddable":true,"href":"https:\/\/www.leca.es\/pt-pt\/wp-json\/wp\/v2\/comments?post=1442"}],"version-history":[{"count":1,"href":"https:\/\/www.leca.es\/pt-pt\/wp-json\/wp\/v2\/pages\/1442\/revisions"}],"predecessor-version":[{"id":3886,"href":"https:\/\/www.leca.es\/pt-pt\/wp-json\/wp\/v2\/pages\/1442\/revisions\/3886"}],"up":[{"embeddable":true,"href":"https:\/\/www.leca.es\/pt-pt\/wp-json\/wp\/v2\/pages\/1438"}],"wp:attachment":[{"href":"https:\/\/www.leca.es\/pt-pt\/wp-json\/wp\/v2\/media?parent=1442"}],"curies":[{"name":"wp","href":"https:\/\/api.w.org\/{rel}","templated":true}]}}