{"id":1440,"date":"2016-09-07T00:51:38","date_gmt":"2016-09-07T00:51:38","guid":{"rendered":"http:\/\/leca.es\/pt-pt\/?page_id=1440"},"modified":"2017-11-17T10:44:11","modified_gmt":"2017-11-17T10:44:11","slug":"aparelho-cantabria","status":"publish","type":"page","link":"https:\/\/www.leca.es\/pt-pt\/produto-leca\/argamassa\/pesagem-e-automatizacao\/aparelho-cantabria\/","title":{"rendered":"Aparelho Cantabria"},"content":{"rendered":"<p>[vc_row][vc_column width=&#8221;1\/4&#8243;][vc_wp_custommenu nav_menu=&#8221;17&#8243;][vc_separator][\/vc_column][vc_column width=&#8221;3\/4&#8243;][vc_column_text]<\/p>\n<h2>APARELHO DOSIFICADOR E CONTROLADOR DE CENTRAL DE CONCRETO MODELO \u00a0CANTABRIA<\/h2>\n<p>Os aparelhos da serie Cantabria nos seus distintos modelos caraterizam-se por ser totalmente configur\u00e1veis, pelo que n\u00e3o existe dep\u00eandencia t\u00e9cnica entre nosa empresa e o utilizador final para instala-lo em uma central ou simplesmente ampliar o automatismo da mesma.(Acrescentar um cemento, uma agua, um aditivo ou uma amassadora).[\/vc_column_text][vc_row_inner][vc_column_inner width=&#8221;1\/3&#8243;][vc_column_text]<a href=\"\/wp-content\/uploads\/2016\/01\/pesaje-y-automatizacion-controlador-de-planta-hormigon-leca.jpg\" rel=\"lightbox\" data-rel=\"lightbox-image-0\" data-rl_title=\"\" data-rl_caption=\"\"><img decoding=\"async\" title=\"\" src=\"\/wp-content\/uploads\/2016\/01\/pesaje-y-automatizacion-controlador-de-planta-hormigon-leca.jpg\" \/><\/a>[\/vc_column_text][\/vc_column_inner][vc_column_inner width=&#8221;1\/3&#8243;][vc_column_text]<a href=\"\/wp-content\/uploads\/2016\/01\/pesaje-y-automatizacion-gestion-controlador-planta-hormigon-leca-01.jpg\" rel=\"lightbox\" data-rel=\"lightbox-image-1\" data-rl_title=\"\" data-rl_caption=\"\"><img decoding=\"async\" title=\"\" src=\"\/wp-content\/uploads\/2016\/01\/pesaje-y-automatizacion-gestion-controlador-planta-hormigon-leca-01.jpg\" \/><\/a>[\/vc_column_text][\/vc_column_inner][vc_column_inner width=&#8221;1\/3&#8243;][vc_column_text]<a href=\"\/wp-content\/uploads\/2016\/01\/pesaje-y-automatizacion-gestion-controlador-planta-hormigon-leca-02.jpg\" rel=\"lightbox\" data-rel=\"lightbox-image-2\" data-rl_title=\"\" data-rl_caption=\"\"><img decoding=\"async\" title=\"\" src=\"\/wp-content\/uploads\/2016\/01\/pesaje-y-automatizacion-gestion-controlador-planta-hormigon-leca-02.jpg\" \/><\/a>[\/vc_column_text][\/vc_column_inner][\/vc_row_inner][vc_column_text]Qualquer central de concreto incluindo centrais com amassado e\/ou sistema de enchido dos silos de agregados \u00e9 configur\u00e3vel no aparelho.<\/p>\n<p>A configura\u00e7\u00e3o realiza-se empregando o programa Wconfig que entrega-se com o aparelho junto ao programa de sin\u00f3tico e monitoriza\u00e7\u00e3o de central Monit-Plus.<\/p>\n<p>O aparelho Cantabria disp\u00f5e de at\u00e9 oito canais de dosifica\u00e7\u00e3o que podem ser selecionados pelo utilizador mediante o programa Wconfig para trabalhar como balan\u00e7a acumulativa, balan\u00e7a decremental, canal multicontador, ou dosificador volum\u00e9trico.<\/p>\n<p>Cada canal admite a automatiza\u00e7\u00e3o de at\u00e9 doce produtos com controle de carga por ajuste fino de dosifica\u00e7\u00e3o e vibradores independentes por produto com sele\u00e7\u00e3o do caudal m\u00ednimo de carga para iniciar sua ativa\u00e7\u00e3o de forma continua ou intermitente seg\u00fando a sele\u00e7\u00e3o.<\/p>\n<p>Cada canal admite a automatiza\u00e7\u00e3o de at\u00e9 doce produtos com controle de carga por ajuste fino de dosifica\u00e7\u00e3o e vibradores independentes por produto com sele\u00e7\u00e3o do caudal m\u00ednimo de carga para iniciar sua ativa\u00e7\u00e3o de forma continua ou intermitente seg\u00fando a sele\u00e7\u00e3o<\/p>\n<p><a href=\"\/wp-content\/uploads\/2016\/09\/Aparelho-Cantabria-leca.png\" rel=\"lightbox\" data-rel=\"lightbox-image-3\" data-rl_title=\"\" data-rl_caption=\"\"><img loading=\"lazy\" decoding=\"async\" class=\" wp-image-2974 alignright\" title=\"\" src=\"\/wp-content\/uploads\/2016\/09\/Aparelho-Cantabria-leca-300x201.png\" alt=\"\" width=\"281\" height=\"188\" \/><\/a>O aparelho pode trabalhar de modo aut\u00f3nomo ou conetado a programa de gest\u00e3o. No modo aut\u00f3nomo pode conetar -se uma impressora e\/ou um teclado tipo PS2 atrav\u00e9s do mod\u00falo CIEX 2016 para a impress\u00e3o dos consumos de carga. Estes consumos som guardados no M\u00f3dulo CIEX e podem ser exportados a USB.<\/p>\n<p>No aparelho se podem programar at\u00e9 9 peti\u00e7\u00f5es de argamassa que inclui formula e numero de amassadas de tal jeito que n\u00e3 \u00e9 necessario operar sobre o aparelho para realizar a argamassa.<\/p>\n<p><a href=\"\/wp-content\/uploads\/2016\/01\/gestion-controlador-cantabria-leca-automatizacion-IO.png\" rel=\"lightbox\" data-rel=\"lightbox-image-4\" data-rl_title=\"\" data-rl_caption=\"\"><img loading=\"lazy\" decoding=\"async\" class=\"alignleft\" title=\"\" src=\"\/wp-content\/uploads\/2016\/01\/gestion-controlador-cantabria-leca-automatizacion-IO-300x163.png\" width=\"277\" height=\"151\" \/><\/a>Em instala\u00e7\u00f5es onde pela quantidade de elementos a controlar se necessitem mais de 24 entradas ou 32 saidas como oferece o aparelho CANTABRIA, o aparelho \u00e9 ampli\u00e1vel mediante os m\u00f3dulos externos I\/O.<\/p>\n<p><strong>MEC-200<\/strong> &#8211; Modulo de 32 entradas.<br \/>\n<strong>MSC-200<\/strong> \u2013 m\u00f3dulo de 16 saidas.<\/p>\n<p><a href=\"\/wp-content\/uploads\/2016\/06\/control-equipo-cantabria-leca-modulos.png\" rel=\"lightbox\" data-rel=\"lightbox-image-5\" data-rl_title=\"\" data-rl_caption=\"\" title=\"\">\u00a0<\/a>[\/vc_column_text][vc_text_separator title=&#8221;Caracter\u00edsticas&#8221; title_align=&#8221;separator_align_left&#8221;][vc_column_text]<\/p>\n<ul>\n<li>De quatro a seis canais de dosifica\u00e7\u00e3o selecionaveis segundo modelo como balan\u00e7a acumulativa, balan\u00e7a decremental, canal multicontador, ou dosificador volum\u00e9trico.<\/li>\n<li>Seis produtos com controle de carga com ajuste fino de dosifica\u00e7\u00e3o.<\/li>\n<li>Vibradores independentes por produto e balan\u00e7a com ativa\u00e7\u00e3o autom\u00e1tica em fun\u00e7\u00e3o do caudal de carga.<\/li>\n<li>Automatiza\u00e7\u00e3o do processo de amassado e descarga da mesma com duas comportas de descarga cada uma<\/li>\n<li>Nove peti\u00e7\u00f5es de fabrica\u00e7\u00e3o remotas.<\/li>\n<li>Forma de trabalho com ou sem programa de gest\u00e3o conetado.<\/li>\n<li>Conex\u00e3o com programa de gest\u00e3o MorterWin<\/li>\n<li>Em aut\u00f3nomo, Gest\u00e3o e impress\u00e3o de consumos. Exporta\u00e7\u00e3o de Guias e consumos. Importa\u00e7\u00e3o de Dados. (Necessita o m\u00f3dulo de gest\u00e3o CIEX-2016)<\/li>\n<\/ul>\n<p>[\/vc_column_text][\/vc_column][\/vc_row]<\/p>\n","protected":false},"excerpt":{"rendered":"<p>[vc_row][vc_column width=&#8221;1\/4&#8243;][vc_wp_custommenu nav_menu=&#8221;17&#8243;][vc_separator][\/vc_column][vc_column width=&#8221;3\/4&#8243;][vc_column_text] APARELHO DOSIFICADOR E CONTROLADOR DE CENTRAL DE CONCRETO MODELO \u00a0CANTABRIA Os aparelhos da serie Cantabria nos seus distintos modelos caraterizam-se por ser totalmente configur\u00e1veis, pelo que n\u00e3o existe dep\u00eandencia t\u00e9cnica entre nosa empresa e o utilizador final para instala-lo em uma central ou simplesmente ampliar o automatismo da mesma.(Acrescentar um cemento, [&hellip;]<\/p>\n","protected":false},"author":13,"featured_media":0,"parent":1438,"menu_order":0,"comment_status":"closed","ping_status":"closed","template":"","meta":{"footnotes":""},"class_list":["post-1440","page","type-page","status-publish","hentry","invicta_simple_style_entry"],"_links":{"self":[{"href":"https:\/\/www.leca.es\/pt-pt\/wp-json\/wp\/v2\/pages\/1440","targetHints":{"allow":["GET"]}}],"collection":[{"href":"https:\/\/www.leca.es\/pt-pt\/wp-json\/wp\/v2\/pages"}],"about":[{"href":"https:\/\/www.leca.es\/pt-pt\/wp-json\/wp\/v2\/types\/page"}],"author":[{"embeddable":true,"href":"https:\/\/www.leca.es\/pt-pt\/wp-json\/wp\/v2\/users\/13"}],"replies":[{"embeddable":true,"href":"https:\/\/www.leca.es\/pt-pt\/wp-json\/wp\/v2\/comments?post=1440"}],"version-history":[{"count":2,"href":"https:\/\/www.leca.es\/pt-pt\/wp-json\/wp\/v2\/pages\/1440\/revisions"}],"predecessor-version":[{"id":4052,"href":"https:\/\/www.leca.es\/pt-pt\/wp-json\/wp\/v2\/pages\/1440\/revisions\/4052"}],"up":[{"embeddable":true,"href":"https:\/\/www.leca.es\/pt-pt\/wp-json\/wp\/v2\/pages\/1438"}],"wp:attachment":[{"href":"https:\/\/www.leca.es\/pt-pt\/wp-json\/wp\/v2\/media?parent=1440"}],"curies":[{"name":"wp","href":"https:\/\/api.w.org\/{rel}","templated":true}]}}