{"id":1433,"date":"2016-09-07T00:16:38","date_gmt":"2016-09-07T00:16:38","guid":{"rendered":"http:\/\/leca.es\/pt-pt\/?page_id=1433"},"modified":"2017-11-15T18:25:52","modified_gmt":"2017-11-15T18:25:52","slug":"programa-prefwin","status":"publish","type":"page","link":"https:\/\/www.leca.es\/pt-pt\/produto-leca\/prefabricados\/gestao-central\/programa-prefwin\/","title":{"rendered":"Programa PrefWin"},"content":{"rendered":"<p>[vc_row][vc_column width=&#8221;1\/4&#8243;][vc_wp_custommenu nav_menu=&#8221;21&#8243;][\/vc_column][vc_column width=&#8221;3\/4&#8243;][vc_column_text]O programa Pref-Win, junto ao aparelho dosificador Cantabria forma um potente conjunto que permite a gest\u00e3o e automatiza\u00e7\u00e3o de qualquer central de prefabricados por complexa que esta seja.<\/p>\n<p><a href=\"\/wp-content\/uploads\/2016\/06\/gestion-de-planta-programa-prefwin-leca.png\" rel=\"lightbox\" data-rel=\"lightbox-image-0\" data-rl_title=\"\" data-rl_caption=\"\"><img loading=\"lazy\" decoding=\"async\" class=\"size-full aligncenter\" title=\"\" src=\"\/wp-content\/uploads\/2016\/06\/gestion-de-planta-programa-prefwin-leca.png\" width=\"594\" height=\"445\" \/><\/a><\/p>\n<p><a href=\"\/wp-content\/uploads\/2016\/06\/gestion-de-planta-programa-prefwin-leca-diagrama.png\" rel=\"lightbox\" data-rel=\"lightbox-image-1\" data-rl_title=\"\" data-rl_caption=\"\"><img loading=\"lazy\" decoding=\"async\" class=\"size-full aligncenter\" title=\"\" src=\"\/wp-content\/uploads\/2016\/06\/gestion-de-planta-programa-prefwin-leca-diagrama.png\" width=\"513\" height=\"250\" \/><\/a><\/p>\n<p>O programa Pref-Win gestiona a umidade dos agregados de maneira manual ou mediante sondas de umidade com o que se garantiza um volume constante na dosifica\u00e7\u00e3o dos agregados e uma rela\u00e7\u00e3o agua cimento sem varia\u00e7\u00f5es apreciaveis.<br \/>\nPode tamb\u00e9m instalar-se uma sonda de umidade na amassadora dando junto com as de agregados uma rela\u00e7\u00e3o agua cimento sem varia\u00e7\u00f5es<br \/>\n.<\/p>\n<p><a href=\"\/wp-content\/uploads\/2016\/01\/pesaje-y-automatizacion-modulo-de-red-leca.png\" rel=\"lightbox\" data-rel=\"lightbox-image-2\" data-rl_title=\"\" data-rl_caption=\"\"><img decoding=\"async\" class=\"alignleft\" title=\"\" src=\"\/wp-content\/uploads\/2016\/01\/pesaje-y-automatizacion-modulo-de-red-leca.png\" width=\"300\" \/><\/a><\/p>\n<p>Para a conex\u00e3o das sondas ao programa Pref-Win utiliza-se o m\u00f3dulo de conex\u00e3o MCR- 2008 que permite ademais a conex\u00e3o do aparelho dosificador Cantabria. A saida de Rede Ethernet do m\u00f3dulo MCR- 2008 permite ver todos os perif\u00e9ricos em remoto (Inclusive o aparelho Cantabria) e pelo tanto conetar o computador em qualquer lugar no que exista uma conex\u00e3o de rede.<\/p>\n<p>As entradas de peti\u00e7\u00f5es externas e o transporte de concreto at\u00e9 o posto de trabalho completam a automatiza\u00e7\u00e3o da central de concreto.<\/p>\n<p>O programa disp\u00f5e de um gerador de listagens e exportador de dados configuravel pelo utilizador que permite extraer do programa os dados que sejam considerados necessarios para seu tratamento<\/p>\n<h2>Outras carater\u00edsticas<\/h2>\n<ul>\n<li>Sin\u00f3tico animado em ecr\u00e1 configuravel pelo utilizador.<\/li>\n<li>Visualiza\u00e7\u00e3o em sin\u00f3tico de tabela de consumos e erros ciclo a ciclo.<\/li>\n<li>Gest\u00e3o manual e autom\u00e1tica da umidade dos agregados com corre\u00e7\u00e3o do peso dos componentes.<\/li>\n<li>Indica\u00e7\u00f5es visuais do estado das peti\u00e7\u00f5es remotas. Peti\u00e7\u00e3o solicitada, em fabrica\u00e7\u00e3o, servindo.<\/li>\n<li>Peti\u00e7\u00f5es de concreto por posto ou n\u00edvel , por rato sobre o \u00edcone no ecr\u00e1 ou por planning de produ\u00e7\u00e3o.<\/li>\n<li>Alarmes para controle dos processos de automatiza\u00e7\u00e3o.<\/li>\n<li>Informe de consumos por amassada.<\/li>\n<li>Gestor de listagens que permite ao utilizador \u00a0a configura\u00e7\u00e3o dos mesmos.<\/li>\n<li>Gest\u00e3o completa da produ\u00e7\u00e3o (materias-primas, fornecedores, transportistas, f\u00f3rmulas, resume de cargas,)..<\/li>\n<li>Controle manuten\u00e7\u00e3o da central.<\/li>\n<li>Controle de utilizadores mediante chave de acesso.<\/li>\n<li>Exporta\u00e7\u00e3o configur\u00e1vel dos dados da \u00a0informa\u00e7\u00e3o gestionada.<\/li>\n<\/ul>\n<p>[\/vc_column_text][\/vc_column][\/vc_row]<\/p>\n","protected":false},"excerpt":{"rendered":"<p>[vc_row][vc_column width=&#8221;1\/4&#8243;][vc_wp_custommenu nav_menu=&#8221;21&#8243;][\/vc_column][vc_column width=&#8221;3\/4&#8243;][vc_column_text]O programa Pref-Win, junto ao aparelho dosificador Cantabria forma um potente conjunto que permite a gest\u00e3o e automatiza\u00e7\u00e3o de qualquer central de prefabricados por complexa que esta seja. O programa Pref-Win gestiona a umidade dos agregados de maneira manual ou mediante sondas de umidade com o que se garantiza um volume constante [&hellip;]<\/p>\n","protected":false},"author":1,"featured_media":0,"parent":1451,"menu_order":0,"comment_status":"closed","ping_status":"closed","template":"","meta":{"footnotes":""},"class_list":["post-1433","page","type-page","status-publish","hentry","invicta_simple_style_entry"],"_links":{"self":[{"href":"https:\/\/www.leca.es\/pt-pt\/wp-json\/wp\/v2\/pages\/1433","targetHints":{"allow":["GET"]}}],"collection":[{"href":"https:\/\/www.leca.es\/pt-pt\/wp-json\/wp\/v2\/pages"}],"about":[{"href":"https:\/\/www.leca.es\/pt-pt\/wp-json\/wp\/v2\/types\/page"}],"author":[{"embeddable":true,"href":"https:\/\/www.leca.es\/pt-pt\/wp-json\/wp\/v2\/users\/1"}],"replies":[{"embeddable":true,"href":"https:\/\/www.leca.es\/pt-pt\/wp-json\/wp\/v2\/comments?post=1433"}],"version-history":[{"count":1,"href":"https:\/\/www.leca.es\/pt-pt\/wp-json\/wp\/v2\/pages\/1433\/revisions"}],"predecessor-version":[{"id":3984,"href":"https:\/\/www.leca.es\/pt-pt\/wp-json\/wp\/v2\/pages\/1433\/revisions\/3984"}],"up":[{"embeddable":true,"href":"https:\/\/www.leca.es\/pt-pt\/wp-json\/wp\/v2\/pages\/1451"}],"wp:attachment":[{"href":"https:\/\/www.leca.es\/pt-pt\/wp-json\/wp\/v2\/media?parent=1433"}],"curies":[{"name":"wp","href":"https:\/\/api.w.org\/{rel}","templated":true}]}}