{"id":1429,"date":"2016-09-06T23:53:29","date_gmt":"2016-09-06T23:53:29","guid":{"rendered":"http:\/\/leca.es\/pt-pt\/?page_id=1429"},"modified":"2017-11-15T18:27:56","modified_gmt":"2017-11-15T18:27:56","slug":"balanca-de-aditivos-bascaditive","status":"publish","type":"page","link":"https:\/\/www.leca.es\/pt-pt\/produto-leca\/prefabricados\/pesagem-colorantes\/balanca-de-aditivos-bascaditive\/","title":{"rendered":"Balan\u00e7a de aditivos BASCADITIVE"},"content":{"rendered":"<p>[vc_row][vc_column width=&#8221;1\/4&#8243;][vc_wp_custommenu nav_menu=&#8221;20&#8243;][\/vc_column][vc_column width=&#8221;3\/4&#8243;][vc_column_text]<\/p>\n<h2>Balan\u00e7a para aditivo em p\u00f3 BASCADITIVE<\/h2>\n<p>Este desenho elaborado pela nossa empresa oferece a possibilidade de dosar dois ou quatro aditivos em p\u00f3 segundo o modelo, mediante alimentador electromagn\u00e9tico, com ajuste groso e fino de velocidade de dosifica\u00e7\u00e3o. Cada tolva tem um volume de 30 dm3 (litros) e disp\u00f5e de um vibrador electromagn\u00e9tico regul\u00e1vel em intensidade para facilitar a dosifica\u00e7\u00e3o do produto.<\/p>\n<p>A balan\u00e7a \u00a0de aditivo, que tem um volume de 17 dm3 (litros), est\u00e1 pousada sobre 2 c\u00e9lulas de carga e a descarga se realiza mediante electrov\u00e1lvula tipo KL de duplo efeito<\/p>\n<p>A estrutura met\u00e1lica do chassis \u00e9 de aceiro ao carbono revestido de uma imprima\u00e7\u00e3o e uma capa final RAIL para sua boa \u00a0conserva\u00e7\u00e3o. Disp\u00f5e de um suporte base ao fim de cada pata para fixa-lo sobre uma plataforma est\u00e1vel, ao igual que oferece a posibilidade de uni-lo \u00e1 estrutura da central.<\/p>\n<p><a href=\"\/wp-content\/uploads\/2016\/06\/bascula-de-aditivos-leca-pesaje.jpg\" rel=\"lightbox\" data-rel=\"lightbox-image-0\" data-rl_title=\"\" data-rl_caption=\"\"><img decoding=\"async\" class=\"aligncenter\" title=\"\" src=\"\/wp-content\/uploads\/2016\/06\/bascula-de-aditivos-leca-pesaje.jpg\" width=\"640\" \/><\/a><\/p>\n<p><strong>MODELOS:<\/strong><br \/>\nBASCULADITIVE A2 para dois aditivos<br \/>\nBASCULADITIVE A4 para quatro aditivos<br \/>\n[\/vc_column_text][\/vc_column][\/vc_row]<\/p>\n","protected":false},"excerpt":{"rendered":"<p>[vc_row][vc_column width=&#8221;1\/4&#8243;][vc_wp_custommenu nav_menu=&#8221;20&#8243;][\/vc_column][vc_column width=&#8221;3\/4&#8243;][vc_column_text] Balan\u00e7a para aditivo em p\u00f3 BASCADITIVE Este desenho elaborado pela nossa empresa oferece a possibilidade de dosar dois ou quatro aditivos em p\u00f3 segundo o modelo, mediante alimentador electromagn\u00e9tico, com ajuste groso e fino de velocidade de dosifica\u00e7\u00e3o. Cada tolva tem um volume de 30 dm3 (litros) e disp\u00f5e de um [&hellip;]<\/p>\n","protected":false},"author":1,"featured_media":0,"parent":1427,"menu_order":0,"comment_status":"closed","ping_status":"closed","template":"","meta":{"footnotes":""},"class_list":["post-1429","page","type-page","status-publish","hentry","invicta_simple_style_entry"],"_links":{"self":[{"href":"https:\/\/www.leca.es\/pt-pt\/wp-json\/wp\/v2\/pages\/1429","targetHints":{"allow":["GET"]}}],"collection":[{"href":"https:\/\/www.leca.es\/pt-pt\/wp-json\/wp\/v2\/pages"}],"about":[{"href":"https:\/\/www.leca.es\/pt-pt\/wp-json\/wp\/v2\/types\/page"}],"author":[{"embeddable":true,"href":"https:\/\/www.leca.es\/pt-pt\/wp-json\/wp\/v2\/users\/1"}],"replies":[{"embeddable":true,"href":"https:\/\/www.leca.es\/pt-pt\/wp-json\/wp\/v2\/comments?post=1429"}],"version-history":[{"count":1,"href":"https:\/\/www.leca.es\/pt-pt\/wp-json\/wp\/v2\/pages\/1429\/revisions"}],"predecessor-version":[{"id":3912,"href":"https:\/\/www.leca.es\/pt-pt\/wp-json\/wp\/v2\/pages\/1429\/revisions\/3912"}],"up":[{"embeddable":true,"href":"https:\/\/www.leca.es\/pt-pt\/wp-json\/wp\/v2\/pages\/1427"}],"wp:attachment":[{"href":"https:\/\/www.leca.es\/pt-pt\/wp-json\/wp\/v2\/media?parent=1429"}],"curies":[{"name":"wp","href":"https:\/\/api.w.org\/{rel}","templated":true}]}}