{"id":1425,"date":"2016-09-06T23:49:30","date_gmt":"2016-09-06T23:49:30","guid":{"rendered":"http:\/\/leca.es\/pt-pt\/?page_id=1425"},"modified":"2017-11-17T11:44:29","modified_gmt":"2017-11-17T11:44:29","slug":"celulas-e-contadores","status":"publish","type":"page","link":"https:\/\/www.leca.es\/pt-pt\/produto-leca\/prefabricados\/pesagem-e-automatizacao\/celulas-e-contadores\/","title":{"rendered":"Celulas e contadores"},"content":{"rendered":"<p>[vc_row][vc_column width=&#8221;1\/4&#8243;][vc_wp_custommenu nav_menu=&#8221;19&#8243;][vc_separator][\/vc_column][vc_column width=&#8221;3\/4&#8243;][vc_text_separator title=&#8221;Celulas de carga&#8221; title_align=&#8221;separator_align_left&#8221;][vc_row_inner][vc_column_inner width=&#8221;1\/2&#8243;][vc_column_text]<strong>Campos de aplica\u00e7\u00e3o<\/strong><\/p>\n<ul>\n<li>Todo Tipo de tolvas pesadoras.<\/li>\n<\/ul>\n<p><strong>Caracter\u00edsticas T\u00e9cnicas<\/strong><\/p>\n<ul>\n<li>Alimenta\u00e7\u00e3o\u00a0max. 15 Vols. C.C.<\/li>\n<li>Sensibilidade\u00a02 mv. \/ V.<\/li>\n<li>Sa\u00edda\u00a0m\u00e1xima 25Mv.<\/li>\n<li>Resist\u00eancia\u00a0entrada\/Sa\u00edda372 \/ 350 Ohms.<\/li>\n<li>Rotura c\u00e9lulas 400 % C.N.<\/li>\n<\/ul>\n<p>[\/vc_column_text][\/vc_column_inner][vc_column_inner width=&#8221;1\/2&#8243;][vc_single_image image=&#8221;4063&#8243; img_size=&#8221;full&#8221; css_animation=&#8221;left-to-right&#8221; border_color=&#8221;grey&#8221; img_link_target=&#8221;_self&#8221;][\/vc_column_inner][\/vc_row_inner][vc_column_text]<strong>Modelos<\/strong><\/p>\n<ul>\n<li><strong>CCFULL<\/strong>.- C\u00e9lulas de carga tipo fole para capacidades de pesagem de 30 a 1500 Kilogramos.<\/li>\n<li><strong>TL1<\/strong>.- C\u00e9lulas de carga de tipo prism\u00e1tico para capacidades de pesagem de 300, 500 e 1000 Kilogramos.<\/li>\n<li><strong>TL2<\/strong>.- C\u00e9lulas de carga de tipo prism\u00e1tico para capacidades de pesagem de 2000, 3000 e 5000 Kilogramos.<\/li>\n<\/ul>\n<p>[\/vc_column_text][vc_text_separator title=&#8221;Contadores de L\u00edquidos&#8221; title_align=&#8221;separator_align_left&#8221;][vc_row_inner][vc_column_inner width=&#8221;1\/2&#8243;][vc_column_text]<strong>Campos de aplica\u00e7\u00e3o<\/strong><\/p>\n<ul>\n<li>Todo tipo de instala\u00e7\u00f5es onde se precise contar l\u00edquidos.<\/li>\n<\/ul>\n<p><strong>Caracter\u00edsticas T\u00e9cnicas<\/strong><\/p>\n<ul>\n<li>Contadores para varios tipos de l\u00edquidos com resolu\u00e7\u00f5es desde 0,01 Imp. \/litro at\u00e9 100 Imp. \/litro e se\u00e7\u00f5es desde 1\/4\u201d a 4\u201d.<\/li>\n<\/ul>\n<p>[\/vc_column_text][\/vc_column_inner][vc_column_inner width=&#8221;1\/2&#8243;][vc_single_image image=&#8221;4057&#8243; img_size=&#8221;full&#8221; border_color=&#8221;grey&#8221; img_link_target=&#8221;_self&#8221;][\/vc_column_inner][\/vc_row_inner][\/vc_column][\/vc_row]<\/p>\n","protected":false},"excerpt":{"rendered":"<p>[vc_row][vc_column width=&#8221;1\/4&#8243;][vc_wp_custommenu nav_menu=&#8221;19&#8243;][vc_separator][\/vc_column][vc_column width=&#8221;3\/4&#8243;][vc_text_separator title=&#8221;Celulas de carga&#8221; title_align=&#8221;separator_align_left&#8221;][vc_row_inner][vc_column_inner width=&#8221;1\/2&#8243;][vc_column_text]Campos de aplica\u00e7\u00e3o Todo Tipo de tolvas pesadoras. Caracter\u00edsticas T\u00e9cnicas Alimenta\u00e7\u00e3o\u00a0max. 15 Vols. C.C. Sensibilidade\u00a02 mv. \/ V. Sa\u00edda\u00a0m\u00e1xima 25Mv. Resist\u00eancia\u00a0entrada\/Sa\u00edda372 \/ 350 Ohms. Rotura c\u00e9lulas 400 % C.N. [\/vc_column_text][\/vc_column_inner][vc_column_inner width=&#8221;1\/2&#8243;][vc_single_image image=&#8221;4063&#8243; img_size=&#8221;full&#8221; css_animation=&#8221;left-to-right&#8221; border_color=&#8221;grey&#8221; img_link_target=&#8221;_self&#8221;][\/vc_column_inner][\/vc_row_inner][vc_column_text]Modelos CCFULL.- C\u00e9lulas de carga tipo fole para capacidades de pesagem de [&hellip;]<\/p>\n","protected":false},"author":13,"featured_media":0,"parent":1412,"menu_order":0,"comment_status":"closed","ping_status":"closed","template":"","meta":{"footnotes":""},"class_list":["post-1425","page","type-page","status-publish","hentry","invicta_simple_style_entry"],"_links":{"self":[{"href":"https:\/\/www.leca.es\/pt-pt\/wp-json\/wp\/v2\/pages\/1425","targetHints":{"allow":["GET"]}}],"collection":[{"href":"https:\/\/www.leca.es\/pt-pt\/wp-json\/wp\/v2\/pages"}],"about":[{"href":"https:\/\/www.leca.es\/pt-pt\/wp-json\/wp\/v2\/types\/page"}],"author":[{"embeddable":true,"href":"https:\/\/www.leca.es\/pt-pt\/wp-json\/wp\/v2\/users\/13"}],"replies":[{"embeddable":true,"href":"https:\/\/www.leca.es\/pt-pt\/wp-json\/wp\/v2\/comments?post=1425"}],"version-history":[{"count":3,"href":"https:\/\/www.leca.es\/pt-pt\/wp-json\/wp\/v2\/pages\/1425\/revisions"}],"predecessor-version":[{"id":4069,"href":"https:\/\/www.leca.es\/pt-pt\/wp-json\/wp\/v2\/pages\/1425\/revisions\/4069"}],"up":[{"embeddable":true,"href":"https:\/\/www.leca.es\/pt-pt\/wp-json\/wp\/v2\/pages\/1412"}],"wp:attachment":[{"href":"https:\/\/www.leca.es\/pt-pt\/wp-json\/wp\/v2\/media?parent=1425"}],"curies":[{"name":"wp","href":"https:\/\/api.w.org\/{rel}","templated":true}]}}