{"id":1419,"date":"2016-09-06T23:38:11","date_gmt":"2016-09-06T23:38:11","guid":{"rendered":"http:\/\/leca.es\/pt-pt\/?page_id=1419"},"modified":"2017-11-15T18:27:56","modified_gmt":"2017-11-15T18:27:56","slug":"dosificador-agua-por-medicao-da-umidade-do-concreto","status":"publish","type":"page","link":"https:\/\/www.leca.es\/pt-pt\/produto-leca\/prefabricados\/pesagem-e-automatizacao\/dosificador-agua-por-medicao-da-umidade-do-concreto\/","title":{"rendered":"Dosificador agua por medi\u00e7\u00e3o da umidade do concreto."},"content":{"rendered":"<p>[vc_row][vc_column width=&#8221;1\/4&#8243;][vc_wp_custommenu nav_menu=&#8221;19&#8243;][\/vc_column][vc_column width=&#8221;3\/4&#8243;][vc_column_text]<\/p>\n<h2>Aparelho \u00a0dosificador de agua MHA-2008<\/h2>\n<h3><\/h3>\n<p><a href=\"\/wp-content\/uploads\/2016\/06\/Equipo_dosificador_de_agua_MHA-2008-1.png\" rel=\"lightbox\" data-rel=\"lightbox-image-0\" data-rl_title=\"\" data-rl_caption=\"\"><img decoding=\"async\" class=\"size-full alignleft\" title=\"\" src=\"\/wp-content\/uploads\/2016\/06\/Equipo_dosificador_de_agua_MHA-2008-1.png\" width=\"320\" \/><\/a>O aparelho MHA-2008 est\u00e1 pensado para realizar dosifica\u00e7\u00e3o autom\u00e1tica da agua para concretos secos mediante a leitura da umidade da massa por meio de sonda de microondas instalada na \u00a0 amassadora..<\/p>\n<p>A dosifica\u00e7\u00e3o de agua se faz mediante o emprego \u00a0de um m\u00e1ximo de duas v\u00e1lvulas de agua em pulsos regulaveis em fun\u00e7\u00e3o da dist\u00e2ncia do ponto \u00a0de umidade da masa desejada.<\/p>\n<p>Disp\u00f5e de uma entrada de confirma\u00e7\u00e3o de descarga de agregados em amassadora e outra \u00a0de descarga de cimento.<\/p>\n<p>O aparelho pode realizar uma dosifica\u00e7\u00e3o de agua inicial com uma \u00a0quantidade \u00a0em litros \u00a0fixa cuja miss\u00e3o \u00e9 umedecer a massa de concreto. Posteriormente se faz um amassado, para realizar a continua\u00e7\u00e3o a dosifica\u00e7\u00e3o de agua \u00a0e o amassado final.<\/p>\n<p>Para adaptar-se ao automatismo instalado foi prevista uma saida \u00a0de bloqueo de descarga da amassadora e outra de indica\u00e7\u00e3o de fim de ciclo e entradas de confirma\u00e7\u00e3o de descarga de agregados e cimento na amassadora.<\/p>\n<p>O aparelho disp\u00f5e de uma memoria para 99 formulas e tres modos de funcionamento e quatro peti\u00e7\u00f5es externas programaveis para a actua\u00e7\u00e3o do aparelho em remoto.<\/p>\n<p>O aparelho pode trabalhar em quatro modos de trabalho:<\/p>\n<p><strong>Modo 1.- Dosifica\u00e7\u00e3o por sonda\u00a0<\/strong><\/p>\n<p>Uma vez detetada pelo aparelho a descarga de agregados e cimento e despois da realiza\u00e7\u00e3o de um tempo de pre &#8211; amassado, se produz a dosifica\u00e7\u00e3o de agua at\u00e9 conseguir a umidade selecionada na formula.<\/p>\n<p>&nbsp;<\/p>\n<p><strong>Modo 2.-\u00a0Dosifica\u00e7\u00e3o por sonda e contador\u00a0<\/strong><\/p>\n<p>O aparelho realiza certo n\u00famero de ciclos em modo dosifica\u00e7\u00e3o por sonda, as quantidades de agua dosificada s\u00e3o memorizadas, se estas quantidades de agua permanecem entre umas toler\u00e2ncias prefixadas, se busca o valor de dosifica\u00e7\u00e3o meio de agua destes ciclos,<\/p>\n<p>Com a quantidade de agua calculada se faz um n\u00famero de ciclos prefixados, uma vez terminados estes ciclos volta-se a buscar a agua mediante uns ciclos por dosifica\u00e7\u00e3o por sonda<\/p>\n<p><span style=\"line-height: 1.5;\">.<\/span><strong>Modo 3.- Dosifica\u00e7\u00e3o rela\u00e7\u00e3o A\/C\u00a0<\/strong><\/p>\n<p>O aparelho \u00a0realiza um c\u00e1lculo de agua a dosificar com os dados \u00a0da f\u00f3rmula e a \u00a0 medi\u00e7\u00e3o da sonda no processo de preamassado e dosifica a agua de maneira continua. Ao finalizar a dosifica\u00e7\u00e3o do amassado se procede a comprovar a rela\u00e7\u00e3o A\/C obtida<\/p>\n<p><strong>Modo 4.- Dosifica\u00e7\u00e3o Rela\u00e7\u00e3o A\/C e contador\u00a0<\/strong><\/p>\n<p>Se fazem certo n\u00famero de ciclos em modo dosifica\u00e7\u00e3o rela\u00e7\u00e3o A\/C, as quantidades de agua dosificada s\u00e3o memorizadas, se estas quantidades de agua permanecem entre umas toler\u00e2ncias prefixadas se busca o valor de dosifica\u00e7\u00e3o meio de agua de estes ciclos, em caso contrario volta-se a buscar um agua meia.<br \/>\nSe fazem um n\u00famero de ciclos prefixados de dosifica\u00e7\u00e3o te\u00f3rica com o valor de dosifica\u00e7\u00e3o meio de agua, uma vez terminados estes ciclos volta-se a buscar a agua mediante uns ciclos por dosifica\u00e7\u00e3o rela\u00e7\u00e3o A\/C<\/p>\n<p>\u2022 Leitura continua de Umidade da massa.<br \/>\n\u2022 Ajuste externo do indicador.<br \/>\n\u2022 Quatro pre-selec\u00f5es de dosifica\u00e7\u00e3o de agua<br \/>\n\u2022 Quatro peti\u00e7\u00f5es remotas<br \/>\n\u2022 Ajuste fino da quantidade de agua a dosificar<br \/>\n\u2022 Quadro visualizador atrav\u00e9s de display LCD<\/p>\n<p>[\/vc_column_text][\/vc_column][\/vc_row]<\/p>\n","protected":false},"excerpt":{"rendered":"<p>[vc_row][vc_column width=&#8221;1\/4&#8243;][vc_wp_custommenu nav_menu=&#8221;19&#8243;][\/vc_column][vc_column width=&#8221;3\/4&#8243;][vc_column_text] Aparelho \u00a0dosificador de agua MHA-2008 O aparelho MHA-2008 est\u00e1 pensado para realizar dosifica\u00e7\u00e3o autom\u00e1tica da agua para concretos secos mediante a leitura da umidade da massa por meio de sonda de microondas instalada na \u00a0 amassadora.. A dosifica\u00e7\u00e3o de agua se faz mediante o emprego \u00a0de um m\u00e1ximo de duas v\u00e1lvulas [&hellip;]<\/p>\n","protected":false},"author":1,"featured_media":0,"parent":1412,"menu_order":0,"comment_status":"closed","ping_status":"closed","template":"","meta":{"footnotes":""},"class_list":["post-1419","page","type-page","status-publish","hentry","invicta_simple_style_entry"],"_links":{"self":[{"href":"https:\/\/www.leca.es\/pt-pt\/wp-json\/wp\/v2\/pages\/1419","targetHints":{"allow":["GET"]}}],"collection":[{"href":"https:\/\/www.leca.es\/pt-pt\/wp-json\/wp\/v2\/pages"}],"about":[{"href":"https:\/\/www.leca.es\/pt-pt\/wp-json\/wp\/v2\/types\/page"}],"author":[{"embeddable":true,"href":"https:\/\/www.leca.es\/pt-pt\/wp-json\/wp\/v2\/users\/1"}],"replies":[{"embeddable":true,"href":"https:\/\/www.leca.es\/pt-pt\/wp-json\/wp\/v2\/comments?post=1419"}],"version-history":[{"count":1,"href":"https:\/\/www.leca.es\/pt-pt\/wp-json\/wp\/v2\/pages\/1419\/revisions"}],"predecessor-version":[{"id":3907,"href":"https:\/\/www.leca.es\/pt-pt\/wp-json\/wp\/v2\/pages\/1419\/revisions\/3907"}],"up":[{"embeddable":true,"href":"https:\/\/www.leca.es\/pt-pt\/wp-json\/wp\/v2\/pages\/1412"}],"wp:attachment":[{"href":"https:\/\/www.leca.es\/pt-pt\/wp-json\/wp\/v2\/media?parent=1419"}],"curies":[{"name":"wp","href":"https:\/\/api.w.org\/{rel}","templated":true}]}}