{"id":1416,"date":"2016-09-02T04:18:40","date_gmt":"2016-09-02T04:18:40","guid":{"rendered":"http:\/\/leca.es\/pt-pt\/?page_id=1416"},"modified":"2017-11-15T18:27:33","modified_gmt":"2017-11-15T18:27:33","slug":"mch-2005-dosificador-agua-por-leitura-da-consistencia-do-concreto","status":"publish","type":"page","link":"https:\/\/www.leca.es\/pt-pt\/produto-leca\/prefabricados\/pesagem-e-automatizacao\/mch-2005-dosificador-agua-por-leitura-da-consistencia-do-concreto\/","title":{"rendered":"MCH-2005 Dosificador agua por leitura da consist\u00eancia do concreto"},"content":{"rendered":"<p>[vc_row][vc_column width=&#8221;1\/4&#8243;][vc_wp_custommenu nav_menu=&#8221;19&#8243;][\/vc_column][vc_column width=&#8221;3\/4&#8243;][vc_column_text]<\/p>\n<h2>Aparelho dosificador autom\u00e1tico de agua MCH-2005<\/h2>\n<h3><\/h3>\n<p><a href=\"\/wp-content\/uploads\/2016\/06\/Equipo_Dosificador_agua_MCH-2005_LECA.jpg\" rel=\"lightbox\" data-rel=\"lightbox-image-0\" data-rl_title=\"\" data-rl_caption=\"\"><img loading=\"lazy\" decoding=\"async\" class=\"size-full alignleft\" title=\"\" src=\"\/wp-content\/uploads\/2016\/06\/Equipo_Dosificador_agua_MCH-2005_LECA.jpg\" width=\"232\" height=\"130\" \/><\/a>O aparelho MHC-2005, est\u00e1 pensado para realizar a dosifica\u00e7\u00e3o autom\u00e1tica de agua para concretos superiores a cono cinco mediante a leitura da potencia consumida pela amassadora por meio da utiliza\u00e7\u00e3o de um micro vat\u00edmetro de alta precis\u00e3o.<\/p>\n<p>A dosifica\u00e7\u00e3o de agua se faz mediante o emprego \u00a0de \u00a0uma v\u00e1lvula de agua com conex\u00e3o a pulsos regulaveis e quatro \u00a0intervalos de mudan\u00e7a de dura\u00e7\u00e3o da amplitude do pulso de dosifica\u00e7\u00e3o em fun\u00e7\u00e3o da dist\u00e2ncia do ponto de \u00a0plasticidade da massa desejada<\/p>\n<p>Disp\u00f5e de uma memoria para catorce formulas dispostas en dois canais de sete formulas cada um (canal A e B). A sele\u00e7\u00e3o do canal se faz atrav\u00e9s do teclado e a \u00a0sele\u00e7\u00e3o de cada uma das sete formulas do grupo mediante a conex\u00e3o externa da entrada correspondente do aparelho.<br \/>\n<a href=\"\/wp-content\/uploads\/2016\/06\/Equipo_Dosificador_agua_MCH-2005_LECA_grafica.png\" rel=\"lightbox\" data-rel=\"lightbox-image-1\" data-rl_title=\"\" data-rl_caption=\"\"><img decoding=\"async\" class=\"size-full alignright\" title=\"\" src=\"\/wp-content\/uploads\/2016\/06\/Equipo_Dosificador_agua_MCH-2005_LECA_grafica.png\" width=\"401\" \/><\/a>Os \u00a0canais A e B adem\u00e1is de realizar a sele\u00e7\u00e3o do grupo de sete formulas correspondentes disp\u00f5em de um ajuste da escala de medida ao fim de obter uma indica\u00e7\u00e3o da leitura personalizada do utilizador. Os ajustes da dosifica\u00e7\u00e3o de agua e pontos de disparo operam sobre estas escalas.<br \/>\nO ajuste dos pontos de intervalos de dosifica\u00e7\u00e3o de agua se consegue ao realizar uma massa de concreto de maneira manual, dosificando a agua de tal jeito que possamos construir com os valores registados uma curva similar \u00e1 mostrada. Sendo B , valor em vaz\u00edo. C, ponto a superar no inicio da dosifica\u00e7\u00e3o de agua. E, valor massa correta e D, valor m\u00e1ximo de pot\u00eancia.<br \/>\nCarateristicas principais:<br \/>\n\u2022 Leitura continua de plasticidade.<br \/>\n\u2022 Ajuste externo de indica\u00e7\u00e3o do \u00a0indicador.<br \/>\n\u2022 Ajuste de f\u00e1brica de estado de amassadora.<br \/>\n\u2022 Catorze presele\u00e7\u00f5es de ponto de corte ao final da dosifica\u00e7\u00e3o de agua<br \/>\n\u2022 Sete peti\u00e7\u00f5es remotas<br \/>\n\u2022 Controle para dois volumes de concreto.<br \/>\n\u2022 Ajuste fino da quantidade de agua a dosificar<br \/>\n\u2022 Quadro visualizador atrav\u00e9s de display LCD[\/vc_column_text][\/vc_column][\/vc_row]<\/p>\n","protected":false},"excerpt":{"rendered":"<p>[vc_row][vc_column width=&#8221;1\/4&#8243;][vc_wp_custommenu nav_menu=&#8221;19&#8243;][\/vc_column][vc_column width=&#8221;3\/4&#8243;][vc_column_text] Aparelho dosificador autom\u00e1tico de agua MCH-2005 O aparelho MHC-2005, est\u00e1 pensado para realizar a dosifica\u00e7\u00e3o autom\u00e1tica de agua para concretos superiores a cono cinco mediante a leitura da potencia consumida pela amassadora por meio da utiliza\u00e7\u00e3o de um micro vat\u00edmetro de alta precis\u00e3o. A dosifica\u00e7\u00e3o de agua se faz mediante o [&hellip;]<\/p>\n","protected":false},"author":1,"featured_media":0,"parent":1412,"menu_order":0,"comment_status":"closed","ping_status":"closed","template":"","meta":{"footnotes":""},"class_list":["post-1416","page","type-page","status-publish","hentry","invicta_simple_style_entry"],"_links":{"self":[{"href":"https:\/\/www.leca.es\/pt-pt\/wp-json\/wp\/v2\/pages\/1416","targetHints":{"allow":["GET"]}}],"collection":[{"href":"https:\/\/www.leca.es\/pt-pt\/wp-json\/wp\/v2\/pages"}],"about":[{"href":"https:\/\/www.leca.es\/pt-pt\/wp-json\/wp\/v2\/types\/page"}],"author":[{"embeddable":true,"href":"https:\/\/www.leca.es\/pt-pt\/wp-json\/wp\/v2\/users\/1"}],"replies":[{"embeddable":true,"href":"https:\/\/www.leca.es\/pt-pt\/wp-json\/wp\/v2\/comments?post=1416"}],"version-history":[{"count":1,"href":"https:\/\/www.leca.es\/pt-pt\/wp-json\/wp\/v2\/pages\/1416\/revisions"}],"predecessor-version":[{"id":3908,"href":"https:\/\/www.leca.es\/pt-pt\/wp-json\/wp\/v2\/pages\/1416\/revisions\/3908"}],"up":[{"embeddable":true,"href":"https:\/\/www.leca.es\/pt-pt\/wp-json\/wp\/v2\/pages\/1412"}],"wp:attachment":[{"href":"https:\/\/www.leca.es\/pt-pt\/wp-json\/wp\/v2\/media?parent=1416"}],"curies":[{"name":"wp","href":"https:\/\/api.w.org\/{rel}","templated":true}]}}