{"id":1393,"date":"2016-08-31T17:27:39","date_gmt":"2016-08-31T17:27:39","guid":{"rendered":"http:\/\/leca.es\/pt-pt\/?page_id=1393"},"modified":"2017-11-15T18:28:02","modified_gmt":"2017-11-15T18:28:02","slug":"gespromobile","status":"publish","type":"page","link":"https:\/\/www.leca.es\/pt-pt\/produto-leca\/concreto\/aplicacoes-moveis-transporte\/gespromobile\/","title":{"rendered":"GesproMobile"},"content":{"rendered":"<p>[vc_row][vc_column width=&#8221;1\/4&#8243;][vc_wp_custommenu nav_menu=&#8221;13&#8243;][\/vc_column][vc_column width=&#8221;3\/4&#8243;][vc_column_text]<\/p>\n<h2>GesproMobile Aplica\u00e7\u00e3o m\u00f3vel para a visualiza\u00e7\u00e3o do estado da frota e eventos de caminh\u00f5es<\/h2>\n<h3>Iphone, Android, BlackBerry, Tablet<\/h3>\n<h3><\/h3>\n<p><a href=\"\/wp-content\/uploads\/2016\/08\/GESPROMOBILE_leca_01.png\" rel=\"lightbox\" data-rel=\"lightbox-image-0\" data-rl_title=\"\" data-rl_caption=\"\"><br \/>\n<img loading=\"lazy\" decoding=\"async\" class=\"size-medium wp-image-2986 alignleft\" title=\"\" src=\"\/wp-content\/uploads\/2016\/08\/GESPROMOBILE_leca_01-174x300.png\" alt=\"\" width=\"174\" height=\"300\" \/><\/a>A aplica\u00e7\u00e3o GESPROMOBILE permite ao \u00a0utilizador do programa GESPRONET, ver a situa\u00e7\u00e3o da frota de caminh\u00f5es \u00a0e o estado no que se encontra (viajando a obra, carregando, viajando a central&#8230;).<\/p>\n<p>O utilizador deste programa poder\u00e1 tamb\u00e9m ver as incid\u00eancias producidas nos servi\u00e7os das diferentes ordens realizadas pelos clientes desde qualquer lugar, se disp\u00f5e de um terminal com conex\u00e3o a Internet<\/p>\n<p><a href=\"http:\/\/www.lecabcn.dyndns.org\/GesproMobile\">Probar DEMO<\/a><\/p>\n<p>Usuario:\u00a0Administrador<\/p>\n<p>Contrase\u00f1a:\u00a0LECA[\/vc_column_text][vc_separator][vc_row_inner][vc_column_inner width=&#8221;1\/2&#8243;][vc_column_text]<a href=\"\/wp-content\/uploads\/2016\/08\/GESPROMOBILE_leca_02.png\" rel=\"Lightbox\" data-rel=\"lightbox-image-1\" data-rl_title=\"\" data-rl_caption=\"\"><img loading=\"lazy\" decoding=\"async\" class=\"alignnone size-medium wp-image-2984\" title=\"\" src=\"\/wp-content\/uploads\/2016\/08\/GESPROMOBILE_leca_02-300x177.png\" alt=\"\" width=\"300\" height=\"177\" \/><\/a>[\/vc_column_text][\/vc_column_inner][vc_column_inner width=&#8221;1\/2&#8243;][vc_column_text]<a href=\"\/wp-content\/uploads\/2016\/08\/GESPROMOBILE_leca_03.png\" rel=\"Lightbox\" data-rel=\"lightbox-image-2\" data-rl_title=\"\" data-rl_caption=\"\"><img loading=\"lazy\" decoding=\"async\" class=\"size-medium wp-image-2985 aligncenter\" title=\"\" src=\"\/wp-content\/uploads\/2016\/08\/GESPROMOBILE_leca_03-170x300.png\" alt=\"\" width=\"170\" height=\"300\" \/><\/a>[\/vc_column_text][\/vc_column_inner][\/vc_row_inner][\/vc_column][\/vc_row]<\/p>\n","protected":false},"excerpt":{"rendered":"<p>[vc_row][vc_column width=&#8221;1\/4&#8243;][vc_wp_custommenu nav_menu=&#8221;13&#8243;][\/vc_column][vc_column width=&#8221;3\/4&#8243;][vc_column_text] GesproMobile Aplica\u00e7\u00e3o m\u00f3vel para a visualiza\u00e7\u00e3o do estado da frota e eventos de caminh\u00f5es Iphone, Android, BlackBerry, Tablet A aplica\u00e7\u00e3o GESPROMOBILE permite ao \u00a0utilizador do programa GESPRONET, ver a situa\u00e7\u00e3o da frota de caminh\u00f5es \u00a0e o estado no que se encontra (viajando a obra, carregando, viajando a central&#8230;). O utilizador deste [&hellip;]<\/p>\n","protected":false},"author":1,"featured_media":0,"parent":1391,"menu_order":0,"comment_status":"closed","ping_status":"closed","template":"","meta":{"footnotes":""},"class_list":["post-1393","page","type-page","status-publish","hentry","invicta_simple_style_entry"],"_links":{"self":[{"href":"https:\/\/www.leca.es\/pt-pt\/wp-json\/wp\/v2\/pages\/1393","targetHints":{"allow":["GET"]}}],"collection":[{"href":"https:\/\/www.leca.es\/pt-pt\/wp-json\/wp\/v2\/pages"}],"about":[{"href":"https:\/\/www.leca.es\/pt-pt\/wp-json\/wp\/v2\/types\/page"}],"author":[{"embeddable":true,"href":"https:\/\/www.leca.es\/pt-pt\/wp-json\/wp\/v2\/users\/1"}],"replies":[{"embeddable":true,"href":"https:\/\/www.leca.es\/pt-pt\/wp-json\/wp\/v2\/comments?post=1393"}],"version-history":[{"count":1,"href":"https:\/\/www.leca.es\/pt-pt\/wp-json\/wp\/v2\/pages\/1393\/revisions"}],"predecessor-version":[{"id":3890,"href":"https:\/\/www.leca.es\/pt-pt\/wp-json\/wp\/v2\/pages\/1393\/revisions\/3890"}],"up":[{"embeddable":true,"href":"https:\/\/www.leca.es\/pt-pt\/wp-json\/wp\/v2\/pages\/1391"}],"wp:attachment":[{"href":"https:\/\/www.leca.es\/pt-pt\/wp-json\/wp\/v2\/media?parent=1393"}],"curies":[{"name":"wp","href":"https:\/\/api.w.org\/{rel}","templated":true}]}}