{"id":1389,"date":"2016-08-31T17:23:18","date_gmt":"2016-08-31T17:23:18","guid":{"rendered":"http:\/\/leca.es\/pt-pt\/?page_id=1389"},"modified":"2017-11-15T18:26:54","modified_gmt":"2017-11-15T18:26:54","slug":"programa-gespronet","status":"publish","type":"page","link":"https:\/\/www.leca.es\/pt-pt\/produto-leca\/concreto\/gestao-transporte-e-producao\/programa-gespronet\/","title":{"rendered":"Programa GesproNet"},"content":{"rendered":"<p>[vc_row][vc_column width=&#8221;1\/4&#8243;][vc_wp_custommenu nav_menu=&#8221;14&#8243;][\/vc_column][vc_column width=&#8221;3\/4&#8243;][vc_column_text]<\/p>\n<h2>GesproNET programa de gest\u00e3o da produ\u00e7\u00e3o e frota de caminh\u00f5es<\/h2>\n<p>GesproNET \u00e9 uma solu\u00e7\u00e3o que permite centralizar as ordens de concreto de m\u00faltiplas centrais em fun\u00e7\u00e3o da disponibiliza\u00e7\u00e3o do transporte e a capacidade de produ\u00e7\u00e3o das mesmas.<\/p>\n<p>Equipando os caminh\u00f5es com unidades de geolocaliza\u00e7\u00e3o GEOLEC \u00a0a aplica\u00e7\u00e3o GesproNET guarda um hist\u00f3rico do transporte do concreto com os eventos acontecidos durante o processo de carga, transporte e descarga do concreto e \u00a0relaciona-o com a guia de remessa que se produz na central com a \u00a0aplica\u00e7\u00e3o GesteNET[\/vc_column_text][vc_row_inner][vc_column_inner width=&#8221;1\/2&#8243;][vc_column_text]<a href=\"\/wp-content\/uploads\/2016\/05\/programa_gesproNet_leca_espana_01-e1462379067170.png\" rel=\"lightbox\" data-rel=\"lightbox-image-0\" data-rl_title=\"\" data-rl_caption=\"\"><img decoding=\"async\" title=\"\" src=\"\/wp-content\/uploads\/2016\/05\/programa_gesproNet_leca_espana_01-e1462379067170.png\" \/><\/a>[\/vc_column_text][\/vc_column_inner][vc_column_inner width=&#8221;1\/2&#8243;][vc_column_text]<a href=\"\/wp-content\/uploads\/2016\/05\/programa_gesproNet_leca_espana_02.png\" rel=\"lightbox\" data-rel=\"lightbox-image-1\" data-rl_title=\"\" data-rl_caption=\"\"><img decoding=\"async\" title=\"\" src=\"\/wp-content\/uploads\/2016\/05\/programa_gesproNet_leca_espana_02.png\" \/><\/a>[\/vc_column_text][\/vc_column_inner][\/vc_row_inner][vc_row_inner][vc_column_inner][vc_column_text]<a href=\"\/wp-content\/uploads\/2016\/05\/programa_gesproNet_leca_espana_03.jpg\" rel=\"lightbox\" data-rel=\"lightbox-image-2\" data-rl_title=\"\" data-rl_caption=\"\"><img decoding=\"async\" title=\"\" src=\"\/wp-content\/uploads\/2016\/05\/programa_gesproNet_leca_espana_03.jpg\" \/><\/a>[\/vc_column_text][\/vc_column_inner][\/vc_row_inner][vc_row_inner][vc_column_inner][vc_column_text]GesproNET \u00e9 uma aplica\u00e7\u00e3o que calcula o tempo meio de transporte a uma obra em diferentes per\u00edodos do d\u00eda segundo se v\u00e3o realizando viagens e permite pelo \u00a0tanto indicar ao cliente quando ir\u00e1 receber a ordem \u00a0do concreto solicitado.<\/p>\n<p>A aplica\u00e7\u00e3o armazena na sua base de dados os hist\u00f3ricos dos transportes, tanto a n\u00edvel de tempos de passo, chegada e paro em pontos de interesse (centrais, obras, postos de gasolina, etc.) como eventos no processo de transporte (velocidades de giro da cuba, eventos de descarga, agua adicionada, etc.). O programa ao final do d\u00eda, envia um correio eletr\u00f3nico \u00e1s dire\u00e7\u00f5es introduzidas no mesmo com as \u00a0incid\u00eancias por caminh\u00e3o acontecidas na fabrica\u00e7\u00e3o \u00a0que o administrador do programa selecionasse.<\/p>\n<p>O programa GesproNET enla\u00e7a em tempo real com a aplica\u00e7\u00e3o de gest\u00e3o produ\u00e7\u00e3o de concreto da central GestecNET, pelo que as ordens assinadas a uma central desde o programa GestecNET s\u00e3o vistos pelo operador da mesma na sua folha \u00a0de produ\u00e7\u00e3o. O operador da central pode tamb\u00e9m introduzir ordens na folha de trabalho da sua central, sendo estas reflexadas na aplica\u00e7\u00e3o GesproNET.<br \/>\n[\/vc_column_text][\/vc_column_inner][\/vc_row_inner][rev_slider_vc alias=&#8221;transporte-produccion&#8221;][\/vc_column][\/vc_row]<\/p>\n","protected":false},"excerpt":{"rendered":"<p>[vc_row][vc_column width=&#8221;1\/4&#8243;][vc_wp_custommenu nav_menu=&#8221;14&#8243;][\/vc_column][vc_column width=&#8221;3\/4&#8243;][vc_column_text] GesproNET programa de gest\u00e3o da produ\u00e7\u00e3o e frota de caminh\u00f5es GesproNET \u00e9 uma solu\u00e7\u00e3o que permite centralizar as ordens de concreto de m\u00faltiplas centrais em fun\u00e7\u00e3o da disponibiliza\u00e7\u00e3o do transporte e a capacidade de produ\u00e7\u00e3o das mesmas. Equipando os caminh\u00f5es com unidades de geolocaliza\u00e7\u00e3o GEOLEC \u00a0a aplica\u00e7\u00e3o GesproNET guarda um hist\u00f3rico [&hellip;]<\/p>\n","protected":false},"author":1,"featured_media":0,"parent":1384,"menu_order":0,"comment_status":"closed","ping_status":"closed","template":"","meta":{"footnotes":""},"class_list":["post-1389","page","type-page","status-publish","hentry","invicta_simple_style_entry"],"_links":{"self":[{"href":"https:\/\/www.leca.es\/pt-pt\/wp-json\/wp\/v2\/pages\/1389","targetHints":{"allow":["GET"]}}],"collection":[{"href":"https:\/\/www.leca.es\/pt-pt\/wp-json\/wp\/v2\/pages"}],"about":[{"href":"https:\/\/www.leca.es\/pt-pt\/wp-json\/wp\/v2\/types\/page"}],"author":[{"embeddable":true,"href":"https:\/\/www.leca.es\/pt-pt\/wp-json\/wp\/v2\/users\/1"}],"replies":[{"embeddable":true,"href":"https:\/\/www.leca.es\/pt-pt\/wp-json\/wp\/v2\/comments?post=1389"}],"version-history":[{"count":1,"href":"https:\/\/www.leca.es\/pt-pt\/wp-json\/wp\/v2\/pages\/1389\/revisions"}],"predecessor-version":[{"id":3931,"href":"https:\/\/www.leca.es\/pt-pt\/wp-json\/wp\/v2\/pages\/1389\/revisions\/3931"}],"up":[{"embeddable":true,"href":"https:\/\/www.leca.es\/pt-pt\/wp-json\/wp\/v2\/pages\/1384"}],"wp:attachment":[{"href":"https:\/\/www.leca.es\/pt-pt\/wp-json\/wp\/v2\/media?parent=1389"}],"curies":[{"name":"wp","href":"https:\/\/api.w.org\/{rel}","templated":true}]}}