{"id":1387,"date":"2016-08-31T17:20:14","date_gmt":"2016-08-31T17:20:14","guid":{"rendered":"http:\/\/leca.es\/pt-pt\/?page_id=1387"},"modified":"2017-11-15T18:26:53","modified_gmt":"2017-11-15T18:26:53","slug":"equipo-geolec","status":"publish","type":"page","link":"https:\/\/www.leca.es\/pt-pt\/produto-leca\/concreto\/gestao-transporte-e-producao\/equipo-geolec\/","title":{"rendered":"Equipo Geolec"},"content":{"rendered":"<p>[vc_row][vc_column width=&#8221;1\/4&#8243;][vc_wp_custommenu nav_menu=&#8221;14&#8243;][\/vc_column][vc_column width=&#8221;3\/4&#8243;][vc_column_text]<\/p>\n<h2>Geolocalizador de caminh\u00e3o e Gestor de transporte<\/h2>\n<p><a href=\"\/wp-content\/uploads\/2016\/05\/equipo_geolec_leca_espana.jpg\" rel=\"lightbox\" data-rel=\"lightbox-image-0\" data-rl_title=\"\" data-rl_caption=\"\"><img loading=\"lazy\" decoding=\"async\" class=\"alignleft\" title=\"\" src=\"\/wp-content\/uploads\/2016\/05\/equipo_geolec_leca_espana.jpg\" width=\"313\" height=\"260\" \/><\/a>O aparelho Geolec mediante os captadores de sinal instalados no caminh\u00e3o, trata e apresenta no seu ecr\u00e1 alfanum\u00e9rico, os dados de revolu\u00e7\u00f5es, sentido de giro e press\u00e3o do hidr\u00e1ulico da cuba, assim como o valor de agua adicionada ao concreto desde o \u00a0dep\u00f3sito do caminh\u00e3o.<\/p>\n<p>Mediante seu GPS integrado, Geolec calcula as coordenadas de situa\u00e7\u00e3o do caminh\u00e3o \u00a0que env\u00eda junto com os par\u00e2metros do estado do caminh\u00e3o e os eventos produzidos no transporte e a \u00a0descarga do concreto v\u00eda GPRS ao programa \u00a0GesproNet, \u00a0que relaciona esses dados com a gu\u00eda de remessa correspondente ao concreto transportado.<\/p>\n<p>O aparelho est\u00e1 preparado para receber mensagens de texto enviados desde os programas GesproNet ou GesproLite e viceversa. Disp\u00f5e da op\u00e7\u00e3o de conex\u00e3o de microfone e alto-falante para comunica\u00e7\u00e3o por voz e de uma saida para impressora que lhe permite imprimir em obra a guia de entrega na que se inclui os dados recolhidos pelo aparelho de hora de descarga do concreto e agua manual dosificada.<\/p>\n<p>Geolec mediante o programa GesproNET realiza um feche das guias de remessa incluindo nos mesmos a hora de carga, fim de carga, saida da central, chegada a obra, saida de obra, chegada a central e dosifica\u00e7\u00e3o de agua manual no caminh\u00e3o.[\/vc_column_text][\/vc_column][\/vc_row]<\/p>\n","protected":false},"excerpt":{"rendered":"<p>[vc_row][vc_column width=&#8221;1\/4&#8243;][vc_wp_custommenu nav_menu=&#8221;14&#8243;][\/vc_column][vc_column width=&#8221;3\/4&#8243;][vc_column_text] Geolocalizador de caminh\u00e3o e Gestor de transporte O aparelho Geolec mediante os captadores de sinal instalados no caminh\u00e3o, trata e apresenta no seu ecr\u00e1 alfanum\u00e9rico, os dados de revolu\u00e7\u00f5es, sentido de giro e press\u00e3o do hidr\u00e1ulico da cuba, assim como o valor de agua adicionada ao concreto desde o \u00a0dep\u00f3sito do [&hellip;]<\/p>\n","protected":false},"author":1,"featured_media":0,"parent":1384,"menu_order":0,"comment_status":"closed","ping_status":"closed","template":"","meta":{"footnotes":""},"class_list":["post-1387","page","type-page","status-publish","hentry","invicta_simple_style_entry"],"_links":{"self":[{"href":"https:\/\/www.leca.es\/pt-pt\/wp-json\/wp\/v2\/pages\/1387","targetHints":{"allow":["GET"]}}],"collection":[{"href":"https:\/\/www.leca.es\/pt-pt\/wp-json\/wp\/v2\/pages"}],"about":[{"href":"https:\/\/www.leca.es\/pt-pt\/wp-json\/wp\/v2\/types\/page"}],"author":[{"embeddable":true,"href":"https:\/\/www.leca.es\/pt-pt\/wp-json\/wp\/v2\/users\/1"}],"replies":[{"embeddable":true,"href":"https:\/\/www.leca.es\/pt-pt\/wp-json\/wp\/v2\/comments?post=1387"}],"version-history":[{"count":1,"href":"https:\/\/www.leca.es\/pt-pt\/wp-json\/wp\/v2\/pages\/1387\/revisions"}],"predecessor-version":[{"id":3930,"href":"https:\/\/www.leca.es\/pt-pt\/wp-json\/wp\/v2\/pages\/1387\/revisions\/3930"}],"up":[{"embeddable":true,"href":"https:\/\/www.leca.es\/pt-pt\/wp-json\/wp\/v2\/pages\/1384"}],"wp:attachment":[{"href":"https:\/\/www.leca.es\/pt-pt\/wp-json\/wp\/v2\/media?parent=1387"}],"curies":[{"name":"wp","href":"https:\/\/api.w.org\/{rel}","templated":true}]}}