{"id":1382,"date":"2016-08-31T17:13:59","date_gmt":"2016-08-31T17:13:59","guid":{"rendered":"http:\/\/leca.es\/pt-pt\/?page_id=1382"},"modified":"2017-11-17T12:57:54","modified_gmt":"2017-11-17T12:57:54","slug":"programa-stanet","status":"publish","type":"page","link":"https:\/\/www.leca.es\/pt-pt\/produto-leca\/concreto\/estatistica\/programa-stanet\/","title":{"rendered":"Programa Stanet"},"content":{"rendered":"<p>[vc_row][vc_column width=&#8221;1\/4&#8243;][vc_wp_custommenu nav_menu=&#8221;10&#8243;][\/vc_column][vc_column width=&#8221;3\/4&#8243;][vc_column_text]<\/p>\n<h2>Programa Stanet<\/h2>\n<p>StaNET \u00e9 um programa que realiza informes e estat\u00edsticas da gest\u00e3o, produ\u00e7\u00e3o e custo de produ\u00e7\u00e3o de instala\u00e7\u00f5es de concreto.<\/p>\n<p>Para o c\u00e1lculo estat\u00edstico StaNET consulta os dados obtidos pelo programa de gest\u00e3o da central GestecNET e o programa de gest\u00e3o de frota de caminh\u00f5es e produ\u00e7\u00e3o centralizada GesproNET[\/vc_column_text][vc_row_inner][vc_column_inner][vc_column_text]<a href=\"http:\/\/www.leca.es\/wp-content\/uploads\/2016\/04\/programa_stanet_leca.jpg\" rel=\"lightbox\" data-rel=\"lightbox-image-0\" data-rl_title=\"\" data-rl_caption=\"\"><img decoding=\"async\" class=\"alignleft\" title=\"\" src=\"http:\/\/www.leca.es\/wp-content\/uploads\/2016\/04\/programa_stanet_leca.jpg\" width=\"350\" \/><\/a>As estat\u00edsticas ou informes gerados podem ser segundo sele\u00e7\u00e3o por parte do utilizador de tipo\u00a0 absoluto, relativo a outros valores ou porcentuais.<\/p>\n<p>StaNET permite ao utilizador gerar campos calculados para seu posterior uso. Estes campos calculados\u00a0 obt\u00eam-se aplicando f\u00f3rmulas matem\u00e1ticas desenhadas pelo utilizador sobre os campos propios da base de dados.[\/vc_column_text][\/vc_column_inner][\/vc_row_inner][vc_column_text]<\/p>\n<p>StaNET al\u00e9m disso, valora a produ\u00e7\u00e3o diaria de concreto e apresenta ao utilizador possiveis melhoras nas produ\u00e7\u00f5es hist\u00f3ricas mediante varia\u00e7\u00e3o do n\u00famero de caminh\u00f5es na central\u00a0 e\/ou modifica\u00e7\u00e3o nas horas de entrega das ordens<\/p>\n<p>O programa StaNET \u00e9 o melhor\u00a0 aliado que\u00a0 pode ter para conhecer de maneira real o estado do neg\u00f3cio.[\/vc_column_text][rev_slider_vc alias=&#8221;statnet&#8221;][\/vc_column][\/vc_row]<\/p>\n","protected":false},"excerpt":{"rendered":"<p>[vc_row][vc_column width=&#8221;1\/4&#8243;][vc_wp_custommenu nav_menu=&#8221;10&#8243;][\/vc_column][vc_column width=&#8221;3\/4&#8243;][vc_column_text] Programa Stanet StaNET \u00e9 um programa que realiza informes e estat\u00edsticas da gest\u00e3o, produ\u00e7\u00e3o e custo de produ\u00e7\u00e3o de instala\u00e7\u00f5es de concreto. Para o c\u00e1lculo estat\u00edstico StaNET consulta os dados obtidos pelo programa de gest\u00e3o da central GestecNET e o programa de gest\u00e3o de frota de caminh\u00f5es e produ\u00e7\u00e3o centralizada GesproNET[\/vc_column_text][vc_row_inner][vc_column_inner][vc_column_text]As [&hellip;]<\/p>\n","protected":false},"author":13,"featured_media":0,"parent":1380,"menu_order":0,"comment_status":"closed","ping_status":"closed","template":"","meta":{"footnotes":""},"class_list":["post-1382","page","type-page","status-publish","hentry","invicta_simple_style_entry"],"_links":{"self":[{"href":"https:\/\/www.leca.es\/pt-pt\/wp-json\/wp\/v2\/pages\/1382","targetHints":{"allow":["GET"]}}],"collection":[{"href":"https:\/\/www.leca.es\/pt-pt\/wp-json\/wp\/v2\/pages"}],"about":[{"href":"https:\/\/www.leca.es\/pt-pt\/wp-json\/wp\/v2\/types\/page"}],"author":[{"embeddable":true,"href":"https:\/\/www.leca.es\/pt-pt\/wp-json\/wp\/v2\/users\/13"}],"replies":[{"embeddable":true,"href":"https:\/\/www.leca.es\/pt-pt\/wp-json\/wp\/v2\/comments?post=1382"}],"version-history":[{"count":3,"href":"https:\/\/www.leca.es\/pt-pt\/wp-json\/wp\/v2\/pages\/1382\/revisions"}],"predecessor-version":[{"id":4089,"href":"https:\/\/www.leca.es\/pt-pt\/wp-json\/wp\/v2\/pages\/1382\/revisions\/4089"}],"up":[{"embeddable":true,"href":"https:\/\/www.leca.es\/pt-pt\/wp-json\/wp\/v2\/pages\/1380"}],"wp:attachment":[{"href":"https:\/\/www.leca.es\/pt-pt\/wp-json\/wp\/v2\/media?parent=1382"}],"curies":[{"name":"wp","href":"https:\/\/api.w.org\/{rel}","templated":true}]}}