{"id":1378,"date":"2016-08-31T17:08:17","date_gmt":"2016-08-31T17:08:17","guid":{"rendered":"http:\/\/leca.es\/pt-pt\/?page_id=1378"},"modified":"2017-11-15T18:25:56","modified_gmt":"2017-11-15T18:25:56","slug":"programa-de-gestao-da-qualidade-do-concreto-procalnet","status":"publish","type":"page","link":"https:\/\/www.leca.es\/pt-pt\/produto-leca\/concreto\/qualidade\/programa-de-gestao-da-qualidade-do-concreto-procalnet\/","title":{"rendered":"Programa de gest\u00e3o da qualidade do Concreto ProcalNET"},"content":{"rendered":"<p>[vc_row][vc_column width=&#8221;1\/4&#8243;][vc_wp_custommenu nav_menu=&#8221;15&#8243;][\/vc_column][vc_column width=&#8221;3\/4&#8243;][vc_column_text]<\/p>\n<h2>Programa de gest\u00e3o da qualidade ProcalNET<\/h2>\n<p>ProcalNET \u00a0\u00e9 o programa encarregado da verifica\u00e7\u00e3o da qualidade do concreto mediante a gest\u00e3o de roturas de provetas selecionadas nos \u00a0 lotes de controle para os diferentes tipos de concreto. O ecr\u00e3 \u00a0de introdu\u00e7\u00e3o de c\u00f3digos de provetas \u00a0cria-se de forma autom\u00e1tica ao detetar-se uma gu\u00eda de remessa \u00a0criada na aplica\u00e7\u00e3o GestecNET com controle de qualidade.<\/p>\n<p>A gest\u00e3o \u00a0de roturas \u00a0estabelece-se mediante o gestor de d\u00edas de rotura que apresenta ao operador a possibilidade de cumprimentar dados para aquelas que j\u00e1 venceram<\/p>\n<p>O programa ProcalNET guarda e gestiona os dados de valor de rotura das provetas, sendo relacionados com as gu\u00edas dos clientes ademais de outros dados de produ\u00e7\u00e3o (dosifica\u00e7\u00f5es manuais, tempos de carga, erros de consumo), assim como datas de varia\u00e7\u00e3o ou cria\u00e7\u00e3o das receitas de concreto.<\/p>\n<p><a href=\"\/wp-content\/uploads\/2016\/05\/programa-gestion-calidad-procalnet-leca-espana-01.jpg\" rel=\"lightbox\" data-rel=\"lightbox-image-0\" data-rl_title=\"\" data-rl_caption=\"\"><img decoding=\"async\" title=\"\" src=\"\/wp-content\/uploads\/2016\/05\/programa-gestion-calidad-procalnet-leca-espana-01.jpg\" \/><\/a><\/p>\n<p><a href=\"\/wp-content\/uploads\/2016\/05\/programa-gestion-calidad-procalnet-leca-espana-02.jpg\" rel=\"lightbox\" data-rel=\"lightbox-image-1\" data-rl_title=\"\" data-rl_caption=\"\"><img decoding=\"async\" title=\"\" src=\"\/wp-content\/uploads\/2016\/05\/programa-gestion-calidad-procalnet-leca-espana-02.jpg\" \/><\/a><\/p>\n<p>Com os dados de incid\u00eancias de devolu\u00e7\u00e3o de concreto e recupera\u00e7\u00e3o do mesmo, dispomos de uma informa\u00e7\u00e3o completa e detalhada que \u00a0permitir\u00e1-nos conhecer melhor o desenvolvemento \u00a0da fabrica\u00e7\u00e3o do produto.<\/p>\n<p>O programa permite a possibilidade de visualizar e imprimir, gr\u00e1ficos de resultados de provetas correspondentes a um ou \u00a0varios d\u00edas de rotura.[\/vc_column_text][\/vc_column][\/vc_row]<\/p>\n","protected":false},"excerpt":{"rendered":"<p>[vc_row][vc_column width=&#8221;1\/4&#8243;][vc_wp_custommenu nav_menu=&#8221;15&#8243;][\/vc_column][vc_column width=&#8221;3\/4&#8243;][vc_column_text] Programa de gest\u00e3o da qualidade ProcalNET ProcalNET \u00a0\u00e9 o programa encarregado da verifica\u00e7\u00e3o da qualidade do concreto mediante a gest\u00e3o de roturas de provetas selecionadas nos \u00a0 lotes de controle para os diferentes tipos de concreto. O ecr\u00e3 \u00a0de introdu\u00e7\u00e3o de c\u00f3digos de provetas \u00a0cria-se de forma autom\u00e1tica ao detetar-se uma [&hellip;]<\/p>\n","protected":false},"author":1,"featured_media":0,"parent":1374,"menu_order":0,"comment_status":"closed","ping_status":"closed","template":"","meta":{"footnotes":""},"class_list":["post-1378","page","type-page","status-publish","hentry","invicta_simple_style_entry"],"_links":{"self":[{"href":"https:\/\/www.leca.es\/pt-pt\/wp-json\/wp\/v2\/pages\/1378","targetHints":{"allow":["GET"]}}],"collection":[{"href":"https:\/\/www.leca.es\/pt-pt\/wp-json\/wp\/v2\/pages"}],"about":[{"href":"https:\/\/www.leca.es\/pt-pt\/wp-json\/wp\/v2\/types\/page"}],"author":[{"embeddable":true,"href":"https:\/\/www.leca.es\/pt-pt\/wp-json\/wp\/v2\/users\/1"}],"replies":[{"embeddable":true,"href":"https:\/\/www.leca.es\/pt-pt\/wp-json\/wp\/v2\/comments?post=1378"}],"version-history":[{"count":1,"href":"https:\/\/www.leca.es\/pt-pt\/wp-json\/wp\/v2\/pages\/1378\/revisions"}],"predecessor-version":[{"id":3974,"href":"https:\/\/www.leca.es\/pt-pt\/wp-json\/wp\/v2\/pages\/1378\/revisions\/3974"}],"up":[{"embeddable":true,"href":"https:\/\/www.leca.es\/pt-pt\/wp-json\/wp\/v2\/pages\/1374"}],"wp:attachment":[{"href":"https:\/\/www.leca.es\/pt-pt\/wp-json\/wp\/v2\/media?parent=1378"}],"curies":[{"name":"wp","href":"https:\/\/api.w.org\/{rel}","templated":true}]}}