{"id":1376,"date":"2016-08-31T17:05:18","date_gmt":"2016-08-31T17:05:18","guid":{"rendered":"http:\/\/leca.es\/pt-pt\/?page_id=1376"},"modified":"2017-11-15T18:25:56","modified_gmt":"2017-11-15T18:25:56","slug":"programa-geracao-formulas-calculnet","status":"publish","type":"page","link":"https:\/\/www.leca.es\/pt-pt\/produto-leca\/concreto\/qualidade\/programa-geracao-formulas-calculnet\/","title":{"rendered":"Programa gera\u00e7\u00e3o formulas CalculNET"},"content":{"rendered":"<p>[vc_row][vc_column width=&#8221;1\/4&#8243;][vc_wp_custommenu nav_menu=&#8221;15&#8243;][\/vc_column][vc_column width=&#8221;3\/4&#8243;][vc_column_text]<\/p>\n<h2>Programa gera\u00e7\u00e3o formulas CalculNET<\/h2>\n<p>O programa CalculNET est\u00e1 pensado para gerar \u00a0f\u00f3rmulas mediante os sistemas de c\u00e1lculo de concreto mais usuais, com capacidade ademais de produzir um ajuste das curvas por parte do utilizador.<\/p>\n<p><a href=\"\/wp-content\/uploads\/2016\/05\/programa-calculo-de-formulas-leca-espana-01.jpg\" rel=\"lightbox\" data-rel=\"lightbox-image-0\" data-rl_title=\"\" data-rl_caption=\"\"><img loading=\"lazy\" decoding=\"async\" class=\"alignnone size-full \" title=\"\" src=\"\/wp-content\/uploads\/2016\/05\/programa-calculo-de-formulas-leca-espana-01.jpg\" width=\"634\" height=\"476\" \/><\/a><\/p>\n<p>Ao selecionar uma central no programa \u00a0CalculNET, \u00a0 importa-se \u00a0da mesma formulas, materiais, ajustes e dados. Uma vez \u00a0que se obtivessem os valores corretos para as formulas, estas son exportadas a central substituindo \u00e1s existentes.<\/p>\n<p><a href=\"\/wp-content\/uploads\/2017\/07\/CalculNET_Programa_leca.png\" rel=\"lightbox\" data-rel=\"lightbox-image-1\" data-rl_title=\"\" data-rl_caption=\"\"><img decoding=\"async\" class=\"alignnone size-full\" title=\"\" src=\"\/wp-content\/uploads\/2017\/07\/CalculNET_Programa_leca.png\" width=\"632\"  \/><\/a><\/p>\n<p>Cada vez que se realiza uma importa\u00e7\u00e3o o programa solicita guardar copia de seguridade dos dados antigos. O programa pode tamb\u00e9m guardar as formulas em formato Excel no diretorio selecionado.[\/vc_column_text][\/vc_column][\/vc_row]<\/p>\n","protected":false},"excerpt":{"rendered":"<p>[vc_row][vc_column width=&#8221;1\/4&#8243;][vc_wp_custommenu nav_menu=&#8221;15&#8243;][\/vc_column][vc_column width=&#8221;3\/4&#8243;][vc_column_text] Programa gera\u00e7\u00e3o formulas CalculNET O programa CalculNET est\u00e1 pensado para gerar \u00a0f\u00f3rmulas mediante os sistemas de c\u00e1lculo de concreto mais usuais, com capacidade ademais de produzir um ajuste das curvas por parte do utilizador. Ao selecionar uma central no programa \u00a0CalculNET, \u00a0 importa-se \u00a0da mesma formulas, materiais, ajustes e dados. Uma [&hellip;]<\/p>\n","protected":false},"author":1,"featured_media":0,"parent":1374,"menu_order":0,"comment_status":"closed","ping_status":"closed","template":"","meta":{"footnotes":""},"class_list":["post-1376","page","type-page","status-publish","hentry","invicta_simple_style_entry"],"_links":{"self":[{"href":"https:\/\/www.leca.es\/pt-pt\/wp-json\/wp\/v2\/pages\/1376","targetHints":{"allow":["GET"]}}],"collection":[{"href":"https:\/\/www.leca.es\/pt-pt\/wp-json\/wp\/v2\/pages"}],"about":[{"href":"https:\/\/www.leca.es\/pt-pt\/wp-json\/wp\/v2\/types\/page"}],"author":[{"embeddable":true,"href":"https:\/\/www.leca.es\/pt-pt\/wp-json\/wp\/v2\/users\/1"}],"replies":[{"embeddable":true,"href":"https:\/\/www.leca.es\/pt-pt\/wp-json\/wp\/v2\/comments?post=1376"}],"version-history":[{"count":1,"href":"https:\/\/www.leca.es\/pt-pt\/wp-json\/wp\/v2\/pages\/1376\/revisions"}],"predecessor-version":[{"id":3975,"href":"https:\/\/www.leca.es\/pt-pt\/wp-json\/wp\/v2\/pages\/1376\/revisions\/3975"}],"up":[{"embeddable":true,"href":"https:\/\/www.leca.es\/pt-pt\/wp-json\/wp\/v2\/pages\/1374"}],"wp:attachment":[{"href":"https:\/\/www.leca.es\/pt-pt\/wp-json\/wp\/v2\/media?parent=1376"}],"curies":[{"name":"wp","href":"https:\/\/api.w.org\/{rel}","templated":true}]}}