{"id":1369,"date":"2016-08-31T05:32:51","date_gmt":"2016-08-31T05:32:51","guid":{"rendered":"http:\/\/leca.es\/pt-pt\/?page_id=1369"},"modified":"2017-11-15T18:26:26","modified_gmt":"2017-11-15T18:26:26","slug":"traspaso-de-dados","status":"publish","type":"page","link":"https:\/\/www.leca.es\/pt-pt\/produto-leca\/concreto\/gestao-central-concreto\/traspaso-de-dados\/","title":{"rendered":"Traspaso de dados"},"content":{"rendered":"<p>[vc_row][vc_column width=&#8221;1\/4&#8243;][vc_wp_custommenu nav_menu=&#8221;9&#8243;][\/vc_column][vc_column width=&#8221;3\/4&#8243;][vc_column_text]<\/p>\n<h2>Programa de traspasso, importa\u00e7\u00e3o e exporta\u00e7\u00e3o de dados entre programa de central GestecNET e programa de fatura\u00e7\u00e3o do cliente<\/h2>\n<p>O programa GestecNET disp\u00f5e de umas vistas de importa\u00e7\u00e3o\/exporta\u00e7\u00e3o em formato Microsoft SQL. Pode solicitar informa\u00e7\u00e3o das vistas se deseja realizar o processo de enlace entre sua aplica\u00e7\u00e3o de fatura\u00e7\u00e3o e o \u00a0programa GestecNET utilizando as mesmas.<\/p>\n<p>Nossa empresa ao fim de \u00a0abranger \u00a0todas as necessidades do cliente que se apresentem criou duas aplica\u00e7\u00f5es externas ao programa GestecNET \u00a0que permitem o traspasso de dados a varios n\u00edveis que podem satisfacer as necessidades previstas.<\/p>\n<h3>Programa Exponet<\/h3>\n<p>O programa ExpoNET \u00e9 uma aplica\u00e7\u00e3o que se entrega e instala junto com o \u00a0programa de gest\u00e3o da central \u00a0GestecNET \u00a0e que realiza por peti\u00e7\u00e3o do utilizador uma exporta\u00e7\u00e3o de guias de venda de concreto e compra de materias-primas entre datas selecionadas.<\/p>\n<p><a href=\"\/wp-content\/uploads\/2016\/08\/programa_traspaso_de_dado_leca.png\" rel=\"lightbox\" data-rel=\"lightbox-image-0\" data-rl_title=\"\" data-rl_caption=\"\"><img loading=\"lazy\" decoding=\"async\" class=\"aligncenter size-full wp-image-3026\" title=\"\" src=\"\/wp-content\/uploads\/2016\/08\/programa_traspaso_de_dado_leca.png\" width=\"555\" height=\"355\" \/><\/a><\/p>\n<p>No programa podemos, alem disso, selecionar exportar as guias n\u00e3o exportadas ou todas as guias.<\/p>\n<p>O formato e campos a exportar s\u00e3o configuraveis \u00a0no programa e pode ser exporta\u00e7\u00e3o a TXT, Excel ou Tabela interna SQL.<\/p>\n<h3>Programa SincroNET<\/h3>\n<p>O programa SINCRO-NET est\u00e1 realizado sobre a plataforma .NET de Microsoft e enla\u00e7a as tabelas em varios formatos selecionaveis de tipo Access, SQL, ODBC, entre o programa GesteNET e a aplica\u00e7\u00e3o de gest\u00e3o do cliente. A sincroniza\u00e7\u00e3o de dados se realiza por Internet, Rede Local TCP\/IP ou GPRS.<\/p>\n<p><a href=\"\/wp-content\/uploads\/2016\/03\/programa_sincronet_leca_gescnet.jpg\" rel=\"lightbox\" data-rel=\"lightbox-image-1\" data-rl_title=\"\" data-rl_caption=\"\"><img decoding=\"async\" class=\"\" title=\"\" src=\"\/wp-content\/uploads\/2016\/03\/programa_sincronet_leca_gescnet.jpg\" \/><\/a><\/p>\n<p>O formato dos campos selecionados se configuram mediante o emprego de um \u00a0 dicion\u00e1rio de campos que forma parte do sincronizador que relaciona nomes entre tabelas de origem e destino em ambos sentidos. Tamb\u00e9m \u00e9 poss\u00edvel selecionar o tipo de campo (Num\u00e9rico ou Alfanum\u00e9rico ou Boleano) e sua longitude.<\/p>\n<p><a href=\"\/wp-content\/uploads\/2016\/03\/programa_sincronet_leca_gescnet_pantalla.png\" rel=\"lightbox\" data-rel=\"lightbox-image-2\" data-rl_title=\"\" data-rl_caption=\"\"><img decoding=\"async\" title=\"\" src=\"\/wp-content\/uploads\/2016\/03\/programa_sincronet_leca_gescnet_pantalla.png\" \/><\/a><\/p>\n<p>SINCRONET \u00e9 a maneira l\u00f3gica de enla\u00e7ar o programa da central GESTECNET \u00a0com tabelas em servidor externo (FACTURA\u00c7\u00c3O, QUALIDADE, ETC.) de tipo Access, SQL, ODBC ou outras estruturas compat\u00edveis com a \u00a0plataforma .Net ja que n\u00e3o requer de pessoal especializado para parametrizar o programa e conseguir um enlace entre programas sem realizar um grande esfor\u00e7o. Se voc\u00ea n\u00e3o disp\u00f5e de meios para parametrizar o programa, nosso servi\u00e7o \u00a0t\u00e9nico \u00a0atender\u00e1-lhe amavelmente.[\/vc_column_text][\/vc_column][\/vc_row]<\/p>\n","protected":false},"excerpt":{"rendered":"<p>[vc_row][vc_column width=&#8221;1\/4&#8243;][vc_wp_custommenu nav_menu=&#8221;9&#8243;][\/vc_column][vc_column width=&#8221;3\/4&#8243;][vc_column_text] Programa de traspasso, importa\u00e7\u00e3o e exporta\u00e7\u00e3o de dados entre programa de central GestecNET e programa de fatura\u00e7\u00e3o do cliente O programa GestecNET disp\u00f5e de umas vistas de importa\u00e7\u00e3o\/exporta\u00e7\u00e3o em formato Microsoft SQL. Pode solicitar informa\u00e7\u00e3o das vistas se deseja realizar o processo de enlace entre sua aplica\u00e7\u00e3o de fatura\u00e7\u00e3o e o [&hellip;]<\/p>\n","protected":false},"author":1,"featured_media":0,"parent":1358,"menu_order":0,"comment_status":"closed","ping_status":"closed","template":"","meta":{"footnotes":""},"class_list":["post-1369","page","type-page","status-publish","hentry","invicta_simple_style_entry"],"_links":{"self":[{"href":"https:\/\/www.leca.es\/pt-pt\/wp-json\/wp\/v2\/pages\/1369","targetHints":{"allow":["GET"]}}],"collection":[{"href":"https:\/\/www.leca.es\/pt-pt\/wp-json\/wp\/v2\/pages"}],"about":[{"href":"https:\/\/www.leca.es\/pt-pt\/wp-json\/wp\/v2\/types\/page"}],"author":[{"embeddable":true,"href":"https:\/\/www.leca.es\/pt-pt\/wp-json\/wp\/v2\/users\/1"}],"replies":[{"embeddable":true,"href":"https:\/\/www.leca.es\/pt-pt\/wp-json\/wp\/v2\/comments?post=1369"}],"version-history":[{"count":1,"href":"https:\/\/www.leca.es\/pt-pt\/wp-json\/wp\/v2\/pages\/1369\/revisions"}],"predecessor-version":[{"id":3959,"href":"https:\/\/www.leca.es\/pt-pt\/wp-json\/wp\/v2\/pages\/1369\/revisions\/3959"}],"up":[{"embeddable":true,"href":"https:\/\/www.leca.es\/pt-pt\/wp-json\/wp\/v2\/pages\/1358"}],"wp:attachment":[{"href":"https:\/\/www.leca.es\/pt-pt\/wp-json\/wp\/v2\/media?parent=1369"}],"curies":[{"name":"wp","href":"https:\/\/api.w.org\/{rel}","templated":true}]}}