{"id":1366,"date":"2016-08-31T05:28:37","date_gmt":"2016-08-31T05:28:37","guid":{"rendered":"http:\/\/leca.es\/pt-pt\/?page_id=1366"},"modified":"2017-11-15T18:26:28","modified_gmt":"2017-11-15T18:26:28","slug":"manutencao-da-central","status":"publish","type":"page","link":"https:\/\/www.leca.es\/pt-pt\/produto-leca\/concreto\/gestao-central-concreto\/manutencao-da-central\/","title":{"rendered":"Manuten\u00e7\u00e3o da central"},"content":{"rendered":"<p>[vc_row][vc_column width=&#8221;1\/4&#8243;][vc_wp_custommenu nav_menu=&#8221;9&#8243;][\/vc_column][vc_column width=&#8221;3\/4&#8243;][vc_column_text]<\/p>\n<h2>Programa Manuten\u00e7\u00e3o da Central<\/h2>\n<p>O programa de manuten\u00e7\u00e3o da central \u00e9 uma op\u00e7\u00e3o incluida no programa GestecNET que permite realizar procesos de manuten\u00e7\u00e3o aos distintos elementos da central estejam ou n\u00e3o automatizados pelo sistema. A manuten\u00e7\u00e3o pode programar-se em fun\u00e7\u00e3o do n\u00famero de conex\u00f5es, do tempo de conex\u00e3o ou periodos de tempo para os distintos elementos da instala\u00e7\u00e3o.<\/p>\n<p>Ao dar de alta uma manuten\u00e7\u00e3o , o programa solicita-nos as pessoas ou empresas \u00e1s que se deve de avisar ao aproximar-se o processo de manuten\u00e7\u00e3o, o programa comunica a ordem de manuten\u00e7\u00e3o aos mesmos a trav\u00e9s do correio eletr\u00f3nico previamente introduzido.<\/p>\n<p>Como aviso ao jefe da central \u00a0no ecr\u00e3 \u00a0principal do programa GesteNET \u00a0mostrar\u00e1-se um \u00edcone chave indicando que existe uma manuten\u00e7\u00e3o a realizar<\/p>\n<p>Toda manuten\u00e7\u00e3o permite incluir dois documentos que podem ser consultados e preenchidos se se solicitam dados pela pessoa que realiza a manuten\u00e7\u00e3o:<br \/>\n<strong>Especifica\u00e7\u00f5es<\/strong>.- Que correspondem a planos, instru\u00e7\u00f5es da manuten\u00e7\u00e3o a realizar, medidas de seguridade, etc .<\/p>\n<p><strong>Folha de manuten\u00e7\u00e3o a realizar<\/strong> .- Documento indicativo de processos realizados e\/ ou valores obtidos na manuten\u00e7\u00e3o.<\/p>\n<p>Existe al\u00e9m disso um apartado de observa\u00e7\u00f5es de livre aceso pelo encarregado da manuten\u00e7\u00e3o para que introduza os comentarios que creia oportunos<\/p>\n<p><a href=\"\/wp-content\/uploads\/2016\/03\/mantenimiento_de_Planta_gestion_leca.png\" rel=\"lightbox\" data-rel=\"lightbox-image-0\" data-rl_title=\"\" data-rl_caption=\"\"><img decoding=\"async\" class=\"alignnone size-full\" title=\"\" src=\"\/wp-content\/uploads\/2016\/03\/mantenimiento_de_Planta_gestion_leca.png\" width=\"800\" \/><\/a>[\/vc_column_text][\/vc_column][\/vc_row]<\/p>\n","protected":false},"excerpt":{"rendered":"<p>[vc_row][vc_column width=&#8221;1\/4&#8243;][vc_wp_custommenu nav_menu=&#8221;9&#8243;][\/vc_column][vc_column width=&#8221;3\/4&#8243;][vc_column_text] Programa Manuten\u00e7\u00e3o da Central O programa de manuten\u00e7\u00e3o da central \u00e9 uma op\u00e7\u00e3o incluida no programa GestecNET que permite realizar procesos de manuten\u00e7\u00e3o aos distintos elementos da central estejam ou n\u00e3o automatizados pelo sistema. A manuten\u00e7\u00e3o pode programar-se em fun\u00e7\u00e3o do n\u00famero de conex\u00f5es, do tempo de conex\u00e3o ou periodos de [&hellip;]<\/p>\n","protected":false},"author":1,"featured_media":0,"parent":1358,"menu_order":0,"comment_status":"closed","ping_status":"closed","template":"","meta":{"footnotes":""},"class_list":["post-1366","page","type-page","status-publish","hentry","invicta_simple_style_entry"],"_links":{"self":[{"href":"https:\/\/www.leca.es\/pt-pt\/wp-json\/wp\/v2\/pages\/1366","targetHints":{"allow":["GET"]}}],"collection":[{"href":"https:\/\/www.leca.es\/pt-pt\/wp-json\/wp\/v2\/pages"}],"about":[{"href":"https:\/\/www.leca.es\/pt-pt\/wp-json\/wp\/v2\/types\/page"}],"author":[{"embeddable":true,"href":"https:\/\/www.leca.es\/pt-pt\/wp-json\/wp\/v2\/users\/1"}],"replies":[{"embeddable":true,"href":"https:\/\/www.leca.es\/pt-pt\/wp-json\/wp\/v2\/comments?post=1366"}],"version-history":[{"count":1,"href":"https:\/\/www.leca.es\/pt-pt\/wp-json\/wp\/v2\/pages\/1366\/revisions"}],"predecessor-version":[{"id":3953,"href":"https:\/\/www.leca.es\/pt-pt\/wp-json\/wp\/v2\/pages\/1366\/revisions\/3953"}],"up":[{"embeddable":true,"href":"https:\/\/www.leca.es\/pt-pt\/wp-json\/wp\/v2\/pages\/1358"}],"wp:attachment":[{"href":"https:\/\/www.leca.es\/pt-pt\/wp-json\/wp\/v2\/media?parent=1366"}],"curies":[{"name":"wp","href":"https:\/\/api.w.org\/{rel}","templated":true}]}}