{"id":1362,"date":"2016-08-31T05:22:17","date_gmt":"2016-08-31T05:22:17","guid":{"rendered":"http:\/\/leca.es\/pt-pt\/?page_id=1362"},"modified":"2017-11-15T18:26:28","modified_gmt":"2017-11-15T18:26:28","slug":"programa-enlace-com-gestao-externa","status":"publish","type":"page","link":"https:\/\/www.leca.es\/pt-pt\/produto-leca\/concreto\/gestao-central-concreto\/programa-enlace-com-gestao-externa\/","title":{"rendered":"Programa enlace com gest\u00e3o externa"},"content":{"rendered":"<p>[vc_row][vc_column width=&#8221;1\/4&#8243;][vc_wp_custommenu nav_menu=&#8221;9&#8243;][\/vc_column][vc_column width=&#8221;3\/4&#8243;][vc_column_text]<\/p>\n<h2>Programa de enlace com aplica\u00e7\u00e3o de gest\u00e3o externa<\/h2>\n<h3>Programa MonitPlus<\/h3>\n<p>O programa Monitplus foi desenhado \u00a0para aqueles clientes que disponham de um programa propio de gest\u00e3o \u00a0da central de concreto \u00a0e desejem integra-lo com o automatismo da central com um m\u00e1ximo de presta\u00e7\u00f5es.<\/p>\n<p>O programa MonitPlus, \u00e9 uma aplica\u00e7\u00e3o criada \u00a0para monitorizar e automatizar a central de concreto junto ao aparelho de dosifica\u00e7\u00e3o Cantabria e demais captadores instalados na central.<\/p>\n<p>Mediante o emprego de tabelas de interc\u00e2mbio o programa MonitPlus l\u00ea os dados te\u00f3ricos da carga a realizar e \u00a0entrega ao fim da carga a caminh\u00e3o um registo do consumo de materiais junto aos erros de dosifica\u00e7\u00e3o, umidades meias dos agregados, densidade da agua reciclada, temperatura, etc.<\/p>\n<p>Este programa enla\u00e7a a aplica\u00e7\u00e3o de gest\u00e3o externa do cliente com os aparelhos encarregados da \u00a0industrializa\u00e7\u00e3o da central na \u00e1rea da pesagem e automatiza\u00e7\u00e3o da central, leitura de umidade dos agregados, leitores de densidade da agua reciclada, temperatura ambiente ou umidade relativa do ar.<\/p>\n<p><a href=\"\/wp-content\/uploads\/2016\/03\/programa_enlace_gestion_externa_monitplus_Leca.png\" rel=\"lightbox\" data-rel=\"lightbox-image-0\" data-rl_title=\"\" data-rl_caption=\"\"><img loading=\"lazy\" decoding=\"async\" class=\"alignnone size-full\" title=\"\" src=\"\/wp-content\/uploads\/2016\/03\/programa_enlace_gestion_externa_monitplus_Leca.png\" width=\"912\" height=\"444\" \/><\/a><\/p>\n<h3>O Programa PcomWin<\/h3>\n<p>Utilizando o programa PcomWin, um cliente que disponha de programa de gest\u00e3o propio pode controlar desde o mesmo o processo de ordens de carga \u00a0contra o aparelho de dosifica\u00e7\u00e3o Cantabria<\/p>\n<!-- START REVOLUTION SLIDER 4.3.5 fullwidth mode -->\n\n<div id=\"rev_slider_6_1_wrapper\" class=\"rev_slider_wrapper fullwidthbanner-container\" style=\"margin:0px auto;background-color:#FFFFFF;padding:0px;margin-top:0px;margin-bottom:0px;max-height:170px;\">\n\t<div id=\"rev_slider_6_1\" class=\"rev_slider fullwidthabanner\" style=\"display:none;max-height:170px;height:170;\">\n<ul>\t<!-- SLIDE  -->\n\t<li data-transition=\"random\" data-slotamount=\"7\" data-masterspeed=\"300\" >\n\t\t<!-- MAIN IMAGE -->\n\t\t<img decoding=\"async\" src=\"https:\/\/www.leca.es\/wp-content\/plugins\/revslider\/images\/transparent.png\"  alt=\"\"  data-bgposition=\"center top\" data-bgfit=\"cover\" data-bgrepeat=\"no-repeat\">\n\t\t<!-- LAYERS -->\n\n\t\t<!-- LAYER NR. 1 -->\n\t\t<div class=\"tp-caption tp-fade\"\n\t\t\tdata-x=\"10\"\n\t\t\tdata-y=\"22\" \n\t\t\tdata-speed=\"300\"\n\t\t\tdata-start=\"500\"\n\t\t\tdata-easing=\"Power3.easeInOut\"\n\t\t\tdata-splitin=\"none\"\n\t\t\tdata-splitout=\"none\"\n\t\t\tdata-elementdelay=\"0.1\"\n\t\t\tdata-endelementdelay=\"0.1\"\n\t\t\tdata-endspeed=\"300\"\n\t\t\tstyle=\"z-index: 2;\"><img decoding=\"async\" src=\"https:\/\/leca.es\/wp-content\/uploads\/2016\/01\/equipo-automatizacion-leca-cantabria-ca-2000-l6.jpg\" alt=\"\" data-ww=\"136\" data-hh=\"75\">\n\t\t<\/div>\n\n\t\t<!-- LAYER NR. 2 -->\n\t\t<div class=\"tp-caption tp-fade\"\n\t\t\tdata-x=\"152\"\n\t\t\tdata-y=\"42\" \n\t\t\tdata-speed=\"300\"\n\t\t\tdata-start=\"1100\"\n\t\t\tdata-easing=\"Power3.easeInOut\"\n\t\t\tdata-splitin=\"none\"\n\t\t\tdata-splitout=\"none\"\n\t\t\tdata-elementdelay=\"0.1\"\n\t\t\tdata-endelementdelay=\"0.1\"\n\t\t\tdata-endspeed=\"300\"\n\t\t\tstyle=\"z-index: 3;\"><img decoding=\"async\" src=\"https:\/\/leca.es\/wp-content\/uploads\/2016\/03\/Flechas.png\" alt=\"\" data-ww=\"37\" data-hh=\"30\">\n\t\t<\/div>\n\n\t\t<!-- LAYER NR. 3 -->\n\t\t<div class=\"tp-caption tp-fade\"\n\t\t\tdata-x=\"194\"\n\t\t\tdata-y=\"33\" \n\t\t\tdata-speed=\"300\"\n\t\t\tdata-start=\"1400\"\n\t\t\tdata-easing=\"Power3.easeInOut\"\n\t\t\tdata-splitin=\"none\"\n\t\t\tdata-splitout=\"none\"\n\t\t\tdata-elementdelay=\"0.1\"\n\t\t\tdata-endelementdelay=\"0.1\"\n\t\t\tdata-endspeed=\"300\"\n\t\t\tstyle=\"z-index: 4;\"><img decoding=\"async\" src=\"https:\/\/leca.es\/wp-content\/uploads\/2016\/01\/gestion-controlador-cantabria-leca-automatizacion-conexion-red.png\" alt=\"\" data-ww=\"63\" data-hh=\"50\">\n\t\t<\/div>\n\n\t\t<!-- LAYER NR. 4 -->\n\t\t<div class=\"tp-caption tp-fade\"\n\t\t\tdata-x=\"265\"\n\t\t\tdata-y=\"43\" \n\t\t\tdata-speed=\"300\"\n\t\t\tdata-start=\"2000\"\n\t\t\tdata-easing=\"Power3.easeInOut\"\n\t\t\tdata-splitin=\"none\"\n\t\t\tdata-splitout=\"none\"\n\t\t\tdata-elementdelay=\"0.1\"\n\t\t\tdata-endelementdelay=\"0.1\"\n\t\t\tdata-endspeed=\"300\"\n\t\t\tstyle=\"z-index: 5;\"><img decoding=\"async\" src=\"https:\/\/leca.es\/wp-content\/uploads\/2016\/03\/Flechas.png\" alt=\"\" data-ww=\"37\" data-hh=\"30\">\n\t\t<\/div>\n\n\t\t<!-- LAYER NR. 5 -->\n\t\t<div class=\"tp-caption tp-fade\"\n\t\t\tdata-x=\"309\"\n\t\t\tdata-y=\"15\" \n\t\t\tdata-speed=\"300\"\n\t\t\tdata-start=\"2300\"\n\t\t\tdata-easing=\"Power3.easeInOut\"\n\t\t\tdata-splitin=\"none\"\n\t\t\tdata-splitout=\"none\"\n\t\t\tdata-elementdelay=\"0.1\"\n\t\t\tdata-endelementdelay=\"0.1\"\n\t\t\tdata-endspeed=\"300\"\n\t\t\tstyle=\"z-index: 6;\"><img decoding=\"async\" src=\"https:\/\/leca.es\/wp-content\/uploads\/2016\/03\/ProgramaPCOM.jpg\" alt=\"\" data-ww=\"202\" data-hh=\"100\">\n\t\t<\/div>\n\n\t\t<!-- LAYER NR. 6 -->\n\t\t<div class=\"tp-caption tp-fade\"\n\t\t\tdata-x=\"514\"\n\t\t\tdata-y=\"42\" \n\t\t\tdata-speed=\"300\"\n\t\t\tdata-start=\"2900\"\n\t\t\tdata-easing=\"Power3.easeInOut\"\n\t\t\tdata-splitin=\"none\"\n\t\t\tdata-splitout=\"none\"\n\t\t\tdata-elementdelay=\"0.1\"\n\t\t\tdata-endelementdelay=\"0.1\"\n\t\t\tdata-endspeed=\"300\"\n\t\t\tstyle=\"z-index: 7;\"><img decoding=\"async\" src=\"https:\/\/leca.es\/wp-content\/uploads\/2016\/03\/Flechas.png\" alt=\"\" data-ww=\"37\" data-hh=\"30\">\n\t\t<\/div>\n\n\t\t<!-- LAYER NR. 7 -->\n\t\t<div class=\"tp-caption tp-fade\"\n\t\t\tdata-x=\"552\"\n\t\t\tdata-y=\"9\" \n\t\t\tdata-speed=\"300\"\n\t\t\tdata-start=\"3200\"\n\t\t\tdata-easing=\"Power3.easeInOut\"\n\t\t\tdata-splitin=\"none\"\n\t\t\tdata-splitout=\"none\"\n\t\t\tdata-elementdelay=\"0.1\"\n\t\t\tdata-endelementdelay=\"0.1\"\n\t\t\tdata-endspeed=\"300\"\n\t\t\tstyle=\"z-index: 8;\"><img decoding=\"async\" src=\"https:\/\/leca.es\/wp-content\/uploads\/2016\/03\/Aplicacion_GestionCliente.jpg\" alt=\"\">\n\t\t<\/div>\n\n\t\t<!-- LAYER NR. 8 -->\n\t\t<div class=\"tp-caption black tp-fade tp-resizeme\"\n\t\t\tdata-x=\"23\"\n\t\t\tdata-y=\"98\" \n\t\t\tdata-speed=\"300\"\n\t\t\tdata-start=\"800\"\n\t\t\tdata-easing=\"Power3.easeInOut\"\n\t\t\tdata-splitin=\"none\"\n\t\t\tdata-splitout=\"none\"\n\t\t\tdata-elementdelay=\"0.1\"\n\t\t\tdata-endelementdelay=\"0.1\"\n\t\t\tdata-endspeed=\"300\"\n\t\t\tstyle=\"z-index: 9; max-width: auto; max-height: auto; white-space: nowrap;\">Aparelho Cantabria\n\t\t<\/div>\n\n\t\t<!-- LAYER NR. 9 -->\n\t\t<div class=\"tp-caption black tp-fade tp-resizeme\"\n\t\t\tdata-x=\"170\"\n\t\t\tdata-y=\"91\" \n\t\t\tdata-speed=\"300\"\n\t\t\tdata-start=\"1700\"\n\t\t\tdata-easing=\"Power3.easeInOut\"\n\t\t\tdata-splitin=\"none\"\n\t\t\tdata-splitout=\"none\"\n\t\t\tdata-elementdelay=\"0.1\"\n\t\t\tdata-endelementdelay=\"0.1\"\n\t\t\tdata-endspeed=\"300\"\n\t\t\tstyle=\"z-index: 10; max-width: auto; max-height: auto; white-space: nowrap;\">M\u00f3dulo MCR-2008\n\t\t<\/div>\n\n\t\t<!-- LAYER NR. 10 -->\n\t\t<div class=\"tp-caption black tp-fade tp-resizeme\"\n\t\t\tdata-x=\"356\"\n\t\t\tdata-y=\"119\" \n\t\t\tdata-speed=\"300\"\n\t\t\tdata-start=\"2600\"\n\t\t\tdata-easing=\"Power3.easeInOut\"\n\t\t\tdata-splitin=\"none\"\n\t\t\tdata-splitout=\"none\"\n\t\t\tdata-elementdelay=\"0.1\"\n\t\t\tdata-endelementdelay=\"0.1\"\n\t\t\tdata-endspeed=\"300\"\n\t\t\tstyle=\"z-index: 11; max-width: auto; max-height: auto; white-space: nowrap;\">Programa PCOM\n\t\t<\/div>\n\n\t\t<!-- LAYER NR. 11 -->\n\t\t<div class=\"tp-caption black tp-fade tp-resizeme\"\n\t\t\tdata-x=\"567\"\n\t\t\tdata-y=\"111\" \n\t\t\tdata-speed=\"300\"\n\t\t\tdata-start=\"3500\"\n\t\t\tdata-easing=\"Power3.easeInOut\"\n\t\t\tdata-splitin=\"none\"\n\t\t\tdata-splitout=\"none\"\n\t\t\tdata-elementdelay=\"0.1\"\n\t\t\tdata-endelementdelay=\"0.1\"\n\t\t\tdata-endspeed=\"300\"\n\t\t\tstyle=\"z-index: 12; max-width: auto; max-height: auto; white-space: nowrap;\">Aplica\u00e7\u00e3o Gest\u00e3o <br>do cliente\n\t\t<\/div>\n\t<\/li>\n\t<!-- SLIDE  -->\n\t<li data-transition=\"random\" data-slotamount=\"7\" data-masterspeed=\"300\" >\n\t\t<!-- MAIN IMAGE -->\n\t\t<img decoding=\"async\" src=\"https:\/\/www.leca.es\/wp-content\/plugins\/revslider\/images\/transparent.png\"  alt=\"\"  data-bgposition=\"center top\" data-bgfit=\"cover\" data-bgrepeat=\"no-repeat\">\n\t\t<!-- LAYERS -->\n\n\t\t<!-- LAYER NR. 1 -->\n\t\t<div class=\"tp-caption tp-fade\"\n\t\t\tdata-x=\"10\"\n\t\t\tdata-y=\"22\" \n\t\t\tdata-speed=\"300\"\n\t\t\tdata-start=\"500\"\n\t\t\tdata-easing=\"Power3.easeInOut\"\n\t\t\tdata-splitin=\"none\"\n\t\t\tdata-splitout=\"none\"\n\t\t\tdata-elementdelay=\"0.1\"\n\t\t\tdata-endelementdelay=\"0.1\"\n\t\t\tdata-endspeed=\"300\"\n\t\t\tstyle=\"z-index: 2;\"><img decoding=\"async\" src=\"https:\/\/leca.es\/wp-content\/uploads\/2016\/01\/equipo-automatizacion-leca-cantabria-ca-2000-l6.jpg\" alt=\"\" data-ww=\"136\" data-hh=\"75\">\n\t\t<\/div>\n\n\t\t<!-- LAYER NR. 2 -->\n\t\t<div class=\"tp-caption tp-fade\"\n\t\t\tdata-x=\"152\"\n\t\t\tdata-y=\"42\" \n\t\t\tdata-speed=\"300\"\n\t\t\tdata-start=\"1100\"\n\t\t\tdata-easing=\"Power3.easeInOut\"\n\t\t\tdata-splitin=\"none\"\n\t\t\tdata-splitout=\"none\"\n\t\t\tdata-elementdelay=\"0.1\"\n\t\t\tdata-endelementdelay=\"0.1\"\n\t\t\tdata-endspeed=\"300\"\n\t\t\tstyle=\"z-index: 3;\"><img decoding=\"async\" src=\"https:\/\/leca.es\/wp-content\/uploads\/2016\/03\/Flechas.png\" alt=\"\" data-ww=\"37\" data-hh=\"30\">\n\t\t<\/div>\n\n\t\t<!-- LAYER NR. 3 -->\n\t\t<div class=\"tp-caption tp-fade\"\n\t\t\tdata-x=\"194\"\n\t\t\tdata-y=\"33\" \n\t\t\tdata-speed=\"300\"\n\t\t\tdata-start=\"1400\"\n\t\t\tdata-easing=\"Power3.easeInOut\"\n\t\t\tdata-splitin=\"none\"\n\t\t\tdata-splitout=\"none\"\n\t\t\tdata-elementdelay=\"0.1\"\n\t\t\tdata-endelementdelay=\"0.1\"\n\t\t\tdata-endspeed=\"300\"\n\t\t\tstyle=\"z-index: 4;\"><img decoding=\"async\" src=\"https:\/\/leca.es\/wp-content\/uploads\/2016\/01\/gestion-controlador-cantabria-leca-automatizacion-conexion-red.png\" alt=\"\" data-ww=\"63\" data-hh=\"50\">\n\t\t<\/div>\n\n\t\t<!-- LAYER NR. 4 -->\n\t\t<div class=\"tp-caption tp-fade\"\n\t\t\tdata-x=\"265\"\n\t\t\tdata-y=\"43\" \n\t\t\tdata-speed=\"300\"\n\t\t\tdata-start=\"2000\"\n\t\t\tdata-easing=\"Power3.easeInOut\"\n\t\t\tdata-splitin=\"none\"\n\t\t\tdata-splitout=\"none\"\n\t\t\tdata-elementdelay=\"0.1\"\n\t\t\tdata-endelementdelay=\"0.1\"\n\t\t\tdata-endspeed=\"300\"\n\t\t\tstyle=\"z-index: 5;\"><img decoding=\"async\" src=\"https:\/\/leca.es\/wp-content\/uploads\/2016\/03\/Flechas.png\" alt=\"\" data-ww=\"37\" data-hh=\"30\">\n\t\t<\/div>\n\n\t\t<!-- LAYER NR. 5 -->\n\t\t<div class=\"tp-caption tp-fade\"\n\t\t\tdata-x=\"309\"\n\t\t\tdata-y=\"15\" \n\t\t\tdata-speed=\"300\"\n\t\t\tdata-start=\"2300\"\n\t\t\tdata-easing=\"Power3.easeInOut\"\n\t\t\tdata-splitin=\"none\"\n\t\t\tdata-splitout=\"none\"\n\t\t\tdata-elementdelay=\"0.1\"\n\t\t\tdata-endelementdelay=\"0.1\"\n\t\t\tdata-endspeed=\"300\"\n\t\t\tstyle=\"z-index: 6;\"><img decoding=\"async\" src=\"https:\/\/leca.es\/wp-content\/uploads\/2016\/03\/ProgramaPCOM.jpg\" alt=\"\" data-ww=\"202\" data-hh=\"100\">\n\t\t<\/div>\n\n\t\t<!-- LAYER NR. 6 -->\n\t\t<div class=\"tp-caption tp-fade\"\n\t\t\tdata-x=\"514\"\n\t\t\tdata-y=\"42\" \n\t\t\tdata-speed=\"300\"\n\t\t\tdata-start=\"2900\"\n\t\t\tdata-easing=\"Power3.easeInOut\"\n\t\t\tdata-splitin=\"none\"\n\t\t\tdata-splitout=\"none\"\n\t\t\tdata-elementdelay=\"0.1\"\n\t\t\tdata-endelementdelay=\"0.1\"\n\t\t\tdata-endspeed=\"300\"\n\t\t\tstyle=\"z-index: 7;\"><img decoding=\"async\" src=\"https:\/\/leca.es\/wp-content\/uploads\/2016\/03\/Flechas.png\" alt=\"\" data-ww=\"37\" data-hh=\"30\">\n\t\t<\/div>\n\n\t\t<!-- LAYER NR. 7 -->\n\t\t<div class=\"tp-caption tp-fade\"\n\t\t\tdata-x=\"552\"\n\t\t\tdata-y=\"9\" \n\t\t\tdata-speed=\"300\"\n\t\t\tdata-start=\"3200\"\n\t\t\tdata-easing=\"Power3.easeInOut\"\n\t\t\tdata-splitin=\"none\"\n\t\t\tdata-splitout=\"none\"\n\t\t\tdata-elementdelay=\"0.1\"\n\t\t\tdata-endelementdelay=\"0.1\"\n\t\t\tdata-endspeed=\"300\"\n\t\t\tstyle=\"z-index: 8;\"><img decoding=\"async\" src=\"https:\/\/leca.es\/wp-content\/uploads\/2016\/03\/Aplicacion_GestionCliente.jpg\" alt=\"\">\n\t\t<\/div>\n\n\t\t<!-- LAYER NR. 8 -->\n\t\t<div class=\"tp-caption black tp-fade tp-resizeme\"\n\t\t\tdata-x=\"23\"\n\t\t\tdata-y=\"98\" \n\t\t\tdata-speed=\"300\"\n\t\t\tdata-start=\"800\"\n\t\t\tdata-easing=\"Power3.easeInOut\"\n\t\t\tdata-splitin=\"none\"\n\t\t\tdata-splitout=\"none\"\n\t\t\tdata-elementdelay=\"0.1\"\n\t\t\tdata-endelementdelay=\"0.1\"\n\t\t\tdata-endspeed=\"300\"\n\t\t\tstyle=\"z-index: 9; max-width: auto; max-height: auto; white-space: nowrap;\">Aparelho Cantabria\n\t\t<\/div>\n\n\t\t<!-- LAYER NR. 9 -->\n\t\t<div class=\"tp-caption black tp-fade tp-resizeme\"\n\t\t\tdata-x=\"170\"\n\t\t\tdata-y=\"91\" \n\t\t\tdata-speed=\"300\"\n\t\t\tdata-start=\"1700\"\n\t\t\tdata-easing=\"Power3.easeInOut\"\n\t\t\tdata-splitin=\"none\"\n\t\t\tdata-splitout=\"none\"\n\t\t\tdata-elementdelay=\"0.1\"\n\t\t\tdata-endelementdelay=\"0.1\"\n\t\t\tdata-endspeed=\"300\"\n\t\t\tstyle=\"z-index: 10; max-width: auto; max-height: auto; white-space: nowrap;\">M\u00f3dulo MCR-2008\n\t\t<\/div>\n\n\t\t<!-- LAYER NR. 10 -->\n\t\t<div class=\"tp-caption black tp-fade tp-resizeme\"\n\t\t\tdata-x=\"356\"\n\t\t\tdata-y=\"119\" \n\t\t\tdata-speed=\"300\"\n\t\t\tdata-start=\"2600\"\n\t\t\tdata-easing=\"Power3.easeInOut\"\n\t\t\tdata-splitin=\"none\"\n\t\t\tdata-splitout=\"none\"\n\t\t\tdata-elementdelay=\"0.1\"\n\t\t\tdata-endelementdelay=\"0.1\"\n\t\t\tdata-endspeed=\"300\"\n\t\t\tstyle=\"z-index: 11; max-width: auto; max-height: auto; white-space: nowrap;\">Programa PCOM\n\t\t<\/div>\n\n\t\t<!-- LAYER NR. 11 -->\n\t\t<div class=\"tp-caption black tp-fade tp-resizeme\"\n\t\t\tdata-x=\"567\"\n\t\t\tdata-y=\"111\" \n\t\t\tdata-speed=\"300\"\n\t\t\tdata-start=\"3500\"\n\t\t\tdata-easing=\"Power3.easeInOut\"\n\t\t\tdata-splitin=\"none\"\n\t\t\tdata-splitout=\"none\"\n\t\t\tdata-elementdelay=\"0.1\"\n\t\t\tdata-endelementdelay=\"0.1\"\n\t\t\tdata-endspeed=\"300\"\n\t\t\tstyle=\"z-index: 12; max-width: auto; max-height: auto; white-space: nowrap;\">Aplica\u00e7\u00e3o Gest\u00e3o <br>do cliente\n\t\t<\/div>\n\t<\/li>\n<\/ul>\n<div class=\"tp-bannertimer tp-bottom\" style=\"visibility: hidden !important;\"><\/div>\t<\/div>\n<\/div>\t\t\t\r\n\t\t\t<script type=\"text\/javascript\">\r\n\r\n\t\t\t\tvar tpj=jQuery;\t\t\t\t\r\n\t\t\t\ttpj.noConflict();\t\t\t\t\r\n\t\t\t\tvar revapi6;\r\n\t\t\t\t\r\n\t\t\t\ttpj(document).ready(function() {\r\n\t\t\t\t\t\t\t\t\r\n\t\t\t\tif(tpj('#rev_slider_6_1').revolution == undefined)\r\n\t\t\t\t\trevslider_showDoubleJqueryError('#rev_slider_6_1');\r\n\t\t\t\telse\r\n\t\t\t\t   revapi6 = tpj('#rev_slider_6_1').show().revolution(\r\n\t\t\t\t\t{\r\n\t\t\t\t\t\tdottedOverlay:\"none\",\r\n\t\t\t\t\t\tdelay:8000,\r\n\t\t\t\t\t\tstartwidth:693,\r\n\t\t\t\t\t\tstartheight:170,\r\n\t\t\t\t\t\thideThumbs:200,\r\n\t\t\t\t\t\t\r\n\t\t\t\t\t\tthumbWidth:100,\r\n\t\t\t\t\t\tthumbHeight:50,\r\n\t\t\t\t\t\tthumbAmount:1,\r\n\t\t\t\t\t\t\r\n\t\t\t\t\t\tnavigationType:\"none\",\r\n\t\t\t\t\t\tnavigationArrows:\"solo\",\r\n\t\t\t\t\t\tnavigationStyle:\"round\",\r\n\t\t\t\t\t\t\r\n\t\t\t\t\t\ttouchenabled:\"on\",\r\n\t\t\t\t\t\tonHoverStop:\"on\",\r\n\t\t\t\t\t\t\r\n\t\t\t\t\t\tswipe_velocity: 0.7,\r\n\t\t\t\t\t\tswipe_min_touches: 1,\r\n\t\t\t\t\t\tswipe_max_touches: 1,\r\n\t\t\t\t\t\tdrag_block_vertical: false,\r\n\t\t\t\t\t\t\t\t\t\t\t\t\r\n\t\t\t\t\t\tkeyboardNavigation:\"off\",\r\n\t\t\t\t\t\t\r\n\t\t\t\t\t\tnavigationHAlign:\"center\",\r\n\t\t\t\t\t\tnavigationVAlign:\"bottom\",\r\n\t\t\t\t\t\tnavigationHOffset:0,\r\n\t\t\t\t\t\tnavigationVOffset:20,\r\n\r\n\t\t\t\t\t\tsoloArrowLeftHalign:\"left\",\r\n\t\t\t\t\t\tsoloArrowLeftValign:\"center\",\r\n\t\t\t\t\t\tsoloArrowLeftHOffset:20,\r\n\t\t\t\t\t\tsoloArrowLeftVOffset:0,\r\n\r\n\t\t\t\t\t\tsoloArrowRightHalign:\"right\",\r\n\t\t\t\t\t\tsoloArrowRightValign:\"center\",\r\n\t\t\t\t\t\tsoloArrowRightHOffset:20,\r\n\t\t\t\t\t\tsoloArrowRightVOffset:0,\r\n\t\t\t\t\t\t\t\t\r\n\t\t\t\t\t\tshadow:0,\r\n\t\t\t\t\t\tfullWidth:\"on\",\r\n\t\t\t\t\t\tfullScreen:\"off\",\r\n\r\n\t\t\t\t\t\tspinner:\"spinner0\",\r\n\t\t\t\t\t\t\r\n\t\t\t\t\t\tstopLoop:\"off\",\r\n\t\t\t\t\t\tstopAfterLoops:-1,\r\n\t\t\t\t\t\tstopAtSlide:-1,\r\n\r\n\t\t\t\t\t\t\r\n\t\t\t\t\t\tshuffle:\"off\",\r\n\t\t\t\t\t\t\r\n\t\t\t\t\t\tautoHeight:\"off\",\t\t\t\t\t\t\r\n\t\t\t\t\t\tforceFullWidth:\"off\",\t\t\t\t\t\t\r\n\t\t\t\t\t\t\t\t\t\t\t\t\r\n\t\t\t\t\t\t\t\t\t\t\t\t\r\n\t\t\t\t\t\thideTimerBar:\"on\",\t\t\t\t\t\t\r\n\t\t\t\t\t\thideThumbsOnMobile:\"off\",\r\n\t\t\t\t\t\thideNavDelayOnMobile:1500,\t\t\t\t\t\thideBulletsOnMobile:\"off\",\r\n\t\t\t\t\t\thideArrowsOnMobile:\"off\",\r\n\t\t\t\t\t\thideThumbsUnderResolution:0,\r\n\t\t\t\t\t\t\r\n\t\t\t\t\t\thideSliderAtLimit:0,\r\n\t\t\t\t\t\thideCaptionAtLimit:0,\r\n\t\t\t\t\t\thideAllCaptionAtLilmit:0,\r\n\t\t\t\t\t\tstartWithSlide:0,\r\n\t\t\t\t\t\tvideoJsPath:\"https:\/\/www.leca.es\/wp-content\/plugins\/revslider\/rs-plugin\/videojs\/\",\r\n\t\t\t\t\t\tfullScreenOffsetContainer: \"\"\t\r\n\t\t\t\t\t});\r\n\t\t\t\t\r\n\t\t\t\t});\t\/\/ready\r\n\t\t\t\t\r\n\t\t\t<\/script>\r\n\t\t\t\r\n\t\t\t<!-- END REVOLUTION SLIDER -->\n<p>O programa PcomWin comunica ao aparelho Cantabria os dados gravados em uma tabela de interc\u00e2mbio, iniciando-se o processo de carga. Ao finalizar o processo de carga se produz uma entrega de totais de consumos atrav\u00e9s das tabelas de intercambio para ser lidos desde o programa de gest\u00e3o do cliente.<br \/>\nPara o funcionamento do programa PcomWin deve de instalar-se o m\u00f3dulo MCR-2008.[\/vc_column_text][\/vc_column][\/vc_row]<\/p>\n","protected":false},"excerpt":{"rendered":"<p>[vc_row][vc_column width=&#8221;1\/4&#8243;][vc_wp_custommenu nav_menu=&#8221;9&#8243;][\/vc_column][vc_column width=&#8221;3\/4&#8243;][vc_column_text] Programa de enlace com aplica\u00e7\u00e3o de gest\u00e3o externa Programa MonitPlus O programa Monitplus foi desenhado \u00a0para aqueles clientes que disponham de um programa propio de gest\u00e3o \u00a0da central de concreto \u00a0e desejem integra-lo com o automatismo da central com um m\u00e1ximo de presta\u00e7\u00f5es. O programa MonitPlus, \u00e9 uma aplica\u00e7\u00e3o criada \u00a0para [&hellip;]<\/p>\n","protected":false},"author":1,"featured_media":0,"parent":1358,"menu_order":0,"comment_status":"closed","ping_status":"closed","template":"","meta":{"footnotes":""},"class_list":["post-1362","page","type-page","status-publish","hentry","invicta_simple_style_entry"],"_links":{"self":[{"href":"https:\/\/www.leca.es\/pt-pt\/wp-json\/wp\/v2\/pages\/1362","targetHints":{"allow":["GET"]}}],"collection":[{"href":"https:\/\/www.leca.es\/pt-pt\/wp-json\/wp\/v2\/pages"}],"about":[{"href":"https:\/\/www.leca.es\/pt-pt\/wp-json\/wp\/v2\/types\/page"}],"author":[{"embeddable":true,"href":"https:\/\/www.leca.es\/pt-pt\/wp-json\/wp\/v2\/users\/1"}],"replies":[{"embeddable":true,"href":"https:\/\/www.leca.es\/pt-pt\/wp-json\/wp\/v2\/comments?post=1362"}],"version-history":[{"count":1,"href":"https:\/\/www.leca.es\/pt-pt\/wp-json\/wp\/v2\/pages\/1362\/revisions"}],"predecessor-version":[{"id":3954,"href":"https:\/\/www.leca.es\/pt-pt\/wp-json\/wp\/v2\/pages\/1362\/revisions\/3954"}],"up":[{"embeddable":true,"href":"https:\/\/www.leca.es\/pt-pt\/wp-json\/wp\/v2\/pages\/1358"}],"wp:attachment":[{"href":"https:\/\/www.leca.es\/pt-pt\/wp-json\/wp\/v2\/media?parent=1362"}],"curies":[{"name":"wp","href":"https:\/\/api.w.org\/{rel}","templated":true}]}}