{"id":1360,"date":"2016-08-31T05:19:38","date_gmt":"2016-08-31T05:19:38","guid":{"rendered":"http:\/\/leca.es\/pt-pt\/?page_id=1360"},"modified":"2017-11-15T18:26:27","modified_gmt":"2017-11-15T18:26:27","slug":"programa-replik","status":"publish","type":"page","link":"https:\/\/www.leca.es\/pt-pt\/produto-leca\/concreto\/gestao-central-concreto\/programa-replik\/","title":{"rendered":"Programa Replik"},"content":{"rendered":"<p>[vc_row][vc_column width=&#8221;1\/4&#8243;][vc_wp_custommenu nav_menu=&#8221;9&#8243;][\/vc_column][vc_column width=&#8221;3\/4&#8243;][vc_column_text]<\/p>\n<h2>Programa Replik<\/h2>\n<p>[\/vc_column_text][vc_column_text]<a href=\"\/wp-content\/uploads\/2016\/03\/sistema-gestion-replik-leca-big.jpg\" rel=\"lightbox\" data-rel=\"lightbox-image-0\" data-rl_title=\"\" data-rl_caption=\"\"><img decoding=\"async\" class=\"alignleft\" title=\"\" src=\"\/wp-content\/uploads\/2016\/03\/programa_replika_leca_gestion.jpg\" width=\"360\" \/><\/a>O programa Replik instala-se no servidor do escrit\u00f3rio junto ao programa GestecNet e \u00e9 o encarregado de verificar e copiar os dados que se geram nas tabelas do programa da central GesteNET e o programa servidor GesteNET Server que se instala no escrit\u00f3rio central de maneira que tanto na central como no servidor existam os mesmos dados.<\/p>\n<p>Isto permite manter as tabelas (clientes, obras, formulas, guias\u2026.) dos programas GestecNET instalados nas centrais desde o servidor GestecNET Server utilizando conex\u00f5es ao mesmo atrav\u00e9s da rede local da empresa. As manuten\u00e7\u00f5es das tabelas s\u00e3o pelo tanto realizadas em tempo real \u00a0como si \u00a0estivera operando f\u00edsicamente na central de concreto.<\/p>\n<p><a href=\"\/wp-content\/uploads\/2016\/03\/programa_replik_proceso_02.png\" rel=\"lightbox\" data-rel=\"lightbox-image-1\" data-rl_title=\"\" data-rl_caption=\"\"><img decoding=\"async\" class=\"alignleft\" title=\"\" src=\"\/wp-content\/uploads\/2016\/03\/programa_replika_leca_gestion-2.jpg\" width=\"350\" \/><\/a>Enquanto n\u00e3o haja nenhuma falla de conex\u00e3o entre a central e o escritorio central , os dados gerados na central \u00a0replicam-se \u00e1 base de dados do escritorio central e \u00e1 inversa. Em caso de falla de conex\u00e3o, a central segue trabalhando alimentando-se dos seus dados em local e ao voltar a restabelecer-se a comunica\u00e7\u00e3o se produz uma atualiza\u00e7\u00e3o autom\u00e1tica dos dados tanto na central \u00a0como no escritoriol.[\/vc_column_text][\/vc_column][\/vc_row]<\/p>\n","protected":false},"excerpt":{"rendered":"<p>[vc_row][vc_column width=&#8221;1\/4&#8243;][vc_wp_custommenu nav_menu=&#8221;9&#8243;][\/vc_column][vc_column width=&#8221;3\/4&#8243;][vc_column_text] Programa Replik [\/vc_column_text][vc_column_text]O programa Replik instala-se no servidor do escrit\u00f3rio junto ao programa GestecNet e \u00e9 o encarregado de verificar e copiar os dados que se geram nas tabelas do programa da central GesteNET e o programa servidor GesteNET Server que se instala no escrit\u00f3rio central de maneira que tanto na [&hellip;]<\/p>\n","protected":false},"author":1,"featured_media":0,"parent":1358,"menu_order":0,"comment_status":"closed","ping_status":"closed","template":"","meta":{"footnotes":""},"class_list":["post-1360","page","type-page","status-publish","hentry","invicta_simple_style_entry"],"_links":{"self":[{"href":"https:\/\/www.leca.es\/pt-pt\/wp-json\/wp\/v2\/pages\/1360","targetHints":{"allow":["GET"]}}],"collection":[{"href":"https:\/\/www.leca.es\/pt-pt\/wp-json\/wp\/v2\/pages"}],"about":[{"href":"https:\/\/www.leca.es\/pt-pt\/wp-json\/wp\/v2\/types\/page"}],"author":[{"embeddable":true,"href":"https:\/\/www.leca.es\/pt-pt\/wp-json\/wp\/v2\/users\/1"}],"replies":[{"embeddable":true,"href":"https:\/\/www.leca.es\/pt-pt\/wp-json\/wp\/v2\/comments?post=1360"}],"version-history":[{"count":1,"href":"https:\/\/www.leca.es\/pt-pt\/wp-json\/wp\/v2\/pages\/1360\/revisions"}],"predecessor-version":[{"id":3957,"href":"https:\/\/www.leca.es\/pt-pt\/wp-json\/wp\/v2\/pages\/1360\/revisions\/3957"}],"up":[{"embeddable":true,"href":"https:\/\/www.leca.es\/pt-pt\/wp-json\/wp\/v2\/pages\/1358"}],"wp:attachment":[{"href":"https:\/\/www.leca.es\/pt-pt\/wp-json\/wp\/v2\/media?parent=1360"}],"curies":[{"name":"wp","href":"https:\/\/api.w.org\/{rel}","templated":true}]}}