{"id":1351,"date":"2016-08-31T03:42:13","date_gmt":"2016-08-31T03:42:13","guid":{"rendered":"http:\/\/leca.es\/pt-pt\/?page_id=1351"},"modified":"2017-11-15T18:26:26","modified_gmt":"2017-11-15T18:26:26","slug":"o-programa-monit-plus","status":"publish","type":"page","link":"https:\/\/www.leca.es\/pt-pt\/produto-leca\/concreto\/automatizacao-central-concreto\/o-programa-monit-plus\/","title":{"rendered":"O programa  Monit Plus"},"content":{"rendered":"<p>[vc_row][vc_column width=&#8221;1\/4&#8243;][vc_wp_custommenu nav_menu=&#8221;3&#8243;][\/vc_column][vc_column width=&#8221;3\/4&#8243;][vc_column_text]<\/p>\n<h2>O programa\u00a0 Monit-Plus<\/h2>\n<p>O programa Monit-Plus \u00a0encarrega-se da monitoriza\u00e7\u00e3o, automatiza\u00e7\u00e3o e pesagem \u00a0da central. \u00a0\u00c9 al\u00e9m disso \u00a0o encarregado de comunicar-se com os perif\u00e9ricos externos (Aparelho Cantabria, Sondas humidade, temperatura, etc.) assim como com o programa de gest\u00e3o GestecNet com a finalidade de realizar a dosifica\u00e7\u00e3o do concreto solicitado.[\/vc_column_text][vc_column_text]<a href=\"\/wp-content\/uploads\/2016\/08\/programa-monit-plus-pantalla-equipos.jpg\" rel=\"lightbox\" data-rel=\"lightbox-image-0\" data-rl_title=\"\" data-rl_caption=\"\"><img decoding=\"async\" class=\"alignnone size-medium wp-image-2998\" title=\"\" src=\"\/wp-content\/uploads\/2016\/08\/programa-monit-plus-pantalla-equipos.jpg\" alt=\"\" \/><\/a>[\/vc_column_text][vc_column_text]<a href=\"\/wp-content\/uploads\/2016\/03\/programa_gestion_monit_plus_leca-1.png\" rel=\"lightbox\" data-rel=\"lightbox-image-1\" data-rl_title=\"\" data-rl_caption=\"\"><img loading=\"lazy\" decoding=\"async\" class=\"alignleft\" title=\"\" src=\"\/wp-content\/uploads\/2016\/03\/programa_gestion_monit_plus_leca-1.png\" width=\"329\" height=\"238\" \/><\/a>A configura\u00e7\u00e3o da central \u00a0apresenta-se no ecr\u00e3 do programa em fun\u00e7\u00e3o dos dados introduzidos no programa Wconfig. O utilizador pode variar a sua vontade tanto a situa\u00e7\u00e3o dos diferentes \u00edcones que \u00a0se apresentam no ecr\u00e3 \u00a0como o gr\u00e1fico do mesmo.<\/p>\n<p>O utilizador pode al\u00e9m disso acrescentar \u00edcones para representar elementos da central e seu estado (secionadores motores, estado paros de emerg\u00eancia, indicadores marcha de diferentes elementos) ou para produzir arranques e paros desde os mesmos (Compressor, bomba de agua\u2026.).[\/vc_column_text][\/vc_column][\/vc_row]<\/p>\n","protected":false},"excerpt":{"rendered":"<p>[vc_row][vc_column width=&#8221;1\/4&#8243;][vc_wp_custommenu nav_menu=&#8221;3&#8243;][\/vc_column][vc_column width=&#8221;3\/4&#8243;][vc_column_text] O programa\u00a0 Monit-Plus O programa Monit-Plus \u00a0encarrega-se da monitoriza\u00e7\u00e3o, automatiza\u00e7\u00e3o e pesagem \u00a0da central. \u00a0\u00c9 al\u00e9m disso \u00a0o encarregado de comunicar-se com os perif\u00e9ricos externos (Aparelho Cantabria, Sondas humidade, temperatura, etc.) assim como com o programa de gest\u00e3o GestecNet com a finalidade de realizar a dosifica\u00e7\u00e3o do concreto solicitado.[\/vc_column_text][vc_column_text][\/vc_column_text][vc_column_text]A configura\u00e7\u00e3o da [&hellip;]<\/p>\n","protected":false},"author":1,"featured_media":0,"parent":1331,"menu_order":0,"comment_status":"closed","ping_status":"closed","template":"","meta":{"footnotes":""},"class_list":["post-1351","page","type-page","status-publish","hentry","invicta_simple_style_entry"],"_links":{"self":[{"href":"https:\/\/www.leca.es\/pt-pt\/wp-json\/wp\/v2\/pages\/1351","targetHints":{"allow":["GET"]}}],"collection":[{"href":"https:\/\/www.leca.es\/pt-pt\/wp-json\/wp\/v2\/pages"}],"about":[{"href":"https:\/\/www.leca.es\/pt-pt\/wp-json\/wp\/v2\/types\/page"}],"author":[{"embeddable":true,"href":"https:\/\/www.leca.es\/pt-pt\/wp-json\/wp\/v2\/users\/1"}],"replies":[{"embeddable":true,"href":"https:\/\/www.leca.es\/pt-pt\/wp-json\/wp\/v2\/comments?post=1351"}],"version-history":[{"count":1,"href":"https:\/\/www.leca.es\/pt-pt\/wp-json\/wp\/v2\/pages\/1351\/revisions"}],"predecessor-version":[{"id":3961,"href":"https:\/\/www.leca.es\/pt-pt\/wp-json\/wp\/v2\/pages\/1351\/revisions\/3961"}],"up":[{"embeddable":true,"href":"https:\/\/www.leca.es\/pt-pt\/wp-json\/wp\/v2\/pages\/1331"}],"wp:attachment":[{"href":"https:\/\/www.leca.es\/pt-pt\/wp-json\/wp\/v2\/media?parent=1351"}],"curies":[{"name":"wp","href":"https:\/\/api.w.org\/{rel}","templated":true}]}}