{"id":1349,"date":"2016-08-31T03:39:04","date_gmt":"2016-08-31T03:39:04","guid":{"rendered":"http:\/\/leca.es\/pt-pt\/?page_id=1349"},"modified":"2017-11-15T18:26:25","modified_gmt":"2017-11-15T18:26:25","slug":"temperatura","status":"publish","type":"page","link":"https:\/\/www.leca.es\/pt-pt\/produto-leca\/concreto\/automatizacao-central-concreto\/temperatura\/","title":{"rendered":"Temperatura"},"content":{"rendered":"<p>[vc_row][vc_column width=&#8221;1\/4&#8243;][vc_wp_custommenu nav_menu=&#8221;3&#8243;][vc_separator][\/vc_column][vc_column width=&#8221;3\/4&#8243;][vc_column_text]<\/p>\n<h2>Leitor de temperatura e umidade relativa no ar THAR-200<\/h2>\n<p><a href=\"\/wp-content\/uploads\/2016\/01\/lector_humedad_temperatura_leca.png\" rel=\"lightbox\" data-rel=\"lightbox-image-0\" data-rl_title=\"\" data-rl_caption=\"\"><img loading=\"lazy\" decoding=\"async\" class=\"alignleft\" title=\"\" src=\"\/wp-content\/uploads\/2016\/01\/lector_humedad_temperatura_leca.png\" width=\"160\" height=\"200\" \/><\/a>O medidor de <strong>TEMPERATURA E UMIDADE RELATIVA NO AR, THAR-200<\/strong> \u00a0permite-nos saber e imprimir na gu\u00eda de remessa \u00a0a temperatura do ar e a umidade relativa do mesmo. Garanta ao seu \u00a0cliente que s\u00faa fabrica\u00e7\u00e3o foi realizada em um margem de temperaturas que n\u00e3o afetam \u00e1 qualidade do produto fabricado.[\/vc_column_text][\/vc_column][\/vc_row]<\/p>\n","protected":false},"excerpt":{"rendered":"<p>[vc_row][vc_column width=&#8221;1\/4&#8243;][vc_wp_custommenu nav_menu=&#8221;3&#8243;][vc_separator][\/vc_column][vc_column width=&#8221;3\/4&#8243;][vc_column_text] Leitor de temperatura e umidade relativa no ar THAR-200 O medidor de TEMPERATURA E UMIDADE RELATIVA NO AR, THAR-200 \u00a0permite-nos saber e imprimir na gu\u00eda de remessa \u00a0a temperatura do ar e a umidade relativa do mesmo. Garanta ao seu \u00a0cliente que s\u00faa fabrica\u00e7\u00e3o foi realizada em um margem de temperaturas [&hellip;]<\/p>\n","protected":false},"author":1,"featured_media":0,"parent":1331,"menu_order":0,"comment_status":"closed","ping_status":"closed","template":"","meta":{"footnotes":""},"class_list":["post-1349","page","type-page","status-publish","hentry","invicta_simple_style_entry"],"_links":{"self":[{"href":"https:\/\/www.leca.es\/pt-pt\/wp-json\/wp\/v2\/pages\/1349","targetHints":{"allow":["GET"]}}],"collection":[{"href":"https:\/\/www.leca.es\/pt-pt\/wp-json\/wp\/v2\/pages"}],"about":[{"href":"https:\/\/www.leca.es\/pt-pt\/wp-json\/wp\/v2\/types\/page"}],"author":[{"embeddable":true,"href":"https:\/\/www.leca.es\/pt-pt\/wp-json\/wp\/v2\/users\/1"}],"replies":[{"embeddable":true,"href":"https:\/\/www.leca.es\/pt-pt\/wp-json\/wp\/v2\/comments?post=1349"}],"version-history":[{"count":1,"href":"https:\/\/www.leca.es\/pt-pt\/wp-json\/wp\/v2\/pages\/1349\/revisions"}],"predecessor-version":[{"id":3963,"href":"https:\/\/www.leca.es\/pt-pt\/wp-json\/wp\/v2\/pages\/1349\/revisions\/3963"}],"up":[{"embeddable":true,"href":"https:\/\/www.leca.es\/pt-pt\/wp-json\/wp\/v2\/pages\/1331"}],"wp:attachment":[{"href":"https:\/\/www.leca.es\/pt-pt\/wp-json\/wp\/v2\/media?parent=1349"}],"curies":[{"name":"wp","href":"https:\/\/api.w.org\/{rel}","templated":true}]}}