{"id":1343,"date":"2016-08-31T03:19:18","date_gmt":"2016-08-31T03:19:18","guid":{"rendered":"http:\/\/leca.es\/pt-pt\/?page_id=1343"},"modified":"2017-11-15T18:26:25","modified_gmt":"2017-11-15T18:26:25","slug":"umidade","status":"publish","type":"page","link":"https:\/\/www.leca.es\/pt-pt\/produto-leca\/concreto\/automatizacao-central-concreto\/umidade\/","title":{"rendered":"Umidade"},"content":{"rendered":"<p>[vc_row][vc_column width=&#8221;1\/4&#8243;][vc_wp_custommenu nav_menu=&#8221;3&#8243;][\/vc_column][vc_column width=&#8221;3\/4&#8243;][vc_column_text css_animation=&#8221;left-to-right&#8221;]<\/p>\n<h2>Medi\u00e7\u00e3o da umidade dos agregados<\/h2>\n<p>No concreto, um dos par\u00e2metros mais dif\u00edceis de controlar \u00e9 a quantidade de agua no concreto quando as areias e gravilhas \u00a0n\u00e3o t\u00eam uma umidade constante.<br \/>\n<a href=\"\/wp-content\/uploads\/2016\/01\/Medicion-de-la-humedad-de-los-aridos-leca-01.png\" rel=\"lightbox\" data-rel=\"lightbox-image-0\" data-rl_title=\"\" data-rl_caption=\"\"><br \/>\n<img decoding=\"async\" class=\"size-full alignleft\" title=\"\" src=\"\/wp-content\/uploads\/2016\/01\/Medicion-de-la-humedad-de-los-aridos-leca-01.png\" \/><\/a>A experi\u00eancia da nossa empresa no \u00a0campo da medi\u00e7\u00e3o de umidade levou-nos a aconselhar como produto de mais alta fiabilidade, a medi\u00e7\u00e3o da umidade por meio de sondas emissoras de MICROONDAS.<\/p>\n<p>Empregando sondas de umidade \u00a0garantiza-se a manuten\u00e7\u00e3o da rela\u00e7\u00e3o agua cimento e o volume de concreto fabricado.<br \/>\n[\/vc_column_text][\/vc_column][\/vc_row]<\/p>\n","protected":false},"excerpt":{"rendered":"<p>[vc_row][vc_column width=&#8221;1\/4&#8243;][vc_wp_custommenu nav_menu=&#8221;3&#8243;][\/vc_column][vc_column width=&#8221;3\/4&#8243;][vc_column_text css_animation=&#8221;left-to-right&#8221;] Medi\u00e7\u00e3o da umidade dos agregados No concreto, um dos par\u00e2metros mais dif\u00edceis de controlar \u00e9 a quantidade de agua no concreto quando as areias e gravilhas \u00a0n\u00e3o t\u00eam uma umidade constante. A experi\u00eancia da nossa empresa no \u00a0campo da medi\u00e7\u00e3o de umidade levou-nos a aconselhar como produto de mais alta [&hellip;]<\/p>\n","protected":false},"author":1,"featured_media":0,"parent":1331,"menu_order":0,"comment_status":"closed","ping_status":"closed","template":"","meta":{"footnotes":""},"class_list":["post-1343","page","type-page","status-publish","hentry","invicta_simple_style_entry"],"_links":{"self":[{"href":"https:\/\/www.leca.es\/pt-pt\/wp-json\/wp\/v2\/pages\/1343","targetHints":{"allow":["GET"]}}],"collection":[{"href":"https:\/\/www.leca.es\/pt-pt\/wp-json\/wp\/v2\/pages"}],"about":[{"href":"https:\/\/www.leca.es\/pt-pt\/wp-json\/wp\/v2\/types\/page"}],"author":[{"embeddable":true,"href":"https:\/\/www.leca.es\/pt-pt\/wp-json\/wp\/v2\/users\/1"}],"replies":[{"embeddable":true,"href":"https:\/\/www.leca.es\/pt-pt\/wp-json\/wp\/v2\/comments?post=1343"}],"version-history":[{"count":1,"href":"https:\/\/www.leca.es\/pt-pt\/wp-json\/wp\/v2\/pages\/1343\/revisions"}],"predecessor-version":[{"id":3964,"href":"https:\/\/www.leca.es\/pt-pt\/wp-json\/wp\/v2\/pages\/1343\/revisions\/3964"}],"up":[{"embeddable":true,"href":"https:\/\/www.leca.es\/pt-pt\/wp-json\/wp\/v2\/pages\/1331"}],"wp:attachment":[{"href":"https:\/\/www.leca.es\/pt-pt\/wp-json\/wp\/v2\/media?parent=1343"}],"curies":[{"name":"wp","href":"https:\/\/api.w.org\/{rel}","templated":true}]}}