{"id":1334,"date":"2016-08-29T21:51:40","date_gmt":"2016-08-29T21:51:40","guid":{"rendered":"http:\/\/leca.es\/pt-pt\/?page_id=1334"},"modified":"2017-11-22T16:08:57","modified_gmt":"2017-11-22T16:08:57","slug":"pesagem-e-automatizacao","status":"publish","type":"page","link":"https:\/\/www.leca.es\/pt-pt\/produto-leca\/concreto\/automatizacao-central-concreto\/pesagem-e-automatizacao\/","title":{"rendered":"Pesagem e  automatiza\u00e7\u00e3o"},"content":{"rendered":"<p>[vc_row][vc_column width=&#8221;1\/4&#8243;][vc_wp_custommenu nav_menu=&#8221;29&#8243;][vc_separator][\/vc_column][vc_column width=&#8221;3\/4&#8243;][vc_column_text]<\/p>\n<h2>APARELHO DOSIFICADOR E CONTROLADOR DE CENTRAL DE CONCRETO MODELO CANTABRIA CA.2000<\/h2>\n<p>Os aparelhos da serie Cantabria nos seus distintos modelos caraterizam-se por ser totalmente configur\u00e1veis, pelo que n\u00e3o existe depend\u00eancia t\u00e9cnica entre nossa empresa e o utilizador final para instala-lo em uma central ou simplesmente ampliar o automatismo da mesma.(Acrescentar um cimento, uma agua, ou um aditivo ou uma amassadora).[\/vc_column_text][vc_row_inner][vc_column_inner width=&#8221;1\/3&#8243;][vc_column_text]<a href=\"\/wp-content\/uploads\/2016\/01\/pesaje-y-automatizacion-controlador-de-planta-hormigon-leca.jpg\" rel=\"lightbox\" data-rel=\"lightbox-image-0\" data-rl_title=\"\" data-rl_caption=\"\"><img decoding=\"async\" title=\"\" src=\"\/wp-content\/uploads\/2016\/01\/pesaje-y-automatizacion-controlador-de-planta-hormigon-leca.jpg\" \/><\/a>[\/vc_column_text][\/vc_column_inner][vc_column_inner width=&#8221;1\/3&#8243;][vc_column_text]<a href=\"\/wp-content\/uploads\/2016\/01\/pesaje-y-automatizacion-gestion-controlador-planta-hormigon-leca-01.jpg\" rel=\"lightbox\" data-rel=\"lightbox-image-1\" data-rl_title=\"\" data-rl_caption=\"\"><img decoding=\"async\" title=\"\" src=\"\/wp-content\/uploads\/2016\/01\/pesaje-y-automatizacion-gestion-controlador-planta-hormigon-leca-01.jpg\" \/><\/a>[\/vc_column_text][\/vc_column_inner][vc_column_inner width=&#8221;1\/3&#8243;][vc_column_text]<a href=\"\/wp-content\/uploads\/2016\/01\/pesaje-y-automatizacion-gestion-controlador-planta-hormigon-leca-02.jpg\" rel=\"lightbox\" data-rel=\"lightbox-image-2\" data-rl_title=\"\" data-rl_caption=\"\"><img decoding=\"async\" title=\"\" src=\"\/wp-content\/uploads\/2016\/01\/pesaje-y-automatizacion-gestion-controlador-planta-hormigon-leca-02.jpg\" \/><\/a>[\/vc_column_text][\/vc_column_inner][\/vc_row_inner][vc_column_text]Qualquer central de concreto incluindo centrais com amassado e\/ou sistema de enchido dos silos de agregados \u00e9 configur\u00e1vel no aparelho. A configura\u00e7\u00e3o realiza-se empregando o programa Wconfig que se entrega com o aparelho junto ao programa de sin\u00f3tico e monitoriza\u00e7\u00e3o de central Monit-Plus.<\/p>\n<p><a href=\"\/wp-content\/uploads\/2016\/09\/Aparelho-Cantabria-leca.png\" rel=\"lightbox\" data-rel=\"lightbox-image-3\" data-rl_title=\"\" data-rl_caption=\"\"><img loading=\"lazy\" decoding=\"async\" class=\"size-full wp-image-2974 alignright\" title=\"\" src=\"\/wp-content\/uploads\/2016\/09\/Aparelho-Cantabria-leca-768x514.png\" alt=\"\" width=\"295\" height=\"197\" \/><\/a>O aparelho Cantabria disp\u00f5e de at\u00e9 oito canais de dosifica\u00e7\u00e3o que podem ser selecionados pelo utilizador mediante o programa Wconfig para trabalhar como balan\u00e7a acumulativa, balan\u00e7a decremental, canal multicontador, ou dosificador volum\u00e9trico. (Ver modelos e carater\u00edsticas ao pe).<\/p>\n<p>Cada canal admite a automatiza\u00e7\u00e3o de at\u00e9 doze produtos com controle de carga por ajuste fino de dosifica\u00e7\u00e3o e vibradores independentes por produto com sele\u00e7\u00e3o do caudal m\u00ednimo de carga para iniciar sua ativa\u00e7\u00e3o de maneira continua ou intermitente segundo a sele\u00e7\u00e3o.<\/p>\n<p>O aparelho pode trabalhar de modo aut\u00f3nomo ou conetado ao programa de gest\u00e3o. No modo aut\u00f3nomo pode conetar -se uma impressora e\/ou um teclado tipo PS2 atrav\u00e9s do mod\u00falo CIEX 2016 para a impress\u00e3o dos consumos de carga. Estes consumos som guardados no M\u00f3dulo CIEX e podem ser exportados a USB.<\/p>\n<p><a href=\"\/wp-content\/uploads\/2016\/01\/gestion-controlador-cantabria-leca-automatizacion-IO.png\" rel=\"lightbox1\" data-rel=\"lightbox-image-4\" data-rl_title=\"\" data-rl_caption=\"\"><img loading=\"lazy\" decoding=\"async\" class=\"alignleft\" title=\"\" src=\"\/wp-content\/uploads\/2016\/01\/gestion-controlador-cantabria-leca-automatizacion-IO-300x163.png\" width=\"203\" height=\"88\" \/><\/a>Em instala\u00e7\u00f5es onde pela quantidade de elementos a controlar se necessitem mais de 24 entradas ou 32 saidas como oferece o aparelho CANTABRIA, o aparelho \u00e9 ampli\u00e1vel mediante os m\u00f3dulos externos I\/O.<\/p>\n<p><strong>MEC-200<\/strong> &#8211; Modulo de 32 entradas.<br \/>\n<strong>MSC-200<\/strong> \u2013 m\u00f3dulo de 16 saidas.<\/p>\n<p>O aparelho <strong>CANTABRIA,\u00a0 <\/strong>pode ser integrado em uma rede local empregando o m\u00f3dulo <strong>MCR-2008<\/strong> podendo assim manejar o aparelho desde qualquer PC. Se\u00a0 disp\u00f5e de conex\u00e3o a Internet,\u00a0\u00a0 pode aceder a \u00e9l de forma remota e realizar diferentes a\u00e7\u00f5es de manuten\u00e7\u00e3o: Calibra\u00e7\u00e3o balan\u00e7as, recupera\u00e7\u00e3o da configura\u00e7\u00e3o do aparelho, manuten\u00e7\u00f5es remotas, etc.[\/vc_column_text][vc_text_separator title=&#8221;Carater\u00edsticas aparelhos serie Cantabria&#8221; title_align=&#8221;separator_align_left&#8221;][vc_row_inner][vc_column_inner width=&#8221;1\/3&#8243;][vc_column_text]<\/p>\n<h5>Cantabria CA.2000 L4<\/h5>\n<p><img decoding=\"async\" class=\"codenegar-ctt-element codenegar-image-hover \" src=\"http:\/\/www.leca.es\/wp-content\/uploads\/2016\/01\/pesaje-automatizacion-cantabria-ca-2000-L4-leca.png\" alt=\"Cantabria CA.2000 L4\" id=\"cn-cct-3006\" data-ctt-id=\"3006\" data-funcease=\"easeInOutQuad\" data-theme=\"blue\" data-animation-speed=\"200\" data-remove-delay=\"2000\" data-preferredposition=\"top\" data-enable-css-animations=\"\" data-show-css-animation=\"fadeIn\" data-hide-css-animation=\"fadeOut\" data-source=\"html\" data-min-width=\"20\" data-max-width=\"500\" data-popup-y-offset=\"0\" data-popup-offset=\"31\" data-hide-on-popup-click=\"\" data-hide-on-trigger-click=\"\" data-hide-trigger=\"\" data-trigger-on-click=\"\" data-invert-animation=\"\" data-popup-distance=\"20\"  \/><div class=\"smallipopHint\" style=\"display:none;\"> <span id=\"data-cn-cct-3006\" class=\"data-cn-cct\"><p>\u2022 Aparelho pensado para grandes centrais de concreto, argamassa, agregados ou prefabricados de concreto.<\/p>\r\n\r\n<p>\u2022 Oito canais de dosifica\u00e7\u00e3o selecion\u00e1veis como balan\u00e7a acumulativa, balan\u00e7a decremental, canal multicontador, ou dosificador volum\u00e9trico.<\/p>\r\n\r\n<p>\u2022 Doze produtos por canal com controle de carga com ajuste fino de dosifica\u00e7\u00e3o.<\/p>\r\n\r\n<p>\u2022 Vibradores independentes por produto e balan\u00e7a com activa\u00e7\u00e3o autom\u00e1tica em fun\u00e7\u00e3o do caudal de carga.<\/p>\r\n\r\n<p>\u2022 Automatiza\u00e7\u00e3o do processo de amassado e descarga de at\u00e9 duas amassadoras com duas comportas de descarga cada uma.<\/p>\r\n\r\n<p>\u2022 Automatiza\u00e7\u00e3o da via de descarga por sele\u00e7\u00e3o da mesma desde o programa de gest\u00e3o.<\/p>\r\n\r\n<p>\u2022 Nove peti\u00e7\u00f5es de fabrica\u00e7\u00e3o remotas.<\/p>\r\n\r\n<p>\u2022 Automatiza\u00e7\u00e3o de cintas ou vagonetas de transporte do concreto a diferentes postos de trabalho.<\/p>\r\n\r\n<p>\u2022 Automatiza\u00e7\u00e3o do enchido de silos de agregados<\/p>\r\n\r\n&nbsp;\r\n\r\n<p>\u2022 <strong>Nota<\/strong>: O aparelho n\u00e3o trabalha em aut\u00f3nomo. S<strong><em>\u00f3<\/em><\/strong> pode trabalhar ligado ao programa de gest\u00e3o MorterWin, PrefWin ou GestecNET.<\/p> <\/span> <\/div>[\/vc_column_text][\/vc_column_inner][vc_column_inner width=&#8221;1\/3&#8243;][vc_column_text]<\/p>\n<h5>Cantabria CA.2000 L5<\/h5>\n<p><img decoding=\"async\" class=\"codenegar-ctt-element codenegar-image-hover \" src=\"http:\/\/www.leca.es\/wp-content\/uploads\/2016\/01\/pesaje-automatizacion-cantabria-ca-2000-L5-leca.png\" alt=\"Cantabria CA.2000 L5\" id=\"cn-cct-3007\" data-ctt-id=\"3007\" data-funcease=\"easeInOutQuad\" data-theme=\"blue\" data-animation-speed=\"200\" data-remove-delay=\"2000\" data-preferredposition=\"top\" data-enable-css-animations=\"\" data-show-css-animation=\"fadeIn\" data-hide-css-animation=\"fadeOut\" data-source=\"html\" data-min-width=\"20\" data-max-width=\"500\" data-popup-y-offset=\"0\" data-popup-offset=\"31\" data-hide-on-popup-click=\"\" data-hide-on-trigger-click=\"\" data-hide-trigger=\"\" data-trigger-on-click=\"\" data-invert-animation=\"\" data-popup-distance=\"20\"  \/><div class=\"smallipopHint\" style=\"display:none;\"> <span id=\"data-cn-cct-3007\" class=\"data-cn-cct\"><p>\u2022 Quatro canais de dosifica\u00e7\u00e3o seleccion\u00e1veis como balan\u00e7a acumulativa, balan\u00e7a decremental, canal multicontador, ou dosificador volum\u00e9trico.<\/p>\r\n<p>\u2022 Seis produtos com controle de carga com ajuste fino de dosifica\u00e7\u00e3o.<\/p>\r\n<p>\u2022 Vibradores independentes por produto e balan\u00e7a com activa\u00e7\u00e3o autom\u00e1tica em fun\u00e7\u00e3o do caudal de carga.<\/p>\r\n<p>\u2022 Automatiza\u00e7\u00e3o do processo de amassado e descarga da mesma con duas comportas de descarga cada uma.<\/p>\r\n<p>\u2022 Sele\u00e7\u00e3o desde o programa de gest\u00e3o de descarga por v\u00eda seca ou amassado.<\/p>\r\n<p>\u2022 Nove peti\u00e7\u00f5es de fabrica\u00e7\u00e3o remotas. <\/p>\r\n<p>\u2022 Automatiza\u00e7\u00e3o do enchido de silos de agregados<\/p>\r\n<p>\u2022 Forma de trabalho com ou sem programa de gest\u00e3o conectado.<\/p>\r\n<p>\u2022 Conex\u00e3o com programa de gest\u00e3o MorterWin, PrefWin ou GestecNET<\/p>\r\n<p>\u2022 Em aut\u00f3nomo, Gest\u00e3o e impress\u00e3o de arquivos de clientes, obras, caminh\u00f5es. Impress\u00e3o da gu\u00eda de carga. Impress\u00e3o de consumos. Exporta\u00e7\u00e3o de Guias e consumos.<\/p>\r\n <\/span> <\/div>[\/vc_column_text][\/vc_column_inner][vc_column_inner width=&#8221;1\/3&#8243;][vc_column_text]<\/p>\n<h5>Cantabria CA.2000 L6<\/h5>\n<p><img decoding=\"async\" class=\"codenegar-ctt-element codenegar-image-hover \" src=\"http:\/\/www.leca.es\/wp-content\/uploads\/2016\/01\/pesaje-automatizacion-cantabria-ca-2000-L6-leca-1.png\" alt=\"Cantabria CA.2000 L6\" id=\"cn-cct-3008\" data-ctt-id=\"3008\" data-funcease=\"easeInOutQuad\" data-theme=\"blue\" data-animation-speed=\"200\" data-remove-delay=\"2000\" data-preferredposition=\"top\" data-enable-css-animations=\"\" data-show-css-animation=\"fadeIn\" data-hide-css-animation=\"fadeOut\" data-source=\"html\" data-min-width=\"20\" data-max-width=\"500\" data-popup-y-offset=\"0\" data-popup-offset=\"31\" data-hide-on-popup-click=\"\" data-hide-on-trigger-click=\"\" data-hide-trigger=\"\" data-trigger-on-click=\"\" data-invert-animation=\"\" data-popup-distance=\"20\"  \/><div class=\"smallipopHint\" style=\"display:none;\"> <span id=\"data-cn-cct-3008\" class=\"data-cn-cct\"><p>\u2022 Seis canais de dosifica\u00e7\u00e3o seleccion\u00e1veis, quatro como balan\u00e7a acumulativa, balan\u00e7a decremental, canal multicontador, ou dosificador volum\u00e9trico e dois canais mais trabalhando como canais multicontadores.<\/p>\r\n<p>\u2022 Seis produtos com controle de carga com ajuste fino de dosifica\u00e7\u00e3o.<\/p>\r\n<p>\u2022 Vibradores independentes por produto e balan\u00e7a com ativa\u00e7\u00e3o autom\u00e1tica em fun\u00e7\u00e3o do caudal de carga.<\/p>\r\n<p>\u2022 Automatiza\u00e7\u00e3o do processo de amassado e descarga da mesma con duas comportas de descarga cada uma.<\/p>\r\n<p>\u2022 Sele\u00e7\u00e3o desde o programa de gest\u00e3o de descarga por via seca ou amassado.<\/p>\r\n<p>\u2022 Nove peti\u00e7\u00f5es de fabrica\u00e7\u00e3o remotas. <\/p>\r\n<p>\u2022 Automatiza\u00e7\u00e3o do enchido de silos de agregados<\/p>\r\n<p>\u2022 Forma de trabalho como ou sem programa de gest\u00e3o conectado<\/p>\r\n<p>\u2022 Conex\u00e3o com programa de gest\u00e3o MorterWin, PrefWin ou GestecNET.  <\/p>\r\n<p>\u2022 Em aut\u00f3nomo, Gest\u00e3o e impress\u00e3o de arquivos de clientes, obras, caminh\u00f5es. Impress\u00e3o da gu\u00eda de carga. Impress\u00e3o de consumos. Exporta\u00e7\u00e3o de gu\u00edas e consumos.<\/p>\r\n <\/span> <\/div>[\/vc_column_text][\/vc_column_inner][\/vc_row_inner][\/vc_column][\/vc_row]<\/p>\n","protected":false},"excerpt":{"rendered":"<p>[vc_row][vc_column width=&#8221;1\/4&#8243;][vc_wp_custommenu nav_menu=&#8221;29&#8243;][vc_separator][\/vc_column][vc_column width=&#8221;3\/4&#8243;][vc_column_text] APARELHO DOSIFICADOR E CONTROLADOR DE CENTRAL DE CONCRETO MODELO CANTABRIA CA.2000 Os aparelhos da serie Cantabria nos seus distintos modelos caraterizam-se por ser totalmente configur\u00e1veis, pelo que n\u00e3o existe depend\u00eancia t\u00e9cnica entre nossa empresa e o utilizador final para instala-lo em uma central ou simplesmente ampliar o automatismo da mesma.(Acrescentar um [&hellip;]<\/p>\n","protected":false},"author":13,"featured_media":0,"parent":1331,"menu_order":0,"comment_status":"closed","ping_status":"closed","template":"","meta":{"footnotes":""},"class_list":["post-1334","page","type-page","status-publish","hentry","invicta_simple_style_entry"],"_links":{"self":[{"href":"https:\/\/www.leca.es\/pt-pt\/wp-json\/wp\/v2\/pages\/1334","targetHints":{"allow":["GET"]}}],"collection":[{"href":"https:\/\/www.leca.es\/pt-pt\/wp-json\/wp\/v2\/pages"}],"about":[{"href":"https:\/\/www.leca.es\/pt-pt\/wp-json\/wp\/v2\/types\/page"}],"author":[{"embeddable":true,"href":"https:\/\/www.leca.es\/pt-pt\/wp-json\/wp\/v2\/users\/13"}],"replies":[{"embeddable":true,"href":"https:\/\/www.leca.es\/pt-pt\/wp-json\/wp\/v2\/comments?post=1334"}],"version-history":[{"count":7,"href":"https:\/\/www.leca.es\/pt-pt\/wp-json\/wp\/v2\/pages\/1334\/revisions"}],"predecessor-version":[{"id":4171,"href":"https:\/\/www.leca.es\/pt-pt\/wp-json\/wp\/v2\/pages\/1334\/revisions\/4171"}],"up":[{"embeddable":true,"href":"https:\/\/www.leca.es\/pt-pt\/wp-json\/wp\/v2\/pages\/1331"}],"wp:attachment":[{"href":"https:\/\/www.leca.es\/pt-pt\/wp-json\/wp\/v2\/media?parent=1334"}],"curies":[{"name":"wp","href":"https:\/\/api.w.org\/{rel}","templated":true}]}}