{"id":1327,"date":"2016-08-22T03:12:16","date_gmt":"2016-08-22T03:12:16","guid":{"rendered":"http:\/\/leca.es\/pt-pt\/?page_id=1327"},"modified":"2017-11-15T18:27:33","modified_gmt":"2017-11-15T18:27:33","slug":"aparelho-para-ensacado-ca2004","status":"publish","type":"page","link":"https:\/\/www.leca.es\/pt-pt\/produto-leca\/outros\/aparelho-para-ensacado-ca2004\/","title":{"rendered":"Aparelho para ensacado CA2004"},"content":{"rendered":"<p>[vc_row][vc_column width=&#8221;1\/4&#8243;][vc_wp_custommenu nav_menu=&#8221;22&#8243;][\/vc_column][vc_column width=&#8221;3\/4&#8243;][vc_column_text]<\/p>\n<h2>CANTABRIA CA2004<\/h2>\n<p><a href=\"\/wp-content\/uploads\/2016\/06\/bascula_pesaje_ca2001_Cantabria_leca.png\" rel=\"lightbox\" data-rel=\"lightbox-image-0\" data-rl_title=\"\" data-rl_caption=\"\"><img loading=\"lazy\" decoding=\"async\" class=\"alignleft size-medium\" title=\"\" src=\"\/wp-content\/uploads\/2016\/06\/bascula_pesaje_ca2001_Cantabria_leca-300x167.png\" width=\"300\" height=\"167\" \/><\/a>O aparelho Cantabria CA2004 \u00e9 uma aplica\u00e7\u00e3o espec\u00edfica dos aparelhos da serie 2001 e 2002 para processos de ensacado na que empregando suas entradas de controle se consegue um governo da pin\u00e7a de sujei\u00e7\u00e3o do saco e o in\u00edcio da dosifica\u00e7\u00e3o por bot\u00e3o ou pedal.<\/p>\n<p><strong>Caracter\u00edsticas principais:<\/strong><br \/>\n\u2022\u00a0\u00a0 \u00a0Aparelho de pesagem e ensacado de 1 balan\u00e7a<br \/>\n\u2022\u00a0\u00a0 \u00a0Controle enchido a dupla velocidade<br \/>\n\u2022\u00a0\u00a0 \u00a0Controle pin\u00e7a de sujei\u00e7\u00e3o do saco<br \/>\n\u2022\u00a0\u00a0 \u00a0Inicio processo por sele\u00e7\u00e3o de entrada no aparelho.[\/vc_column_text][\/vc_column][\/vc_row]<\/p>\n","protected":false},"excerpt":{"rendered":"<p>[vc_row][vc_column width=&#8221;1\/4&#8243;][vc_wp_custommenu nav_menu=&#8221;22&#8243;][\/vc_column][vc_column width=&#8221;3\/4&#8243;][vc_column_text] CANTABRIA CA2004 O aparelho Cantabria CA2004 \u00e9 uma aplica\u00e7\u00e3o espec\u00edfica dos aparelhos da serie 2001 e 2002 para processos de ensacado na que empregando suas entradas de controle se consegue um governo da pin\u00e7a de sujei\u00e7\u00e3o do saco e o in\u00edcio da dosifica\u00e7\u00e3o por bot\u00e3o ou pedal. Caracter\u00edsticas principais: \u2022\u00a0\u00a0 \u00a0Aparelho [&hellip;]<\/p>\n","protected":false},"author":1,"featured_media":0,"parent":1317,"menu_order":0,"comment_status":"closed","ping_status":"closed","template":"","meta":{"footnotes":""},"class_list":["post-1327","page","type-page","status-publish","hentry","invicta_simple_style_entry"],"_links":{"self":[{"href":"https:\/\/www.leca.es\/pt-pt\/wp-json\/wp\/v2\/pages\/1327","targetHints":{"allow":["GET"]}}],"collection":[{"href":"https:\/\/www.leca.es\/pt-pt\/wp-json\/wp\/v2\/pages"}],"about":[{"href":"https:\/\/www.leca.es\/pt-pt\/wp-json\/wp\/v2\/types\/page"}],"author":[{"embeddable":true,"href":"https:\/\/www.leca.es\/pt-pt\/wp-json\/wp\/v2\/users\/1"}],"replies":[{"embeddable":true,"href":"https:\/\/www.leca.es\/pt-pt\/wp-json\/wp\/v2\/comments?post=1327"}],"version-history":[{"count":1,"href":"https:\/\/www.leca.es\/pt-pt\/wp-json\/wp\/v2\/pages\/1327\/revisions"}],"predecessor-version":[{"id":3909,"href":"https:\/\/www.leca.es\/pt-pt\/wp-json\/wp\/v2\/pages\/1327\/revisions\/3909"}],"up":[{"embeddable":true,"href":"https:\/\/www.leca.es\/pt-pt\/wp-json\/wp\/v2\/pages\/1317"}],"wp:attachment":[{"href":"https:\/\/www.leca.es\/pt-pt\/wp-json\/wp\/v2\/media?parent=1327"}],"curies":[{"name":"wp","href":"https:\/\/api.w.org\/{rel}","templated":true}]}}