{"id":1321,"date":"2016-08-22T02:28:58","date_gmt":"2016-08-22T02:28:58","guid":{"rendered":"http:\/\/leca.es\/pt-pt\/?page_id=1321"},"modified":"2017-11-15T18:27:32","modified_gmt":"2017-11-15T18:27:32","slug":"dosificador-de-caudal-multicanal","status":"publish","type":"page","link":"https:\/\/www.leca.es\/pt-pt\/produto-leca\/outros\/dosificador-de-caudal-multicanal\/","title":{"rendered":"Dosificador de Caudal Multicanal"},"content":{"rendered":"<p>[vc_row][vc_column width=&#8221;1\/4&#8243;][vc_wp_custommenu nav_menu=&#8221;22&#8243;][\/vc_column][vc_column width=&#8221;3\/4&#8243;][vc_column_text]<\/p>\n<h2>CANTABRIA CA2001\/C e CA2002\/C<\/h2>\n<p><a href=\"\/wp-content\/uploads\/2016\/06\/bascula_pesaje_ca2001_Cantabria_leca.png\" rel=\"lightbox\" data-rel=\"lightbox-image-0\" data-rl_title=\"\" data-rl_caption=\"\"><img loading=\"lazy\" decoding=\"async\" class=\"alignleft size-medium\" title=\"\" src=\"\/wp-content\/uploads\/2016\/06\/bascula_pesaje_ca2001_Cantabria_leca-300x167.png\" width=\"300\" height=\"167\" \/><\/a>Os aparelhos das series CA2001\/C e CA2002 \/C est\u00e3o pensados para automatizar sistemas de dosifica\u00e7\u00e3o por contador at\u00e9 um total de 20 produtos com ajuste fino de dosifica\u00e7\u00e3o e controle autom\u00e1tico da bomba impulsora.<br \/>\nPara a contagem o aparelho permite a sele\u00e7\u00e3o de um contador independente por produto ou um contador \u00fanico.<br \/>\nNo ecr\u00e1 se apresenta sin\u00f3tico animado no que se indica n\u00famero de produto que se est\u00e1 a dosificar, peso total na balan\u00e7a , ciclo que se est\u00e1 a realizar e mensagem do estado produtivo<\/p>\n<p>Suas nove peti\u00e7\u00f5es remotas e seu programa de controle os fazem ideais tamb\u00e9m para aplica\u00e7\u00f5es nas que se deseja uma dosifica\u00e7\u00e3o remota.<\/p>\n<p><strong>Caracter\u00edsticas principais:<\/strong><\/p>\n<ul>\n<li>Dosifica\u00e7\u00e3o de 10 elementos a dupla velocidade em modelo CA2001<\/li>\n<li>Dosifica\u00e7\u00e3o de 20 elementos a dupla velocidade em modelo CA2002<\/li>\n<li>Conex\u00e3o a impressora para realiza\u00e7\u00e3o de listagens<\/li>\n<\/ul>\n<p>[\/vc_column_text][\/vc_column][\/vc_row]<\/p>\n","protected":false},"excerpt":{"rendered":"<p>[vc_row][vc_column width=&#8221;1\/4&#8243;][vc_wp_custommenu nav_menu=&#8221;22&#8243;][\/vc_column][vc_column width=&#8221;3\/4&#8243;][vc_column_text] CANTABRIA CA2001\/C e CA2002\/C Os aparelhos das series CA2001\/C e CA2002 \/C est\u00e3o pensados para automatizar sistemas de dosifica\u00e7\u00e3o por contador at\u00e9 um total de 20 produtos com ajuste fino de dosifica\u00e7\u00e3o e controle autom\u00e1tico da bomba impulsora. Para a contagem o aparelho permite a sele\u00e7\u00e3o de um contador independente por [&hellip;]<\/p>\n","protected":false},"author":1,"featured_media":0,"parent":1317,"menu_order":0,"comment_status":"closed","ping_status":"closed","template":"","meta":{"footnotes":""},"class_list":["post-1321","page","type-page","status-publish","hentry","invicta_simple_style_entry"],"_links":{"self":[{"href":"https:\/\/www.leca.es\/pt-pt\/wp-json\/wp\/v2\/pages\/1321","targetHints":{"allow":["GET"]}}],"collection":[{"href":"https:\/\/www.leca.es\/pt-pt\/wp-json\/wp\/v2\/pages"}],"about":[{"href":"https:\/\/www.leca.es\/pt-pt\/wp-json\/wp\/v2\/types\/page"}],"author":[{"embeddable":true,"href":"https:\/\/www.leca.es\/pt-pt\/wp-json\/wp\/v2\/users\/1"}],"replies":[{"embeddable":true,"href":"https:\/\/www.leca.es\/pt-pt\/wp-json\/wp\/v2\/comments?post=1321"}],"version-history":[{"count":1,"href":"https:\/\/www.leca.es\/pt-pt\/wp-json\/wp\/v2\/pages\/1321\/revisions"}],"predecessor-version":[{"id":3911,"href":"https:\/\/www.leca.es\/pt-pt\/wp-json\/wp\/v2\/pages\/1321\/revisions\/3911"}],"up":[{"embeddable":true,"href":"https:\/\/www.leca.es\/pt-pt\/wp-json\/wp\/v2\/pages\/1317"}],"wp:attachment":[{"href":"https:\/\/www.leca.es\/pt-pt\/wp-json\/wp\/v2\/media?parent=1321"}],"curies":[{"name":"wp","href":"https:\/\/api.w.org\/{rel}","templated":true}]}}