{"id":1310,"date":"2016-08-22T00:52:39","date_gmt":"2016-08-22T00:52:39","guid":{"rendered":"http:\/\/leca.es\/pt-pt\/?page_id=1310"},"modified":"2017-11-15T18:29:38","modified_gmt":"2017-11-15T18:29:38","slug":"contratos-personalizados","status":"publish","type":"page","link":"https:\/\/www.leca.es\/pt-pt\/contratos-de-manutencao\/contratos-personalizados\/","title":{"rendered":"Contratos personalizados"},"content":{"rendered":"<p>[vc_row][vc_column width=&#8221;1\/4&#8243;][vc_wp_custommenu nav_menu=&#8221;7&#8243;][\/vc_column][vc_column width=&#8221;3\/4&#8243;][vc_text_separator title=&#8221;Contratos personalizados&#8221; title_align=&#8221;separator_align_left&#8221;][vc_column_text]LECA S.L. com a finalidade de oferecer uma maior cobertura ir\u00e1 estudar os casos em que uma empresa o solicite um contrato de manuten\u00e7\u00e3o personalizado de maneira que se adapte aos requerimentos da mesma.<\/p>\n<p>Noso departamento comercial est\u00e1 ao seu servi\u00e7o para levar a bom fim a formaliza\u00e7\u00e3o do mesmo. N\u00e3o duvide em contatar com seu comercial de zona para solicitar uma entrevista.<br \/>\n[\/vc_column_text][\/vc_column][\/vc_row]<\/p>\n","protected":false},"excerpt":{"rendered":"<p>[vc_row][vc_column width=&#8221;1\/4&#8243;][vc_wp_custommenu nav_menu=&#8221;7&#8243;][\/vc_column][vc_column width=&#8221;3\/4&#8243;][vc_text_separator title=&#8221;Contratos personalizados&#8221; title_align=&#8221;separator_align_left&#8221;][vc_column_text]LECA S.L. com a finalidade de oferecer uma maior cobertura ir\u00e1 estudar os casos em que uma empresa o solicite um contrato de manuten\u00e7\u00e3o personalizado de maneira que se adapte aos requerimentos da mesma. Noso departamento comercial est\u00e1 ao seu servi\u00e7o para levar a bom fim a formaliza\u00e7\u00e3o do [&hellip;]<\/p>\n","protected":false},"author":1,"featured_media":0,"parent":1305,"menu_order":0,"comment_status":"closed","ping_status":"closed","template":"","meta":{"footnotes":""},"class_list":["post-1310","page","type-page","status-publish","hentry","invicta_simple_style_entry"],"_links":{"self":[{"href":"https:\/\/www.leca.es\/pt-pt\/wp-json\/wp\/v2\/pages\/1310","targetHints":{"allow":["GET"]}}],"collection":[{"href":"https:\/\/www.leca.es\/pt-pt\/wp-json\/wp\/v2\/pages"}],"about":[{"href":"https:\/\/www.leca.es\/pt-pt\/wp-json\/wp\/v2\/types\/page"}],"author":[{"embeddable":true,"href":"https:\/\/www.leca.es\/pt-pt\/wp-json\/wp\/v2\/users\/1"}],"replies":[{"embeddable":true,"href":"https:\/\/www.leca.es\/pt-pt\/wp-json\/wp\/v2\/comments?post=1310"}],"version-history":[{"count":1,"href":"https:\/\/www.leca.es\/pt-pt\/wp-json\/wp\/v2\/pages\/1310\/revisions"}],"predecessor-version":[{"id":3833,"href":"https:\/\/www.leca.es\/pt-pt\/wp-json\/wp\/v2\/pages\/1310\/revisions\/3833"}],"up":[{"embeddable":true,"href":"https:\/\/www.leca.es\/pt-pt\/wp-json\/wp\/v2\/pages\/1305"}],"wp:attachment":[{"href":"https:\/\/www.leca.es\/pt-pt\/wp-json\/wp\/v2\/media?parent=1310"}],"curies":[{"name":"wp","href":"https:\/\/api.w.org\/{rel}","templated":true}]}}