{"id":1305,"date":"2016-08-19T22:09:29","date_gmt":"2016-08-19T22:09:29","guid":{"rendered":"http:\/\/leca.es\/pt-pt\/?page_id=1305"},"modified":"2017-11-15T18:29:37","modified_gmt":"2017-11-15T18:29:37","slug":"contratos-de-manutencao","status":"publish","type":"page","link":"https:\/\/www.leca.es\/pt-pt\/contratos-de-manutencao\/","title":{"rendered":"Contratos de manuten\u00e7\u00e3o"},"content":{"rendered":"<p>[vc_row][vc_column width=&#8221;1\/4&#8243;][vc_wp_custommenu nav_menu=&#8221;7&#8243;][\/vc_column][vc_column width=&#8221;3\/4&#8243;][vc_column_text]<img loading=\"lazy\" decoding=\"async\" class=\" wp-image-236 alignleft\" src=\"\/wp-content\/uploads\/2016\/01\/contrato-servicios-mantenimiento-leca.jpg\" alt=\"contrato-servicios-mantenimiento-leca\" width=\"220\" height=\"180\" \/>Se voc\u00ea comprou algum programa da nosa empresa, parab\u00e9ns. Agora toca mant\u00ea-lo. Para isso \u00e9 necess\u00e1rio actualiza-los de forma peri\u00f3dica, j\u00e1 que se n\u00e3o realizamos as actualiza\u00e7\u00f5es dos aparelhos e programas, estes hoje modernos, converteram-se com o paso do tempo em obsoletos.<\/p>\n<p>Os requerimentos m\u00ednimos que esperamos encontrar em qualquer aparelho ou programa variam com o tempo. As normas de industrializa\u00e7\u00e3o, a compatibilidade com os antivirus do mercado ou a adapta\u00e7\u00e3o a novas plataformas de trabalho fazem necess\u00e1rio realizar processos de actualiza\u00e7\u00e3o.<\/p>\n<p>Por tudo isso nosa empresa p\u00f5e a sua disposi\u00e7\u00e3o nosos contratos de manuten\u00e7\u00e3o.[\/vc_column_text][vc_toggle title=&#8221;Tem d\u00favidas na manipula\u00e7\u00e3o dos programas e\/ou aparelhos comprados? Cr\u00ea que t\u00eam uma avaria?&#8221;]Com qualquer dos nossos contratos est\u00e1 incluida a assist\u00eancia telef\u00f3nica.<br \/>\nChame-nos e atenderemos sem custo adicional.<br \/>\n[\/vc_toggle][vc_toggle title=&#8221;C\u00f3mo sei que existe uma nova vers\u00e3o?&#8221;]SIMPLES. Se\u00a0 disp\u00f5e de Internet, os programas ligam-se de forma\u00a0autom\u00e1tica aos nosos servidores e verificam se existe uma actualiza\u00e7\u00e3o,\u00a0avis\u00e1ndo-lhe inmediatamente.[\/vc_toggle][vc_toggle title=&#8221;Qu\u00e9 acontece se n\u00e3o tenho Internet na central?&#8221;]Tenha ou n\u00e3o Internet na\u00a0 central, receber\u00e1 al\u00e9m disso um correio electr\u00f3nico\u00a0indicando que existe uma nova vers\u00e3o para que\u00a0 possa descarrega-la dos\u00a0nosos servidores e instala-la na\u00a0 central.[\/vc_toggle][vc_toggle title=&#8221;Deseja que realicemos uma inspe\u00e7\u00e3o peri\u00f3dica da s\u00faa instala\u00e7\u00e3o e comprovemos calibra\u00e7\u00f5es de balan\u00e7as e contadores e instala\u00e7\u00e3o geral?&#8221;]Dispomos de contratos que incluem al\u00e9m disso a verifica\u00e7\u00e3o peri\u00f3dica da s\u00faa instala\u00e7\u00e3o<br \/>\n[\/vc_toggle][\/vc_column][\/vc_row]<\/p>\n","protected":false},"excerpt":{"rendered":"<p>[vc_row][vc_column width=&#8221;1\/4&#8243;][vc_wp_custommenu nav_menu=&#8221;7&#8243;][\/vc_column][vc_column width=&#8221;3\/4&#8243;][vc_column_text]Se voc\u00ea comprou algum programa da nosa empresa, parab\u00e9ns. Agora toca mant\u00ea-lo. Para isso \u00e9 necess\u00e1rio actualiza-los de forma peri\u00f3dica, j\u00e1 que se n\u00e3o realizamos as actualiza\u00e7\u00f5es dos aparelhos e programas, estes hoje modernos, converteram-se com o paso do tempo em obsoletos. Os requerimentos m\u00ednimos que esperamos encontrar em qualquer aparelho ou [&hellip;]<\/p>\n","protected":false},"author":1,"featured_media":0,"parent":0,"menu_order":0,"comment_status":"closed","ping_status":"closed","template":"","meta":{"footnotes":""},"class_list":["post-1305","page","type-page","status-publish","hentry","invicta_simple_style_entry"],"_links":{"self":[{"href":"https:\/\/www.leca.es\/pt-pt\/wp-json\/wp\/v2\/pages\/1305","targetHints":{"allow":["GET"]}}],"collection":[{"href":"https:\/\/www.leca.es\/pt-pt\/wp-json\/wp\/v2\/pages"}],"about":[{"href":"https:\/\/www.leca.es\/pt-pt\/wp-json\/wp\/v2\/types\/page"}],"author":[{"embeddable":true,"href":"https:\/\/www.leca.es\/pt-pt\/wp-json\/wp\/v2\/users\/1"}],"replies":[{"embeddable":true,"href":"https:\/\/www.leca.es\/pt-pt\/wp-json\/wp\/v2\/comments?post=1305"}],"version-history":[{"count":1,"href":"https:\/\/www.leca.es\/pt-pt\/wp-json\/wp\/v2\/pages\/1305\/revisions"}],"predecessor-version":[{"id":3829,"href":"https:\/\/www.leca.es\/pt-pt\/wp-json\/wp\/v2\/pages\/1305\/revisions\/3829"}],"wp:attachment":[{"href":"https:\/\/www.leca.es\/pt-pt\/wp-json\/wp\/v2\/media?parent=1305"}],"curies":[{"name":"wp","href":"https:\/\/api.w.org\/{rel}","templated":true}]}}