{"id":1299,"date":"2016-08-19T21:36:00","date_gmt":"2016-08-19T21:36:00","guid":{"rendered":"http:\/\/leca.es\/pt-pt\/?page_id=1299"},"modified":"2017-11-15T18:29:36","modified_gmt":"2017-11-15T18:29:36","slug":"contrato-de-servico-cpp","status":"publish","type":"page","link":"https:\/\/www.leca.es\/pt-pt\/contratos-de-manutencao\/contrato-de-servico-cpp\/","title":{"rendered":"Contrato de servi\u00e7o CPP"},"content":{"rendered":"<p>[vc_row][vc_column width=&#8221;1\/4&#8243;][vc_wp_custommenu nav_menu=&#8221;7&#8243;][\/vc_column][vc_column width=&#8221;3\/4&#8243;][vc_text_separator title=&#8221;Contrato Produ\u00e7\u00e3o Plus CPP &#8221; title_align=&#8221;separator_align_left&#8221;][vc_column_text]Este contrato inclui al\u00e9m dos servi\u00e7os oferecidos no contrato CAS a repara\u00e7\u00e3o dos aparelhos e programas montados na instala\u00e7\u00e3o. Uma boa maneira de evitar os gastos variaveis que se podem apresentar em uma empresa.<\/p>\n<p>Os servi\u00e7os deste contrato s\u00e3o:<\/p>\n<ul>\n<li><strong>ATUALIZA\u00c7\u00c3O DO PROGRAMA<\/strong>. A substitui\u00e7\u00e3o de programa(s) por nova vers\u00e3o atualizada do mesmo.<\/li>\n<li><strong>ATUALIZA\u00c7\u00c3O DA MEM\u00d3RIA DO APARELHO<\/strong>. Substitui\u00e7\u00e3o da vers\u00e3o do software do aparelho(s) microprocesador(es) LECA contratado(s).<\/li>\n<li><strong>SERVI\u00c7O SATT<\/strong> (Assist\u00eancia t\u00e9nica telef\u00f3nica). Aten\u00e7\u00e3o e solu\u00e7\u00e3o de consultas referidas ao funcionamento e operativa dos produtos LECA contratados.<\/li>\n<li><strong>SERVI\u00c7O DE REPARA\u00c7\u00c3O<\/strong>. LECA reparar\u00e1 gratuitamente os APARELHOS e programas incluidos em cada central contratada especificada neste contrato.<\/li>\n<li><strong>SERVI\u00c7O SERPRES<\/strong>. O assinante poder\u00e1 dispor de um APARELHO sem custo algum enquanto LECA repara o seu incluido neste contrato.<\/li>\n<\/ul>\n<p>[\/vc_column_text][vc_text_separator title=&#8221;EXCLUS\u00d5ES DO CONTRATO &#8221; title_align=&#8221;separator_align_left&#8221;][vc_column_text]<\/p>\n<ul>\n<li><em>Substitui\u00e7\u00e3o, repara\u00e7\u00e3o ou reposi\u00e7\u00e3o dos produtos incluidos em caso de funcionamento incorreto debido \u00e1 interven\u00e7\u00e3o efetuada no mesmo por pessoas n\u00e3o autorizadas por LECA ou mal uso demostrado por parte do cliente.<\/em><\/li>\n<li><em>Aparelho irreparavel.<\/em><\/li>\n<li><em>Recupera\u00e7\u00e3o de informa\u00e7\u00e3o de soportes magn\u00e9ticos ou copias de seguridade em discos, disquetes, etc. <\/em><\/li>\n<li><em>O importe ou prezo imputavel a qualquer material ou elemento f\u00edsico n\u00e3o incluido neste contrato, regendo em tal suposto as tarifas estabelecidas por LECA.<\/em><\/li>\n<li><em>A mudan\u00e7a de instala\u00e7\u00f5es de campo e quadros el\u00e9tricos.<\/em><\/li>\n<li><em>Os gastos de envio, portes, deslocamentos, dietas, horas de deslocamento, hoteis, bilhetes de viagem, carros de aluguer e materiais necessarios para as interven\u00e7\u00f5es de t\u00e9cnicos na central ser\u00e3o sempre a cargo do cliente.<\/em><\/li>\n<\/ul>\n<p>[\/vc_column_text][\/vc_column][\/vc_row]<\/p>\n","protected":false},"excerpt":{"rendered":"<p>[vc_row][vc_column width=&#8221;1\/4&#8243;][vc_wp_custommenu nav_menu=&#8221;7&#8243;][\/vc_column][vc_column width=&#8221;3\/4&#8243;][vc_text_separator title=&#8221;Contrato Produ\u00e7\u00e3o Plus CPP &#8221; title_align=&#8221;separator_align_left&#8221;][vc_column_text]Este contrato inclui al\u00e9m dos servi\u00e7os oferecidos no contrato CAS a repara\u00e7\u00e3o dos aparelhos e programas montados na instala\u00e7\u00e3o. Uma boa maneira de evitar os gastos variaveis que se podem apresentar em uma empresa. Os servi\u00e7os deste contrato s\u00e3o: ATUALIZA\u00c7\u00c3O DO PROGRAMA. A substitui\u00e7\u00e3o de programa(s) [&hellip;]<\/p>\n","protected":false},"author":1,"featured_media":0,"parent":1305,"menu_order":0,"comment_status":"closed","ping_status":"closed","template":"","meta":{"footnotes":""},"class_list":["post-1299","page","type-page","status-publish","hentry","invicta_simple_style_entry"],"_links":{"self":[{"href":"https:\/\/www.leca.es\/pt-pt\/wp-json\/wp\/v2\/pages\/1299","targetHints":{"allow":["GET"]}}],"collection":[{"href":"https:\/\/www.leca.es\/pt-pt\/wp-json\/wp\/v2\/pages"}],"about":[{"href":"https:\/\/www.leca.es\/pt-pt\/wp-json\/wp\/v2\/types\/page"}],"author":[{"embeddable":true,"href":"https:\/\/www.leca.es\/pt-pt\/wp-json\/wp\/v2\/users\/1"}],"replies":[{"embeddable":true,"href":"https:\/\/www.leca.es\/pt-pt\/wp-json\/wp\/v2\/comments?post=1299"}],"version-history":[{"count":1,"href":"https:\/\/www.leca.es\/pt-pt\/wp-json\/wp\/v2\/pages\/1299\/revisions"}],"predecessor-version":[{"id":3832,"href":"https:\/\/www.leca.es\/pt-pt\/wp-json\/wp\/v2\/pages\/1299\/revisions\/3832"}],"up":[{"embeddable":true,"href":"https:\/\/www.leca.es\/pt-pt\/wp-json\/wp\/v2\/pages\/1305"}],"wp:attachment":[{"href":"https:\/\/www.leca.es\/pt-pt\/wp-json\/wp\/v2\/media?parent=1299"}],"curies":[{"name":"wp","href":"https:\/\/api.w.org\/{rel}","templated":true}]}}