{"id":1296,"date":"2016-08-19T15:44:00","date_gmt":"2016-08-19T15:44:00","guid":{"rendered":"http:\/\/leca.es\/pt-pt\/?page_id=1296"},"modified":"2017-11-17T11:11:03","modified_gmt":"2017-11-17T11:11:03","slug":"inicio","status":"publish","type":"page","link":"https:\/\/www.leca.es\/pt-pt\/inicio\/","title":{"rendered":"Inicio"},"content":{"rendered":"<p>[vc_row][vc_column]<div class=\"invicta_heading wpb_content_element\"><h1 class=\"primary\">Solu\u00e7\u00f5es para o mercado do <span class=\"accentcolor-text\">concreto<\/span>, <span class=\"accentcolor-text\">prefabricado <\/span>e <span class=\"accentcolor-text\">argamassa<\/span><\/h1><\/div>[\/vc_column][\/vc_row][vc_row][vc_column width=&#8221;1\/3&#8243;]<div class=\"invicta_iconbox wpb_content_element default\"><a href=\"https:\/\/www.leca.es\/pt-pt\/area-clientes\/\" class=\"icon\" title=\"Saber mais acerca de Servi\u00e7o T\u00e9cnico\"><i class=\"icon-wrench\"><\/i><\/a><div class=\"content\"><a href=\"https:\/\/www.leca.es\/pt-pt\/area-clientes\/\" class=\"title accentcolor-text-on_hover inherit-color\" title=\"Saber mais acerca de Servi\u00e7o T\u00e9cnico\">Servi\u00e7o T\u00e9cnico<\/a><div class=\"text\">Leca S.L. disp\u00f5e de servi\u00e7o t\u00e9cnico capaz de reparar e atualizar os aparelhos e\/ou programas instalados na s\u00faa central.<\/p>\n<p>O t\u00e9cnico reparador leva sempre consigo o material necessario para realizar uma repara\u00e7\u00e3o diretamente na central. Nos casos nos que n\u00e3o se possa completar a repara\u00e7\u00e3o, o t\u00e9cnico montador instalar\u00e1 um aparelho de substitui\u00e7\u00e3o at\u00e9 que o seu esteja reparado.<\/div><\/div><\/div>[\/vc_column][vc_column width=&#8221;1\/3&#8243;]<div class=\"invicta_iconbox wpb_content_element default\"><a href=\"https:\/\/www.leca.es\/pt-pt\/area-clientes\/\" class=\"icon\" title=\"Saber mais acerca de Informa\u00e7\u00e3o de nossos produtos\"><i class=\"icon-info\"><\/i><\/a><div class=\"content\"><a href=\"https:\/\/www.leca.es\/pt-pt\/area-clientes\/\" class=\"title accentcolor-text-on_hover inherit-color\" title=\"Saber mais acerca de Informa\u00e7\u00e3o de nossos produtos\">Informa\u00e7\u00e3o de nossos produtos<\/a><div class=\"text\">Leca S.L. realiza aparelhos robustos pensando no utilizador final. Nossos produtos podem ser manejados por todo tipo de pessoal, ja que presentam men\u00fas de trabalho de f\u00e1cil compress\u00e3o.<\/p>\n<p>Em todos os aparelhos se inclui um autodiagnostico que informar\u00e1 ao operador de poss\u00edveis erros de funcionamento tanto do aparelho como dos diferentes elementos da instala\u00e7\u00e3o<br \/>\n<\/div><\/div><\/div>[\/vc_column][vc_column width=&#8221;1\/3&#8243;]<div class=\"invicta_iconbox wpb_content_element default\"><a href=\"https:\/\/www.leca.es\/pt-pt\/area-clientes\/\" class=\"icon\" title=\"Saber mais acerca de Contratos a Medida\"><i class=\"icon-book\"><\/i><\/a><div class=\"content\"><a href=\"https:\/\/www.leca.es\/pt-pt\/area-clientes\/\" class=\"title accentcolor-text-on_hover inherit-color\" title=\"Saber mais acerca de Contratos a Medida\">Contratos a Medida<\/a><div class=\"text\">Oferecemos aos nossos clientes contratos de manuten\u00e7\u00e3o em diferentes n\u00edveis que v\u00e3o desde um contrato b\u00e1sico de manuten\u00e7\u00e3o dos programas a um contrato no que se inclui a revis\u00e3o da central de forma peri\u00f3dica ou a repara\u00e7\u00e3o gratuita dos aparelhos entre outras caracter\u00edsticas.<\/p>\n<p>Consulte o apartado de contratos para mais informa\u00e7\u00e3o.<br \/>\n<\/div><\/div><\/div>[\/vc_column][\/vc_row]<\/p>\n","protected":false},"excerpt":{"rendered":"<p>[vc_row][vc_column][\/vc_column][\/vc_row][vc_row][vc_column width=&#8221;1\/3&#8243;][\/vc_column][vc_column width=&#8221;1\/3&#8243;][\/vc_column][vc_column width=&#8221;1\/3&#8243;][\/vc_column][\/vc_row]<\/p>\n","protected":false},"author":13,"featured_media":0,"parent":0,"menu_order":0,"comment_status":"closed","ping_status":"closed","template":"","meta":{"footnotes":""},"class_list":["post-1296","page","type-page","status-publish","hentry","invicta_simple_style_entry"],"_links":{"self":[{"href":"https:\/\/www.leca.es\/pt-pt\/wp-json\/wp\/v2\/pages\/1296","targetHints":{"allow":["GET"]}}],"collection":[{"href":"https:\/\/www.leca.es\/pt-pt\/wp-json\/wp\/v2\/pages"}],"about":[{"href":"https:\/\/www.leca.es\/pt-pt\/wp-json\/wp\/v2\/types\/page"}],"author":[{"embeddable":true,"href":"https:\/\/www.leca.es\/pt-pt\/wp-json\/wp\/v2\/users\/13"}],"replies":[{"embeddable":true,"href":"https:\/\/www.leca.es\/pt-pt\/wp-json\/wp\/v2\/comments?post=1296"}],"version-history":[{"count":1,"href":"https:\/\/www.leca.es\/pt-pt\/wp-json\/wp\/v2\/pages\/1296\/revisions"}],"predecessor-version":[{"id":3849,"href":"https:\/\/www.leca.es\/pt-pt\/wp-json\/wp\/v2\/pages\/1296\/revisions\/3849"}],"wp:attachment":[{"href":"https:\/\/www.leca.es\/pt-pt\/wp-json\/wp\/v2\/media?parent=1296"}],"curies":[{"name":"wp","href":"https:\/\/api.w.org\/{rel}","templated":true}]}}