{"id":1293,"date":"2016-08-19T15:34:57","date_gmt":"2016-08-19T15:34:57","guid":{"rendered":"http:\/\/leca.es\/pt-pt\/?page_id=1293"},"modified":"2017-11-15T18:26:50","modified_gmt":"2017-11-15T18:26:50","slug":"solucoes-moveis-fabricacao","status":"publish","type":"page","link":"https:\/\/www.leca.es\/pt-pt\/produto-leca\/concreto\/solucoes-moveis-fabricacao\/","title":{"rendered":"Solu\u00e7\u00f5es Moveis Fabrica\u00e7\u00e3o"},"content":{"rendered":"<p>[vc_row][vc_column width=&#8221;1\/4&#8243;][vc_wp_custommenu nav_menu=&#8221;11&#8243;][\/vc_column][vc_column width=&#8221;3\/4&#8243;][vc_column_text]<\/p>\n<h2>Aplica\u00e7\u00e3o M\u00f3vel<\/h2>\n<p>[\/vc_column_text][vc_row_inner][vc_column_inner][vc_column_text]<a href=\"\/wp-content\/uploads\/2017\/07\/GestecMobile_Programa_Leca.jpg\" rel=\"lightbox\" data-rel=\"lightbox-image-0\" data-rl_title=\"\" data-rl_caption=\"\"><img decoding=\"async\" class=\"alignnone size-full title=\"\"Clique na imagem para ampliar\" src=\"\/wp-content\/uploads\/2017\/07\/GestecMobile_Programa_Leca.jpg\" \/><\/a>[\/vc_column_text][\/vc_column_inner][\/vc_row_inner][vc_column_text]GestecMobile \u00e9 uma aplica\u00e7\u00e3o m\u00f3vel que permite em remoto a visualiza\u00e7\u00e3o do estado de fabrica\u00e7\u00e3o das centrais de concreto e a manuten\u00e7\u00e3o das diferentes tabelas que comp\u00f5em a aplica\u00e7\u00e3o da central GestecNET sempre que o utilizador disponha das permiss\u00f5es necessarias.<\/p>\n<p>Mediante a aplica\u00e7\u00e3o GestecMobile os utilizadores autorizados no programa de gest\u00e3o da central GestecNET podem olhar o que est\u00e3o a fabricar as centrais de concreto e o hist\u00f3rico de consumos por gu\u00eda com os erros de pesagem e informa\u00e7\u00e3o das cargas realizadas de maneira manual assim como as datas das diferentes liga\u00e7\u00f5es e paros do programa da central. Se disp\u00f5e de permiss\u00f5es suficientes, pode tamb\u00e9m gestionar o risco de clientes ou modificar pesos das formulas entre outras possibilidades.<\/p>\n<p><a href=\"http:\/\/lecabcn.dyndns.org\/GestecMobile\" target=\"_blank\" rel=\"noopener\">Probar DEMO<\/a><\/p>\n<p>(Usuario: <strong>Administrador<\/strong>)<br \/>\n(Contrase\u00f1a: <strong>LECA<\/strong>)[\/vc_column_text][\/vc_column][\/vc_row]<\/p>\n","protected":false},"excerpt":{"rendered":"<p>[vc_row][vc_column width=&#8221;1\/4&#8243;][vc_wp_custommenu nav_menu=&#8221;11&#8243;][\/vc_column][vc_column width=&#8221;3\/4&#8243;][vc_column_text] Aplica\u00e7\u00e3o M\u00f3vel [\/vc_column_text][vc_row_inner][vc_column_inner][vc_column_text][\/vc_column_text][\/vc_column_inner][\/vc_row_inner][vc_column_text]GestecMobile \u00e9 uma aplica\u00e7\u00e3o m\u00f3vel que permite em remoto a visualiza\u00e7\u00e3o do estado de fabrica\u00e7\u00e3o das centrais de concreto e a manuten\u00e7\u00e3o das diferentes tabelas que comp\u00f5em a aplica\u00e7\u00e3o da central GestecNET sempre que o utilizador disponha das permiss\u00f5es necessarias. Mediante a aplica\u00e7\u00e3o GestecMobile os utilizadores autorizados no programa [&hellip;]<\/p>\n","protected":false},"author":1,"featured_media":0,"parent":1290,"menu_order":0,"comment_status":"closed","ping_status":"closed","template":"","meta":{"footnotes":""},"class_list":["post-1293","page","type-page","status-publish","hentry","invicta_simple_style_entry"],"_links":{"self":[{"href":"https:\/\/www.leca.es\/pt-pt\/wp-json\/wp\/v2\/pages\/1293","targetHints":{"allow":["GET"]}}],"collection":[{"href":"https:\/\/www.leca.es\/pt-pt\/wp-json\/wp\/v2\/pages"}],"about":[{"href":"https:\/\/www.leca.es\/pt-pt\/wp-json\/wp\/v2\/types\/page"}],"author":[{"embeddable":true,"href":"https:\/\/www.leca.es\/pt-pt\/wp-json\/wp\/v2\/users\/1"}],"replies":[{"embeddable":true,"href":"https:\/\/www.leca.es\/pt-pt\/wp-json\/wp\/v2\/comments?post=1293"}],"version-history":[{"count":1,"href":"https:\/\/www.leca.es\/pt-pt\/wp-json\/wp\/v2\/pages\/1293\/revisions"}],"predecessor-version":[{"id":3938,"href":"https:\/\/www.leca.es\/pt-pt\/wp-json\/wp\/v2\/pages\/1293\/revisions\/3938"}],"up":[{"embeddable":true,"href":"https:\/\/www.leca.es\/pt-pt\/wp-json\/wp\/v2\/pages\/1290"}],"wp:attachment":[{"href":"https:\/\/www.leca.es\/pt-pt\/wp-json\/wp\/v2\/media?parent=1293"}],"curies":[{"name":"wp","href":"https:\/\/api.w.org\/{rel}","templated":true}]}}