{"id":4255,"date":"2018-06-29T12:33:07","date_gmt":"2018-06-29T12:33:07","guid":{"rendered":"http:\/\/www.leca.es\/politica-de-privacidad\/"},"modified":"2018-06-29T12:34:31","modified_gmt":"2018-06-29T12:34:31","slug":"politica-de-privacidad","status":"publish","type":"page","link":"https:\/\/www.leca.es\/la\/politica-de-privacidad\/","title":{"rendered":"Pol\u00edtica de privacidad"},"content":{"rendered":"<p><strong>Laboratorios Electr\u00f3nicos LECA SL <\/strong>garantiza la protecci\u00f3n y confidencialidad de los datos personales, de cualquier tipo que nos proporcionen nuestros clientes o usuarios de la p\u00e1gina web, de acuerdo con lo dispuesto en el Reglamento General de Protecci\u00f3n de Datos de Car\u00e1cter Personal (en adelante, RGPD).<\/p>\n<p>Todos los datos facilitados a <strong>Laboratorios Electr\u00f3nicos LECA SL<\/strong>, ser\u00e1n incluidos en nuestro registro de actividad de datos de car\u00e1cter personal, creado y mantenido bajo la responsabilidad de <strong>Laboratorios Electr\u00f3nicos LECA S.L.<\/strong>, imprescindibles para prestar los servicios o solicitudes de informaci\u00f3n requeridos.<\/p>\n<p>Los datos facilitados ser\u00e1n tratados en los t\u00e9rminos establecidos en el RGPD, en este sentido <strong>Laboratorios Electr\u00f3nicos LECA S.L. <\/strong>ha adoptado los niveles de protecci\u00f3n que legalmente se exigen, y ha instalado todas las medidas t\u00e9cnicas a su alcance para evitar la p\u00e9rdida, mal uso, alteraci\u00f3n, acceso no autorizado por terceros. No obstante, el usuario debe ser consciente de que las medidas de seguridad en Internet no son inexpugnables.<\/p>\n<p>El usuario de la web, rellenando el formulario de contacto y marcando la casilla correspondiente, nos otorga consentimiento expreso para que podamos tratar sus datos personales y\/o corporativos con la finalidad de enviar\u00a0comunicaciones comerciales y de cortes\u00eda relacionadas con nuestra entidad, a trav\u00e9s del tel\u00e9fono, correo postal ordinario, fax, correo electr\u00f3nico o medios de comunicaci\u00f3n electr\u00f3nica equivalentes.<\/p>\n<p>En cumplimiento de lo establecido en el RGPD, el usuario podr\u00e1 ejercitar, en cualquier momento, sus derechos de acceso, rectificaci\u00f3n, cancelaci\u00f3n, oposici\u00f3n, limitaci\u00f3n de tratamiento, supresi\u00f3n y portabilidad de los mismos, contactando con nosotros a nuestra direcci\u00f3n:<\/p>\n<p><strong>Laboratorios Electr\u00f3nicos LECA S.L.<\/strong><br \/>\nPol. Ind. Can Jard\u00ed C\/. Compositor Bach 19 Nave 5<br \/>\n08191 Rub\u00ed (Barcelona).<br \/>\nE-mail rgpd@leca.es<\/p>\n","protected":false},"excerpt":{"rendered":"<p>Laboratorios Electr\u00f3nicos LECA SL garantiza la protecci\u00f3n y confidencialidad de los datos personales, de cualquier tipo que nos proporcionen nuestros clientes o usuarios de la p\u00e1gina web, de acuerdo con lo dispuesto en el Reglamento General de Protecci\u00f3n de Datos de Car\u00e1cter Personal (en adelante, RGPD). Todos los datos facilitados a Laboratorios Electr\u00f3nicos LECA SL, [&hellip;]<\/p>\n","protected":false},"author":13,"featured_media":0,"parent":0,"menu_order":0,"comment_status":"closed","ping_status":"closed","template":"","meta":{"footnotes":""},"class_list":["post-4255","page","type-page","status-publish","hentry","invicta_simple_style_entry"],"_links":{"self":[{"href":"https:\/\/www.leca.es\/la\/wp-json\/wp\/v2\/pages\/4255","targetHints":{"allow":["GET"]}}],"collection":[{"href":"https:\/\/www.leca.es\/la\/wp-json\/wp\/v2\/pages"}],"about":[{"href":"https:\/\/www.leca.es\/la\/wp-json\/wp\/v2\/types\/page"}],"author":[{"embeddable":true,"href":"https:\/\/www.leca.es\/la\/wp-json\/wp\/v2\/users\/13"}],"replies":[{"embeddable":true,"href":"https:\/\/www.leca.es\/la\/wp-json\/wp\/v2\/comments?post=4255"}],"version-history":[{"count":1,"href":"https:\/\/www.leca.es\/la\/wp-json\/wp\/v2\/pages\/4255\/revisions"}],"predecessor-version":[{"id":4259,"href":"https:\/\/www.leca.es\/la\/wp-json\/wp\/v2\/pages\/4255\/revisions\/4259"}],"wp:attachment":[{"href":"https:\/\/www.leca.es\/la\/wp-json\/wp\/v2\/media?parent=4255"}],"curies":[{"name":"wp","href":"https:\/\/api.w.org\/{rel}","templated":true}]}}