{"id":4182,"date":"2017-11-27T11:06:40","date_gmt":"2017-11-27T11:06:40","guid":{"rendered":"http:\/\/www.leca.es\/?page_id=4182\/"},"modified":"2017-11-28T17:12:54","modified_gmt":"2017-11-28T17:12:54","slug":"bascula-camiones","status":"publish","type":"page","link":"https:\/\/www.leca.es\/la\/productos-leca\/otros-campos\/bascula-camiones\/","title":{"rendered":"B\u00e1scula de Camiones"},"content":{"rendered":"<p>[vc_row][vc_column width=&#8221;1\/4&#8243;][vc_wp_custommenu nav_menu=&#8221;22&#8243;][\/vc_column][vc_column width=&#8221;3\/4&#8243;][vc_column_text]<\/p>\n<h2>BasculaNET programa gesti\u00f3n b\u00e1scula de camiones<\/h2>\n<p>B\u00e1sculaNET est\u00e1 dise\u00f1ado para llevar la gesti\u00f3n de compras y ventas de materiales o productos mediante pesaje de camiones en b\u00e1scula dotada de cabezal electr\u00f3nico.<\/p>\n<p>B\u00e1sculaNET una aplicaci\u00f3n desarrollada con tecnolog\u00eda Microsoft.NET que trabaja en entorno Web, permitiendo por tanto la visualizaci\u00f3n del peso de bascula y manejo del programa desde cualquier terminal (PC, Tablet, Tel\u00e9fono M\u00f3vil.) que disponga de conexi\u00f3n a Internet.<\/p>\n<p>&nbsp;<\/p>\n<p><a href=\"\/wp-content\/uploads\/2017\/04\/BasculaNET_ESP.png\" rel=\"lightbox\" data-rel=\"lightbox-image-0\" data-rl_title=\"\" data-rl_caption=\"\"><img loading=\"lazy\" decoding=\"async\" class=\" wp-image-2154 aligncenter\" style=\"display: block; margin: auto;\" title=\"\" src=\"\/wp-content\/uploads\/2017\/04\/BasculaNET_ESP.png\" alt=\"\" width=\"537\" height=\"248\" \/><\/a><\/p>\n<p>&nbsp;<\/p>\n<p>En el caso de plantas de hormig\u00f3n, el peso neto de la materia prima que transporta un cami\u00f3n, es a\u00f1adido de forma autom\u00e1tica al stock del programa de planta GestecNET. Este peso se obtiene como peso diferencia entre el cami\u00f3n cargado y vac\u00edo. Esta forma asegura entre otras cosas el total vaciado de las cisternas de transporte de cemento.<\/p>\n<p>Puede si se desea utilizar el programa B\u00e1sculaNET para realizar la impresi\u00f3n del albar\u00e1n de venta de hormig\u00f3n incluyendo en el mismo el peso neto del producto transportado por el cami\u00f3n. Si el peso total del cami\u00f3n supera el m\u00e1ximo permitido para el mismo, el programa mostrar\u00e1 el consiguiente mensaje de alerta.[\/vc_column_text][\/vc_column][\/vc_row]<\/p>\n","protected":false},"excerpt":{"rendered":"<p>[vc_row][vc_column width=&#8221;1\/4&#8243;][vc_wp_custommenu nav_menu=&#8221;22&#8243;][\/vc_column][vc_column width=&#8221;3\/4&#8243;][vc_column_text] BasculaNET programa gesti\u00f3n b\u00e1scula de camiones B\u00e1sculaNET est\u00e1 dise\u00f1ado para llevar la gesti\u00f3n de compras y ventas de materiales o productos mediante pesaje de camiones en b\u00e1scula dotada de cabezal electr\u00f3nico. B\u00e1sculaNET una aplicaci\u00f3n desarrollada con tecnolog\u00eda Microsoft.NET que trabaja en entorno Web, permitiendo por tanto la visualizaci\u00f3n del peso de [&hellip;]<\/p>\n","protected":false},"author":13,"featured_media":0,"parent":3169,"menu_order":0,"comment_status":"closed","ping_status":"closed","template":"","meta":{"footnotes":""},"class_list":["post-4182","page","type-page","status-publish","hentry","invicta_simple_style_entry"],"_links":{"self":[{"href":"https:\/\/www.leca.es\/la\/wp-json\/wp\/v2\/pages\/4182","targetHints":{"allow":["GET"]}}],"collection":[{"href":"https:\/\/www.leca.es\/la\/wp-json\/wp\/v2\/pages"}],"about":[{"href":"https:\/\/www.leca.es\/la\/wp-json\/wp\/v2\/types\/page"}],"author":[{"embeddable":true,"href":"https:\/\/www.leca.es\/la\/wp-json\/wp\/v2\/users\/13"}],"replies":[{"embeddable":true,"href":"https:\/\/www.leca.es\/la\/wp-json\/wp\/v2\/comments?post=4182"}],"version-history":[{"count":2,"href":"https:\/\/www.leca.es\/la\/wp-json\/wp\/v2\/pages\/4182\/revisions"}],"predecessor-version":[{"id":4205,"href":"https:\/\/www.leca.es\/la\/wp-json\/wp\/v2\/pages\/4182\/revisions\/4205"}],"up":[{"embeddable":true,"href":"https:\/\/www.leca.es\/la\/wp-json\/wp\/v2\/pages\/3169"}],"wp:attachment":[{"href":"https:\/\/www.leca.es\/la\/wp-json\/wp\/v2\/media?parent=4182"}],"curies":[{"name":"wp","href":"https:\/\/api.w.org\/{rel}","templated":true}]}}