{"id":3327,"date":"2017-09-18T04:17:15","date_gmt":"2017-09-18T04:17:15","guid":{"rendered":"http:\/\/www.leca.es\/programa-morterwin\/"},"modified":"2017-11-15T17:42:35","modified_gmt":"2017-11-15T17:42:35","slug":"programa-morterwin","status":"publish","type":"page","link":"https:\/\/www.leca.es\/la\/productos-leca\/mortero\/gestion-planta\/programa-morterwin\/","title":{"rendered":"Programa MorterWin"},"content":{"rendered":"<p>[vc_row][vc_column width=&#8221;1\/4&#8243;][vc_wp_custommenu nav_menu=&#8221;16&#8243;][\/vc_column][vc_column width=&#8221;3\/4&#8243;][vc_column_text]<a href=\"\/wp-content\/uploads\/2016\/06\/programa-morterwin-leca.png\" rel=\"lightbox\" data-rel=\"lightbox-image-0\" data-rl_title=\"\" data-rl_caption=\"\"><img decoding=\"async\" class=\"size-full alignleft\" title=\"\" src=\"\/wp-content\/uploads\/2016\/06\/programa-morterwin-leca.png\" width=\"355\" \/><\/a>El programa Morter-win, creado en entorno Windows, est\u00e1 pensado para operar en plantas de mortero donde se requiere llevar un control autom\u00e1tico y exhaustivo de la producci\u00f3n y mantenimiento de la maquinaria. Al arrancar el programa se presenta en pantalla el diagrama de la planta. A trav\u00e9s de esta pantalla se visualiza el funcionamiento de cada uno de los dispositivos. Esta pantalla, es de tipo interactivo, ofreciendo al usuario, al colocar el cursor del rat\u00f3n encima del elemento o icono deseado, informaci\u00f3n sobre su funci\u00f3n, estado y nombre del mismo, consiguiendo de esta manera una f\u00e1cil comprensi\u00f3n del funcionamiento y manejo del mismo. A la derecha de la pantalla se presentan las diferentes opciones del programa mediante iconos que al darle click con el rat\u00f3n dan acceso a sus correspondientes men\u00fas. El programa MorterWin realiza cargas a silo de producto final por peticiones del usuario en las que se introduce el silo a cargar y el n\u00famero de cargas a realizar, de forma autom\u00e1tica mediante la lectura de niveles de m\u00e1xima y m\u00ednima. En esta forma de cargar, el programa inicia la carga cuando el nivel de m\u00ednima se activa y finaliza la dosificaci\u00f3n cuando se detecta conexi\u00f3n del nivel de m\u00e1xima. El programa en ambos casos gestiona el stock de las materias primas y del producto acabado de forma te\u00f3rica o real si se le instalan c\u00e9lulas de carga en los silos. Para la venta de producto acabado el programa gestiona el origen de mismo pudiendo ser fabricaci\u00f3n directa a trav\u00e9s de la amasadora o suministro desde los silos de producto acabado. En este \u00faltimo caso el peso de producto se consigue por lectura directa desde el silo o bien por pesaje en b\u00e1scula de camiones externa al sistema. La gu\u00eda, los consumos el origen de la carga y el total de toneladas suministradas se guardan en la base de datos y pueden ser exportadas al programa de facturaci\u00f3n del cliente.[\/vc_column_text][\/vc_column][\/vc_row]<\/p>\n","protected":false},"excerpt":{"rendered":"<p>[vc_row][vc_column width=&#8221;1\/4&#8243;][vc_wp_custommenu nav_menu=&#8221;16&#8243;][\/vc_column][vc_column width=&#8221;3\/4&#8243;][vc_column_text]El programa Morter-win, creado en entorno Windows, est\u00e1 pensado para operar en plantas de mortero donde se requiere llevar un control autom\u00e1tico y exhaustivo de la producci\u00f3n y mantenimiento de la maquinaria. Al arrancar el programa se presenta en pantalla el diagrama de la planta. A trav\u00e9s de esta pantalla se visualiza [&hellip;]<\/p>\n","protected":false},"author":1,"featured_media":0,"parent":3328,"menu_order":0,"comment_status":"closed","ping_status":"closed","template":"","meta":{"footnotes":""},"class_list":["post-3327","page","type-page","status-publish","hentry","invicta_simple_style_entry"],"_links":{"self":[{"href":"https:\/\/www.leca.es\/la\/wp-json\/wp\/v2\/pages\/3327","targetHints":{"allow":["GET"]}}],"collection":[{"href":"https:\/\/www.leca.es\/la\/wp-json\/wp\/v2\/pages"}],"about":[{"href":"https:\/\/www.leca.es\/la\/wp-json\/wp\/v2\/types\/page"}],"author":[{"embeddable":true,"href":"https:\/\/www.leca.es\/la\/wp-json\/wp\/v2\/users\/1"}],"replies":[{"embeddable":true,"href":"https:\/\/www.leca.es\/la\/wp-json\/wp\/v2\/comments?post=3327"}],"version-history":[{"count":1,"href":"https:\/\/www.leca.es\/la\/wp-json\/wp\/v2\/pages\/3327\/revisions"}],"predecessor-version":[{"id":3682,"href":"https:\/\/www.leca.es\/la\/wp-json\/wp\/v2\/pages\/3327\/revisions\/3682"}],"up":[{"embeddable":true,"href":"https:\/\/www.leca.es\/la\/wp-json\/wp\/v2\/pages\/3328"}],"wp:attachment":[{"href":"https:\/\/www.leca.es\/la\/wp-json\/wp\/v2\/media?parent=3327"}],"curies":[{"name":"wp","href":"https:\/\/api.w.org\/{rel}","templated":true}]}}