{"id":3319,"date":"2017-09-18T03:56:50","date_gmt":"2017-09-18T03:56:50","guid":{"rendered":"http:\/\/www.leca.es\/programa-prefwin\/"},"modified":"2017-11-15T18:25:51","modified_gmt":"2017-11-15T18:25:51","slug":"programa-prefwin","status":"publish","type":"page","link":"https:\/\/www.leca.es\/la\/productos-leca\/prefabricados\/gestion-planta\/programa-prefwin\/","title":{"rendered":"Programa PrefWin"},"content":{"rendered":"<p>[vc_row][vc_column width=&#8221;1\/4&#8243;][vc_wp_custommenu nav_menu=&#8221;21&#8243;][\/vc_column][vc_column width=&#8221;3\/4&#8243;][vc_column_text]El programa Pref-Win, junto al equipo dosificador Cantabria forma un potente conjunto que permite la gesti\u00f3n y automatizaci\u00f3n de cualquier central de prefabricados por compleja que esta sea. <a href=\"\/wp-content\/uploads\/2016\/06\/gestion-de-planta-programa-prefwin-leca.png\" rel=\"lightbox\" data-rel=\"lightbox-image-0\" data-rl_title=\"\" data-rl_caption=\"\"><img loading=\"lazy\" decoding=\"async\" class=\"size-full aligncenter\" title=\"\" src=\"\/wp-content\/uploads\/2016\/06\/gestion-de-planta-programa-prefwin-leca.png\" width=\"594\" height=\"445\" \/><\/a> <a href=\"\/wp-content\/uploads\/2016\/06\/gestion-de-planta-programa-prefwin-leca-diagrama.png\" rel=\"lightbox\" data-rel=\"lightbox-image-1\" data-rl_title=\"\" data-rl_caption=\"\"><img loading=\"lazy\" decoding=\"async\" class=\"size-full aligncenter\" title=\"\" src=\"\/wp-content\/uploads\/2016\/06\/gestion-de-planta-programa-prefwin-leca-diagrama.png\" width=\"513\" height=\"250\" \/><\/a> El programa Pref-Win gestiona la humedad de los \u00e1ridos de forma manual o mediante de dispositivos de \u00a0sondas de humedad con lo que se garantiza un volumen constante en la dosificaci\u00f3n de los \u00e1ridos y una relaci\u00f3n agua cemento sin variaciones apreciables. Puede tambi\u00e9n instalarse una sonda de humedad en la amasadora dando junto con las de \u00e1ridos una relaci\u00f3n agua cemento sin variaciones. <a href=\"\/wp-content\/uploads\/2016\/01\/pesaje-y-automatizacion-modulo-de-red-leca.png\" rel=\"lightbox\" data-rel=\"lightbox-image-2\" data-rl_title=\"\" data-rl_caption=\"\"><img decoding=\"async\" class=\"alignleft\" title=\"\" src=\"\/wp-content\/uploads\/2016\/01\/pesaje-y-automatizacion-modulo-de-red-leca.png\" width=\"300\" \/><\/a>Para la conexi\u00f3n de las sondas al programa Pref-Win se utiliza el m\u00f3dulo de conexi\u00f3n MCR- 2008 que permite adem\u00e1s la conexi\u00f3n del equipo dosificador Cantabria. La salida desde el puerto de Red Ethernet del m\u00f3dulo MCR- 2008 permite ver todos los perif\u00e9ricos en remoto (Incluso el equipo Cantabria) y por tanto conectar el PC en cualquier lugar en la que exista una conexi\u00f3n de red. Las entradas de peticiones externas y el transporte de hormig\u00f3n hasta el puesto de trabajo completan la automatizaci\u00f3n de la central de hormig\u00f3n. El programa dispone de un generador de listados y exportador de datos configurable por el usuario que permite extraer del programa los datos que se consideren necesarios para su tratamiento<\/p>\n<h2>Otras Caracter\u00edsticas<\/h2>\n<ul>\n<li>Sin\u00f3ptico animado en pantalla configurable por el usuario.<\/li>\n<li>Visualizaci\u00f3n en sin\u00f3ptico de tabla de consumos y errores ciclo a ciclo.<\/li>\n<li>Gesti\u00f3n manual y autom\u00e1tica de la humedad de los \u00e1ridos con correcci\u00f3n del peso de los componentes.<\/li>\n<li>Indicaciones visuales del estado de las peticiones remotas. Petici\u00f3n solicitada, en fabricaci\u00f3n, sirviendo.<\/li>\n<li>Peticiones de hormig\u00f3n por puesto o nivel, por rat\u00f3n sobre icono en pantalla o por planning de producci\u00f3n.<\/li>\n<li>Alarmas para control de los procesos de automatizaci\u00f3n.<\/li>\n<li>Informe de consumos por amasada.<\/li>\n<li>Gestor de listados que permite al usuario la configuraci\u00f3n de los mismos.<\/li>\n<li>Gesti\u00f3n completa de la producci\u00f3n (materias primas, proveedores, transportistas, f\u00f3rmulas, resumen de cargas,).<\/li>\n<li>Control mantenimiento de planta.<\/li>\n<li>Control de usuarios mediante clave de acceso.<\/li>\n<li>Exportaci\u00f3n configurable de datos de la informaci\u00f3n gestionada.<\/li>\n<\/ul>\n<p>[\/vc_column_text][\/vc_column][\/vc_row]<\/p>\n","protected":false},"excerpt":{"rendered":"<p>[vc_row][vc_column width=&#8221;1\/4&#8243;][vc_wp_custommenu nav_menu=&#8221;21&#8243;][\/vc_column][vc_column width=&#8221;3\/4&#8243;][vc_column_text]El programa Pref-Win, junto al equipo dosificador Cantabria forma un potente conjunto que permite la gesti\u00f3n y automatizaci\u00f3n de cualquier central de prefabricados por compleja que esta sea. El programa Pref-Win gestiona la humedad de los \u00e1ridos de forma manual o mediante de dispositivos de \u00a0sondas de humedad con lo que se [&hellip;]<\/p>\n","protected":false},"author":1,"featured_media":0,"parent":3324,"menu_order":0,"comment_status":"closed","ping_status":"closed","template":"","meta":{"footnotes":""},"class_list":["post-3319","page","type-page","status-publish","hentry","invicta_simple_style_entry"],"_links":{"self":[{"href":"https:\/\/www.leca.es\/la\/wp-json\/wp\/v2\/pages\/3319","targetHints":{"allow":["GET"]}}],"collection":[{"href":"https:\/\/www.leca.es\/la\/wp-json\/wp\/v2\/pages"}],"about":[{"href":"https:\/\/www.leca.es\/la\/wp-json\/wp\/v2\/types\/page"}],"author":[{"embeddable":true,"href":"https:\/\/www.leca.es\/la\/wp-json\/wp\/v2\/users\/1"}],"replies":[{"embeddable":true,"href":"https:\/\/www.leca.es\/la\/wp-json\/wp\/v2\/comments?post=3319"}],"version-history":[{"count":1,"href":"https:\/\/www.leca.es\/la\/wp-json\/wp\/v2\/pages\/3319\/revisions"}],"predecessor-version":[{"id":3986,"href":"https:\/\/www.leca.es\/la\/wp-json\/wp\/v2\/pages\/3319\/revisions\/3986"}],"up":[{"embeddable":true,"href":"https:\/\/www.leca.es\/la\/wp-json\/wp\/v2\/pages\/3324"}],"wp:attachment":[{"href":"https:\/\/www.leca.es\/la\/wp-json\/wp\/v2\/media?parent=3319"}],"curies":[{"name":"wp","href":"https:\/\/api.w.org\/{rel}","templated":true}]}}