{"id":3285,"date":"2017-09-01T18:39:43","date_gmt":"2017-09-01T18:39:43","guid":{"rendered":"http:\/\/www.leca.es\/consola-co-2005-2\/"},"modified":"2017-11-15T17:40:56","modified_gmt":"2017-11-15T17:40:56","slug":"consola-co-2005-2","status":"publish","type":"page","link":"https:\/\/www.leca.es\/la\/productos-leca\/prefabricados\/pesaje-y-automatizacion\/consola-co-2005-2\/","title":{"rendered":"Consola CO-2005"},"content":{"rendered":"<p>[vc_row][vc_column width=&#8221;1\/4&#8243;][vc_wp_custommenu nav_menu=&#8221;19&#8243;][\/vc_column][vc_column width=&#8221;3\/4&#8243;][vc_column_text]<\/p>\n<h2>Consola Botonera CO-2014<\/h2>\n<p><a href=\"\/wp-content\/uploads\/2016\/03\/consola-co-2014-equipos-leca-main.png\" rel=\"lightbox\" data-rel=\"lightbox-image-0\" data-rl_title=\"\" data-rl_caption=\"\"><img decoding=\"async\" class=\"alignleft\" title=\"\" src=\"\/wp-content\/uploads\/2016\/03\/consola-co-2014-equipos-leca-main.png\" width=\"275\" \/><\/a>La consola de maniobra CO-2014 presenta un nuevo concepto en la filosof\u00eda de control manual y autom\u00e1tico de una planta de concreto ya que permite seleccionar para cada boton (pulsador), \u00a0el elemento de planta a controlar y su forma de trabajo. Para la conexi\u00f3n de los distintos elementos de la planta se ha previsto una salida a contacto libre de tensi\u00f3n que puede atacar directamente a los contactores del cuadro el\u00e9ctrico de la planta. La consola de mando CO-2014 dispone de una botonera de tipo LEXAN, con cuarenta teclas embutidas, cada una de ellas con un leed\u00a0 de alta luminiscencia para indicar el estado del elemento controlado. Ocho pulsadores (Rojos) son de libre disposici\u00f3n para el usuario y su empleo est\u00e1 pensado para aquellos elementos cuya puesta en marcha no depende del automatismo de la planta, por ejemplo un compresor o una bomba de agua y treinta y dos botones (pulsadores) (Verdes) son operativos en funci\u00f3n de la programaci\u00f3n de los micro interruptores incorporados en la placa. Dichas posibilidades son:<\/p>\n<ul>\n<li>Funci\u00f3n pulsador o funci\u00f3n Marcha\/paro<\/li>\n<li>Pulsador operativo solo en manual o en manual y autom\u00e1tico<\/li>\n<li>Pulsador operativo o no para el control del peso dosificado de forma manual (obliga a la introducci\u00f3n en el programa de gesti\u00f3n de un n\u00famero de albar\u00e1n que se haya realizado en el d\u00eda.<\/li>\n<\/ul>\n<p>Medidas del mueble en mil\u00edmetros\u00a0 368 x 450 x 440\u00a0 (alto, ancho, profundo).[\/vc_column_text][\/vc_column][\/vc_row]<\/p>\n","protected":false},"excerpt":{"rendered":"<p>[vc_row][vc_column width=&#8221;1\/4&#8243;][vc_wp_custommenu nav_menu=&#8221;19&#8243;][\/vc_column][vc_column width=&#8221;3\/4&#8243;][vc_column_text] Consola Botonera CO-2014 La consola de maniobra CO-2014 presenta un nuevo concepto en la filosof\u00eda de control manual y autom\u00e1tico de una planta de concreto ya que permite seleccionar para cada boton (pulsador), \u00a0el elemento de planta a controlar y su forma de trabajo. Para la conexi\u00f3n de los distintos elementos [&hellip;]<\/p>\n","protected":false},"author":1,"featured_media":0,"parent":3289,"menu_order":0,"comment_status":"closed","ping_status":"closed","template":"","meta":{"footnotes":""},"class_list":["post-3285","page","type-page","status-publish","hentry","invicta_simple_style_entry"],"_links":{"self":[{"href":"https:\/\/www.leca.es\/la\/wp-json\/wp\/v2\/pages\/3285","targetHints":{"allow":["GET"]}}],"collection":[{"href":"https:\/\/www.leca.es\/la\/wp-json\/wp\/v2\/pages"}],"about":[{"href":"https:\/\/www.leca.es\/la\/wp-json\/wp\/v2\/types\/page"}],"author":[{"embeddable":true,"href":"https:\/\/www.leca.es\/la\/wp-json\/wp\/v2\/users\/1"}],"replies":[{"embeddable":true,"href":"https:\/\/www.leca.es\/la\/wp-json\/wp\/v2\/comments?post=3285"}],"version-history":[{"count":1,"href":"https:\/\/www.leca.es\/la\/wp-json\/wp\/v2\/pages\/3285\/revisions"}],"predecessor-version":[{"id":3675,"href":"https:\/\/www.leca.es\/la\/wp-json\/wp\/v2\/pages\/3285\/revisions\/3675"}],"up":[{"embeddable":true,"href":"https:\/\/www.leca.es\/la\/wp-json\/wp\/v2\/pages\/3289"}],"wp:attachment":[{"href":"https:\/\/www.leca.es\/la\/wp-json\/wp\/v2\/media?parent=3285"}],"curies":[{"name":"wp","href":"https:\/\/api.w.org\/{rel}","templated":true}]}}