{"id":3283,"date":"2017-09-01T18:28:17","date_gmt":"2017-09-01T18:28:17","guid":{"rendered":"http:\/\/www.leca.es\/dosificador-agua-por-medicion-de-la-humedad-del-concreto\/"},"modified":"2017-11-15T17:40:56","modified_gmt":"2017-11-15T17:40:56","slug":"dosificador-agua-por-medicion-de-la-humedad-del-concreto","status":"publish","type":"page","link":"https:\/\/www.leca.es\/la\/productos-leca\/prefabricados\/pesaje-y-automatizacion\/dosificador-agua-por-medicion-de-la-humedad-del-concreto\/","title":{"rendered":"Dosificador agua por medici\u00f3n de la humedad del concreto"},"content":{"rendered":"<p>[vc_row][vc_column width=&#8221;1\/4&#8243;][vc_wp_custommenu nav_menu=&#8221;19&#8243;][\/vc_column][vc_column width=&#8221;3\/4&#8243;][vc_column_text]<\/p>\n<h2>Equipo dosificador de agua MHA-2008<\/h2>\n<h3><\/h3>\n<p><a href=\"\/wp-content\/uploads\/2016\/06\/Equipo_dosificador_de_agua_MHA-2008-1.png\" rel=\"lightbox\" data-rel=\"lightbox-image-0\" data-rl_title=\"\" data-rl_caption=\"\"><img decoding=\"async\" class=\"size-full alignleft\" title=\"\" src=\"\/wp-content\/uploads\/2016\/06\/Equipo_dosificador_de_agua_MHA-2008-1.png\" width=\"320\" \/><\/a>El equipo MHA-2008, est\u00e1 pensado para realizar dosificaci\u00f3n autom\u00e1tica del agua para concretos secos mediante la lectura de la humedad de la masa por medio de sonda de microondas instalada en\u00a0 la amasadora. La dosificaci\u00f3n de agua se realiza mediante el uso de un m\u00e1ximo de dos v\u00e1lvulas de agua en pulsos regulables en funci\u00f3n de la lejan\u00eda del punto humedad de la masa deseada. Dispone de una entrada de confirmaci\u00f3n de descarga de \u00e1ridos en amasadora y otra de descarga de cemento. El equipo puede realizar una dosificaci\u00f3n de agua inicial cuya cantidad\u00a0 en litros es fija cuya misi\u00f3n es humedecer la masa de concreto. Posteriormente se produce un amasado para realizar a continuaci\u00f3n la dosificaci\u00f3n de agua\u00a0 y el amasado final. Para adaptarse al automatismo instalado se ha previsto una salida de bloqueo de descarga de la amasadora y otra de indicaci\u00f3n de fin de ciclo y entradas de confirmaci\u00f3n de descarga de \u00e1ridos y cemento en la amasadora. El equipo dispone de una memoria para 99 formulas y tres modos de funcionamiento y cuatro peticiones externas programables para la actuaci\u00f3n del equipo en remoto. Para adaptarse al automatismo instalado se ha previsto una salida de bloqueo de descarga de la amasadora y otra de indicaci\u00f3n de fin de ciclo. El equipo puede trabajar en cuatro modos de trabajo <strong>Modo 1.- Dosificaci\u00f3n por sonda <\/strong> Una vez detectada por el equipo la descarga de \u00e1ridos y cemento, y despu\u00e9s de la realizaci\u00f3n de un tiempo de pre amasado, se produce la dosificaci\u00f3n de agua hasta conseguir la humedad seleccionada en formula. \u00a0 <strong>Modo 2.-Dosificaci\u00f3n por sonda y contador <\/strong> El equipo realiza cierto n\u00famero de ciclos en modo dosificaci\u00f3n por sonda, las cantidades de agua dosificada son memorizadas, si estas cantidades de agua permanecen entre unas tolerancias prefijadas, se busca el valor de dosificaci\u00f3n medio de agua de estos ciclos, Con la cantidad de agua calculada se realizan un n\u00famero de ciclos prefijados, una vez terminados estos ciclos se vuelve a buscar el agua mediante unos ciclos por dosificaci\u00f3n por sonda. <strong>Modo 3.- Dosificaci\u00f3n relaci\u00f3n A\/C <\/strong> El equipo realiza un c\u00e1lculo de agua a dosificar con los datos de f\u00f3rmula y la medici\u00f3n de la sonda en el proceso de preamasado, y dosifica el agua de forma continua. Al finalizar la dosificaci\u00f3n del amasado se procede a comprobar la relaci\u00f3n A\/C obtenida <strong>Modo 4.- Dosificaci\u00f3n Relaci\u00f3n A\/C y contador <\/strong> Se realiza cierto n\u00famero de ciclos en modo dosificaci\u00f3n relaci\u00f3n A\/C, las cantidades de agua dosificada son memorizadas, si estas cantidades de agua permanecen entre unas tolerancias prefijadas, se busca el valor de dosificaci\u00f3n medio de agua de estos ciclos, en caso contrario se vuelve a buscar un agua media. Se realizan un n\u00famero de ciclos prefijados de dosificaci\u00f3n\u00a0 te\u00f3rica con el valor de dosificaci\u00f3n medio de agua, una vez terminados estos ciclos se vuelve a buscar el agua mediante unos ciclos por dosificaci\u00f3n relaci\u00f3n A\/C<\/p>\n<ul>\n<li>Lectura continua de Humedad de la masa.<\/li>\n<li>Ajuste externo del\u00a0 indicador.<\/li>\n<li>cuatro preselecciones de dosificaci\u00f3n de agua<\/li>\n<li>cuatro peticiones remotas<\/li>\n<li>Ajuste fino de la cantidad de agua a dosificar<\/li>\n<li>Cuadro visualizador a trav\u00e9s de display LCD<\/li>\n<\/ul>\n<p>[\/vc_column_text][\/vc_column][\/vc_row]<\/p>\n","protected":false},"excerpt":{"rendered":"<p>[vc_row][vc_column width=&#8221;1\/4&#8243;][vc_wp_custommenu nav_menu=&#8221;19&#8243;][\/vc_column][vc_column width=&#8221;3\/4&#8243;][vc_column_text] Equipo dosificador de agua MHA-2008 El equipo MHA-2008, est\u00e1 pensado para realizar dosificaci\u00f3n autom\u00e1tica del agua para concretos secos mediante la lectura de la humedad de la masa por medio de sonda de microondas instalada en\u00a0 la amasadora. La dosificaci\u00f3n de agua se realiza mediante el uso de un m\u00e1ximo de [&hellip;]<\/p>\n","protected":false},"author":1,"featured_media":0,"parent":3289,"menu_order":0,"comment_status":"closed","ping_status":"closed","template":"","meta":{"footnotes":""},"class_list":["post-3283","page","type-page","status-publish","hentry","invicta_simple_style_entry"],"_links":{"self":[{"href":"https:\/\/www.leca.es\/la\/wp-json\/wp\/v2\/pages\/3283","targetHints":{"allow":["GET"]}}],"collection":[{"href":"https:\/\/www.leca.es\/la\/wp-json\/wp\/v2\/pages"}],"about":[{"href":"https:\/\/www.leca.es\/la\/wp-json\/wp\/v2\/types\/page"}],"author":[{"embeddable":true,"href":"https:\/\/www.leca.es\/la\/wp-json\/wp\/v2\/users\/1"}],"replies":[{"embeddable":true,"href":"https:\/\/www.leca.es\/la\/wp-json\/wp\/v2\/comments?post=3283"}],"version-history":[{"count":1,"href":"https:\/\/www.leca.es\/la\/wp-json\/wp\/v2\/pages\/3283\/revisions"}],"predecessor-version":[{"id":3673,"href":"https:\/\/www.leca.es\/la\/wp-json\/wp\/v2\/pages\/3283\/revisions\/3673"}],"up":[{"embeddable":true,"href":"https:\/\/www.leca.es\/la\/wp-json\/wp\/v2\/pages\/3289"}],"wp:attachment":[{"href":"https:\/\/www.leca.es\/la\/wp-json\/wp\/v2\/media?parent=3283"}],"curies":[{"name":"wp","href":"https:\/\/api.w.org\/{rel}","templated":true}]}}