{"id":3282,"date":"2017-09-01T18:26:18","date_gmt":"2017-09-01T18:26:18","guid":{"rendered":"http:\/\/www.leca.es\/dosificador-agua-por-lectura-de-la-consistencia-del-concreto\/"},"modified":"2017-11-15T17:40:56","modified_gmt":"2017-11-15T17:40:56","slug":"dosificador-agua-por-lectura-de-la-consistencia-del-concreto","status":"publish","type":"page","link":"https:\/\/www.leca.es\/la\/productos-leca\/prefabricados\/pesaje-y-automatizacion\/dosificador-agua-por-lectura-de-la-consistencia-del-concreto\/","title":{"rendered":"Dosificador agua\u00a0 por lectura de la consistencia del concreto"},"content":{"rendered":"<p>[vc_row][vc_column width=&#8221;1\/4&#8243;][vc_wp_custommenu nav_menu=&#8221;19&#8243;][\/vc_column][vc_column width=&#8221;3\/4&#8243;][vc_column_text]<\/p>\n<h2>Equipo dosificador autom\u00e1tico de agua MHC-2005<\/h2>\n<h3><\/h3>\n<p><a href=\"\/wp-content\/uploads\/2016\/06\/Equipo_Dosificador_agua_MCH-2005_LECA.jpg\" rel=\"lightbox\" data-rel=\"lightbox-image-0\" data-rl_title=\"\" data-rl_caption=\"\"><img loading=\"lazy\" decoding=\"async\" class=\"size-full alignleft\" title=\"\" src=\"\/wp-content\/uploads\/2016\/06\/Equipo_Dosificador_agua_MCH-2005_LECA.jpg\" width=\"232\" height=\"130\" \/><\/a>El equipo MHC-2005, est\u00e1 pensado para realizar la dosificaci\u00f3n autom\u00e1tica del agua para concreto superiores a cono cinco mediante la lectura de la potencia consumida por la amasadora por medio de la utilizaci\u00f3n de un micro vat\u00edmetro de alta precisi\u00f3n. La dosificaci\u00f3n de agua se realiza mediante el empleo de un m\u00e1ximo de una v\u00e1lvula de agua con conexi\u00f3n a pulsos regulables y cuatro intervalos de cambio de duraci\u00f3n de la amplitud del pulso de dosificaci\u00f3n, en funci\u00f3n de la lejan\u00eda del punto plasticidad de la masa deseada Dispone de una memoria para catorce formulas dispuestas en dos canales de siete formulas cada uno (canal A y B). La selecci\u00f3n del canal se realiza a trav\u00e9s del teclado y la selecci\u00f3n de cada una de las siete formulas del grupo mediante la conexi\u00f3n externa de la entrada correspondiente del equipo. <a href=\"\/wp-content\/uploads\/2016\/06\/Equipo_Dosificador_agua_MCH-2005_LECA_grafica.png\" rel=\"lightbox\" data-rel=\"lightbox-image-1\" data-rl_title=\"\" data-rl_caption=\"\"><img decoding=\"async\" class=\"size-full alignright\" title=\"\" src=\"\/wp-content\/uploads\/2016\/06\/Equipo_Dosificador_agua_MCH-2005_LECA_grafica.png\" width=\"401\" \/><\/a>Los canales A y B adem\u00e1s de realizar la selecci\u00f3n del grupo de siete formulas correspondientes disponen de un ajuste de la escala de medida cuyo fin es obtener una indicaci\u00f3n de la lectura personalizada del usuario. Los ajustes de la dosificaci\u00f3n de agua y puntos de disparo operan sobre estas escalas. El ajuste de los puntos de intervalos de dosificaci\u00f3n de agua se consigue al realizar una masa de concreto \u00a0de forma manual, dosificando el agua de tal forma podamos construir con los valores anotados una curva similar a la mostrada. Siendo B , valor en vac\u00edo. B, punto a superar en el inicio de la dosificaci\u00f3n de agua. E, valor masa correcta y D, valor m\u00e1ximo de potencia. Caracter\u00edsticas principales: \u2022 Lectura continua de plasticidad. \u2022 Ajuste externo de indicaci\u00f3n del indicador. \u2022 Ajuste de f\u00e1brica de estado de amasadora. \u2022 Catorce preselecciones de punto de corte o final de dosificaci\u00f3n de agua \u2022 Siete peticiones remotas \u2022 Control para dos vol\u00famenes de concreto . \u2022 Ajuste fino de la cantidad de agua a dosificar \u2022 Cuadro visualizador a trav\u00e9s de display LCD[\/vc_column_text][\/vc_column][\/vc_row]<\/p>\n","protected":false},"excerpt":{"rendered":"<p>[vc_row][vc_column width=&#8221;1\/4&#8243;][vc_wp_custommenu nav_menu=&#8221;19&#8243;][\/vc_column][vc_column width=&#8221;3\/4&#8243;][vc_column_text] Equipo dosificador autom\u00e1tico de agua MHC-2005 El equipo MHC-2005, est\u00e1 pensado para realizar la dosificaci\u00f3n autom\u00e1tica del agua para concreto superiores a cono cinco mediante la lectura de la potencia consumida por la amasadora por medio de la utilizaci\u00f3n de un micro vat\u00edmetro de alta precisi\u00f3n. La dosificaci\u00f3n de agua se [&hellip;]<\/p>\n","protected":false},"author":1,"featured_media":0,"parent":3289,"menu_order":0,"comment_status":"closed","ping_status":"closed","template":"","meta":{"footnotes":""},"class_list":["post-3282","page","type-page","status-publish","hentry","invicta_simple_style_entry"],"_links":{"self":[{"href":"https:\/\/www.leca.es\/la\/wp-json\/wp\/v2\/pages\/3282","targetHints":{"allow":["GET"]}}],"collection":[{"href":"https:\/\/www.leca.es\/la\/wp-json\/wp\/v2\/pages"}],"about":[{"href":"https:\/\/www.leca.es\/la\/wp-json\/wp\/v2\/types\/page"}],"author":[{"embeddable":true,"href":"https:\/\/www.leca.es\/la\/wp-json\/wp\/v2\/users\/1"}],"replies":[{"embeddable":true,"href":"https:\/\/www.leca.es\/la\/wp-json\/wp\/v2\/comments?post=3282"}],"version-history":[{"count":1,"href":"https:\/\/www.leca.es\/la\/wp-json\/wp\/v2\/pages\/3282\/revisions"}],"predecessor-version":[{"id":3672,"href":"https:\/\/www.leca.es\/la\/wp-json\/wp\/v2\/pages\/3282\/revisions\/3672"}],"up":[{"embeddable":true,"href":"https:\/\/www.leca.es\/la\/wp-json\/wp\/v2\/pages\/3289"}],"wp:attachment":[{"href":"https:\/\/www.leca.es\/la\/wp-json\/wp\/v2\/media?parent=3282"}],"curies":[{"name":"wp","href":"https:\/\/api.w.org\/{rel}","templated":true}]}}