{"id":3280,"date":"2017-09-01T18:22:17","date_gmt":"2017-09-01T18:22:17","guid":{"rendered":"http:\/\/www.leca.es\/equipo-cantabria\/"},"modified":"2017-11-22T11:45:21","modified_gmt":"2017-11-22T11:45:21","slug":"equipo-cantabria","status":"publish","type":"page","link":"https:\/\/www.leca.es\/la\/productos-leca\/prefabricados\/pesaje-y-automatizacion\/equipo-cantabria\/","title":{"rendered":"Equipo Cantabria"},"content":{"rendered":"<p>[vc_row][vc_column width=&#8221;1\/4&#8243;][vc_wp_custommenu nav_menu=&#8221;19&#8243;][\/vc_column][vc_column width=&#8221;3\/4&#8243;][vc_column_text]<\/p>\n<h2>Equipo Dosificador y Controlador de Planta de Concreto modelo CANTABRIA<\/h2>\n<p>Los equipos de la serie <strong>Cantabria<\/strong> en sus distintos modelos se caracterizan por ser totalmente configurables, por lo que no existe dependencia t\u00e9cnica entre nuestra empresa y el usuario final para instalarlo en una planta o simplemente ampliar el <strong>automatismo<\/strong> de la misma. (A\u00f1adir un cemento, un agua,\u00a0 o un aditivo o una amasadora).[\/vc_column_text][vc_row_inner][vc_column_inner width=&#8221;1\/3&#8243;][vc_column_text]<a href=\"\/wp-content\/uploads\/2016\/01\/pesaje-y-automatizacion-controlador-de-planta-hormigon-leca.jpg\" rel=\"lightbox\" data-rel=\"lightbox-image-0\" data-rl_title=\"\" data-rl_caption=\"\"><img decoding=\"async\" title=\"\" src=\"\/wp-content\/uploads\/2016\/01\/pesaje-y-automatizacion-controlador-de-planta-hormigon-leca.jpg\" \/><\/a>[\/vc_column_text][\/vc_column_inner][vc_column_inner width=&#8221;1\/3&#8243;][vc_column_text]<a href=\"\/wp-content\/uploads\/2016\/01\/pesaje-y-automatizacion-gestion-controlador-planta-hormigon-leca-01.jpg\" rel=\"lightbox\" data-rel=\"lightbox-image-1\" data-rl_title=\"\" data-rl_caption=\"\"><img decoding=\"async\" title=\"\" src=\"\/wp-content\/uploads\/2016\/01\/pesaje-y-automatizacion-gestion-controlador-planta-hormigon-leca-01.jpg\" \/><\/a>[\/vc_column_text][\/vc_column_inner][vc_column_inner width=&#8221;1\/3&#8243;][vc_column_text]<a href=\"\/wp-content\/uploads\/2016\/01\/pesaje-y-automatizacion-gestion-controlador-planta-hormigon-leca-02.jpg\" rel=\"lightbox\" data-rel=\"lightbox-image-2\" data-rl_title=\"\" data-rl_caption=\"\"><img decoding=\"async\" title=\"\" src=\"\/wp-content\/uploads\/2016\/01\/pesaje-y-automatizacion-gestion-controlador-planta-hormigon-leca-02.jpg\" \/><\/a>[\/vc_column_text][\/vc_column_inner][\/vc_row_inner][vc_column_text]Cualquier planta de concreto incluyendo plantas con amasado y\/o sistema de llenado de los silos de \u00e1ridos es configurable en el equipo. La configuraci\u00f3n se realiza empleando el programa <strong>Wconfig<\/strong> que se entrega con el equipo junto al programa de sin\u00f3ptico y monitorizaci\u00f3n de planta <strong>Monit-Plus<\/strong>.<\/p>\n<p><a href=\"\/wp-content\/uploads\/2016\/09\/Aparelho-Cantabria-leca.png\" rel=\"lightbox\" data-rel=\"lightbox-image-3\" data-rl_title=\"\" data-rl_caption=\"\"><img loading=\"lazy\" decoding=\"async\" class=\"size-full wp-image-2974 alignright\" title=\"\" src=\"\/wp-content\/uploads\/2016\/09\/Aparelho-Cantabria-leca-768x514.png\" alt=\"\" width=\"295\" height=\"197\" \/><\/a>El equipo <strong>Cantabria<\/strong> dispone de hasta ocho canales de dosificaci\u00f3n que pueden ser seleccionados por el usuario mediante el programa <strong>Wconfig<\/strong> para trabajar como balanza acumulativa, balanza decremental, canal multicontador, o dosificador volum\u00e9trico. (Ver modelos y caracter\u00edsticas al pie).<\/p>\n<p>Cada canal admite la automatizaci\u00f3n de hasta doce productos con control de carga por ajuste fino de dosificaci\u00f3n y vibradores independientes por producto con selecci\u00f3n del caudal m\u00ednimo de carga para iniciar su activaci\u00f3n de forma continua o intermitente seg\u00fan selecci\u00f3n.<\/p>\n<p>El equipo puede trabajar de modo aut\u00f3nomo o conectado a programa de gesti\u00f3n. En el modo aut\u00f3nomo dispone de una salida para impresora y una \u00a0entrada para \u00a0teclado tipo PS2\u00a0 para la impresi\u00f3n de los albaranes y consumos de carga. Estos albaranes son guardados en el equipo y pueden ser exportados a USB en varios formatos seleccionables por el usuario.<\/p>\n<p><a href=\"\/wp-content\/uploads\/2016\/01\/gestion-controlador-cantabria-leca-automatizacion-IO.png\" rel=\"lightbox1\" data-rel=\"lightbox-image-4\" data-rl_title=\"\" data-rl_caption=\"\"><img loading=\"lazy\" decoding=\"async\" class=\"alignleft\" title=\"\" src=\"\/wp-content\/uploads\/2016\/01\/gestion-controlador-cantabria-leca-automatizacion-IO-300x163.png\" width=\"203\" height=\"88\" \/><\/a> En instalaciones donde por la cantidad de elementos a controlar se necesiten m\u00e1s de 24 entradas o 32 salidas como ofrece el\u00a0 equipo <strong>CANTABRIA<\/strong>, el equipo es ampliable mediante los m\u00f3dulos externos I\/O.<\/p>\n<p><strong>MEC-200<\/strong> &#8211; Modulo de 32 entradas.<br \/>\n<strong>MSC-200<\/strong> \u2013 m\u00f3dulo de 16 salidas.<\/p>\n<p>El equipo <strong>CANTABRIA<\/strong>, puede ser integrado en una red local empleando el m\u00f3dulo <strong>MCR-2008<\/strong> pudiendo as\u00ed manejar el equipo desde cualquier PC. Si se dispone de conexi\u00f3n a Internet,\u00a0 se puede acceder a \u00e9l de forma remota y realizar diferentes acciones de mantenimiento: Calibraci\u00f3n de balanzas, recuperaci\u00f3n de la configuraci\u00f3n del equipo, mantenimientos remotos, etc.[\/vc_column_text][vc_text_separator title=&#8221;Caracteristicas&#8221;][vc_column_text]<\/p>\n<ul>\n<li>De cuatro a seis canales de dosificaci\u00f3n seleccionables seg\u00fan modelo como balanzas acumulativa, balanzas decremental, canal multicontador, o dosificador volum\u00e9trico.<\/li>\n<li>Seis productos con control de carga con ajuste fino de dosificaci\u00f3n.<\/li>\n<li>Vibradores independientes por producto y balanza con activaci\u00f3n autom\u00e1tica en funci\u00f3n del caudal de carga.<\/li>\n<li>Automatizaci\u00f3n del proceso de amasado y descarga de la misma con dos compuertas de descarga cada una.<\/li>\n<li>Selecci\u00f3n desde el programa de gesti\u00f3n de descarga por v\u00eda seca o amasado.<\/li>\n<li>Nueve peticiones de fabricaci\u00f3n remotas.<\/li>\n<li>Forma de trabajo con o sin programa de gesti\u00f3n conectado.<\/li>\n<li>Conexi\u00f3n con programa de gesti\u00f3n, PrefWin.<\/li>\n<li>En aut\u00f3nomo, Gesti\u00f3n e impresi\u00f3n de consumos. Exportaci\u00f3n de Gu\u00edas y consumos. Importaci\u00f3n de Datos. (Necesita el m\u00f3dulo de gesti\u00f3n CIEX-2016)<\/li>\n<\/ul>\n<p>[\/vc_column_text][\/vc_column][\/vc_row]<\/p>\n","protected":false},"excerpt":{"rendered":"<p>[vc_row][vc_column width=&#8221;1\/4&#8243;][vc_wp_custommenu nav_menu=&#8221;19&#8243;][\/vc_column][vc_column width=&#8221;3\/4&#8243;][vc_column_text] Equipo Dosificador y Controlador de Planta de Concreto modelo CANTABRIA Los equipos de la serie Cantabria en sus distintos modelos se caracterizan por ser totalmente configurables, por lo que no existe dependencia t\u00e9cnica entre nuestra empresa y el usuario final para instalarlo en una planta o simplemente ampliar el automatismo de [&hellip;]<\/p>\n","protected":false},"author":13,"featured_media":0,"parent":3289,"menu_order":0,"comment_status":"closed","ping_status":"closed","template":"","meta":{"footnotes":""},"class_list":["post-3280","page","type-page","status-publish","hentry","invicta_simple_style_entry"],"_links":{"self":[{"href":"https:\/\/www.leca.es\/la\/wp-json\/wp\/v2\/pages\/3280","targetHints":{"allow":["GET"]}}],"collection":[{"href":"https:\/\/www.leca.es\/la\/wp-json\/wp\/v2\/pages"}],"about":[{"href":"https:\/\/www.leca.es\/la\/wp-json\/wp\/v2\/types\/page"}],"author":[{"embeddable":true,"href":"https:\/\/www.leca.es\/la\/wp-json\/wp\/v2\/users\/13"}],"replies":[{"embeddable":true,"href":"https:\/\/www.leca.es\/la\/wp-json\/wp\/v2\/comments?post=3280"}],"version-history":[{"count":3,"href":"https:\/\/www.leca.es\/la\/wp-json\/wp\/v2\/pages\/3280\/revisions"}],"predecessor-version":[{"id":4145,"href":"https:\/\/www.leca.es\/la\/wp-json\/wp\/v2\/pages\/3280\/revisions\/4145"}],"up":[{"embeddable":true,"href":"https:\/\/www.leca.es\/la\/wp-json\/wp\/v2\/pages\/3289"}],"wp:attachment":[{"href":"https:\/\/www.leca.es\/la\/wp-json\/wp\/v2\/media?parent=3280"}],"curies":[{"name":"wp","href":"https:\/\/api.w.org\/{rel}","templated":true}]}}