{"id":3276,"date":"2017-09-01T18:01:47","date_gmt":"2017-09-01T18:01:47","guid":{"rendered":"http:\/\/www.leca.es\/productos-leca\/concreto\/aplicaciones-moviles-transporte\/gespromobile\/"},"modified":"2017-11-15T17:40:01","modified_gmt":"2017-11-15T17:40:01","slug":"gespromobile","status":"publish","type":"page","link":"https:\/\/www.leca.es\/la\/productos-leca\/concreto\/aplicaciones-moviles-transporte\/gespromobile\/","title":{"rendered":"GesproMobile"},"content":{"rendered":"<p>[vc_row][vc_column width=&#8221;1\/4&#8243;][vc_wp_custommenu nav_menu=&#8221;13&#8243;][\/vc_column][vc_column width=&#8221;3\/4&#8243;][vc_column_text]<\/p>\n<p>Aplicaci\u00f3n movil para la visualizaci\u00f3n del estado de la flota y eventos de camiones<\/p>\n<p>Iphone, Android, BlackBerry, Tablet<\/p>\n<p>\u00a0<\/p>\n<p>La aplicaci\u00f3n GESPROMOBILE permite al usuario del programa GESPRONET, ver la situaci\u00f3n de la flota de camiones su situaci\u00f3n y el estado en que se encuentran (viajando a obra, cargando, viajando a planta&#8230;).<\/p>\n<p>El usuario de este programa podr\u00e1 tambi\u00e9n ver las incidencias producidas en los servicios de los diferentes pedidos realizados por los clientes desde cualquier lugar, si dispone de un terminal con conexi\u00f3n a Internet.<\/p>\n<p>Probar DEMO<\/p>\n<p>Usuario:\u00a0Administrador<\/p>\n<p>Contrase\u00f1a:\u00a0LECA[\/vc_column_text][vc_separator][rev_slider_vc alias=&#8221;app_mob_ter&#8221;][\/vc_column][\/vc_row]<\/p>\n","protected":false},"excerpt":{"rendered":"<p>[vc_row][vc_column width=&#8221;1\/4&#8243;][vc_wp_custommenu nav_menu=&#8221;13&#8243;][\/vc_column][vc_column width=&#8221;3\/4&#8243;][vc_column_text] Aplicaci\u00f3n movil para la visualizaci\u00f3n del estado de la flota y eventos de camiones Iphone, Android, BlackBerry, Tablet \u00a0 La aplicaci\u00f3n GESPROMOBILE permite al usuario del programa GESPRONET, ver la situaci\u00f3n de la flota de camiones su situaci\u00f3n y el estado en que se encuentran (viajando a obra, cargando, viajando a [&hellip;]<\/p>\n","protected":false},"author":1,"featured_media":0,"parent":3272,"menu_order":0,"comment_status":"closed","ping_status":"closed","template":"","meta":{"footnotes":""},"class_list":["post-3276","page","type-page","status-publish","hentry","invicta_simple_style_entry"],"_links":{"self":[{"href":"https:\/\/www.leca.es\/la\/wp-json\/wp\/v2\/pages\/3276","targetHints":{"allow":["GET"]}}],"collection":[{"href":"https:\/\/www.leca.es\/la\/wp-json\/wp\/v2\/pages"}],"about":[{"href":"https:\/\/www.leca.es\/la\/wp-json\/wp\/v2\/types\/page"}],"author":[{"embeddable":true,"href":"https:\/\/www.leca.es\/la\/wp-json\/wp\/v2\/users\/1"}],"replies":[{"embeddable":true,"href":"https:\/\/www.leca.es\/la\/wp-json\/wp\/v2\/comments?post=3276"}],"version-history":[{"count":1,"href":"https:\/\/www.leca.es\/la\/wp-json\/wp\/v2\/pages\/3276\/revisions"}],"predecessor-version":[{"id":3670,"href":"https:\/\/www.leca.es\/la\/wp-json\/wp\/v2\/pages\/3276\/revisions\/3670"}],"up":[{"embeddable":true,"href":"https:\/\/www.leca.es\/la\/wp-json\/wp\/v2\/pages\/3272"}],"wp:attachment":[{"href":"https:\/\/www.leca.es\/la\/wp-json\/wp\/v2\/media?parent=3276"}],"curies":[{"name":"wp","href":"https:\/\/api.w.org\/{rel}","templated":true}]}}