{"id":3268,"date":"2017-09-01T17:40:29","date_gmt":"2017-09-01T17:40:29","guid":{"rendered":"http:\/\/www.leca.es\/programa-gespronet\/"},"modified":"2017-11-15T17:41:22","modified_gmt":"2017-11-15T17:41:22","slug":"programa-gespronet","status":"publish","type":"page","link":"https:\/\/www.leca.es\/la\/productos-leca\/concreto\/gestion-transporte-y-produccion\/programa-gespronet\/","title":{"rendered":"Programa GesproNet"},"content":{"rendered":"<p>[vc_row][vc_column width=&#8221;1\/4&#8243;][vc_wp_custommenu nav_menu=&#8221;14&#8243;][\/vc_column][vc_column width=&#8221;3\/4&#8243;][vc_column_text]<\/p>\n<h2>Programa de gestion de la produccion y flota de camiones<\/h2>\n<p>GesproNET es una soluci\u00f3n que permite centralizar los pedidos de concreto de m\u00faltiples plantas en funci\u00f3n de la disponibilidad de transporte y la capacidad de producci\u00f3n de las mismas. Equipando los camiones con unidades de geolocalizaci\u00f3n GEOLEC la aplicaci\u00f3n GesproNET guarda un hist\u00f3rico del transporte del concreto con los eventos ocurridos, durante el proceso de carga, transporte y descarga del concreto y lo relaciona con la gu\u00eda de carga que se produce en planta con la aplicaci\u00f3n GesteNET[\/vc_column_text][vc_row_inner][vc_column_inner width=&#8221;1\/2&#8243;][vc_column_text]<a href=\"\/wp-content\/uploads\/2016\/05\/programa_gesproNet_leca_espana_01-e1462379067170.png\" rel=\"lightbox\" data-rel=\"lightbox-image-0\" data-rl_title=\"\" data-rl_caption=\"\"><img decoding=\"async\" title=\"\" src=\"\/wp-content\/uploads\/2016\/05\/programa_gesproNet_leca_espana_01-e1462379067170.png\" \/><\/a>[\/vc_column_text][\/vc_column_inner][vc_column_inner width=&#8221;1\/2&#8243;][vc_column_text]<a href=\"\/wp-content\/uploads\/2016\/05\/programa_gesproNet_leca_espana_02.png\" rel=\"lightbox\" data-rel=\"lightbox-image-1\" data-rl_title=\"\" data-rl_caption=\"\"><img decoding=\"async\" title=\"\" src=\"\/wp-content\/uploads\/2016\/05\/programa_gesproNet_leca_espana_02.png\" \/><\/a>[\/vc_column_text][\/vc_column_inner][\/vc_row_inner][vc_row_inner][vc_column_inner][vc_column_text]<a href=\"\/wp-content\/uploads\/2016\/05\/programa_gesproNet_leca_espana_03.jpg\" rel=\"lightbox\" data-rel=\"lightbox-image-2\" data-rl_title=\"\" data-rl_caption=\"\"><img decoding=\"async\" title=\"\" src=\"\/wp-content\/uploads\/2016\/05\/programa_gesproNet_leca_espana_03.jpg\" \/><\/a>[\/vc_column_text][\/vc_column_inner][\/vc_row_inner][vc_row_inner][vc_column_inner][vc_column_text]GesproNET es una aplicaci\u00f3n que calcula el tiempo medio de transporte a una obra en diferentes periodos del d\u00eda seg\u00fan se van realizando viajes y permite por tanto indicar al cliente cuando recibir\u00e1 el pedido de concreto solicitado. La aplicaci\u00f3n almacena en su base datos los hist\u00f3ricos de los transportes, tanto a nivel de tiempos de paso, llegada y paro en puntos de inter\u00e9s (plantas, obras, gasolineras, etc.) como eventos en el proceso de transporte (velocidades de giro de la cuba, eventos de descarga, agua a\u00f1adida, etc.). El programa al final del d\u00eda, env\u00eda un correo electr\u00f3nico a las direcciones introducidas en el mismo con las incidencias por cami\u00f3n ocurridas en la fabricaci\u00f3n que el administrador del programa ha seleccionado. El programa GesproNET enlaza en tiempo real con la aplicaci\u00f3n de gesti\u00f3n producci\u00f3n de concreto de planta GestecNET, por lo que los pedidos asignados a una planta desde el programa GestecNET son vistos por el operador de la misma en su hoja de producci\u00f3n. El operador de planta puede tambi\u00e9n introducir pedidos en la hoja de trabajpo de la planta, siendo estos reflejados en la aplicaci\u00f3n GesproNET. [\/vc_column_text][\/vc_column_inner][\/vc_row_inner][rev_slider_vc alias=&#8221;transporte-produccion&#8221;][\/vc_column][\/vc_row]<\/p>\n","protected":false},"excerpt":{"rendered":"<p>[vc_row][vc_column width=&#8221;1\/4&#8243;][vc_wp_custommenu nav_menu=&#8221;14&#8243;][\/vc_column][vc_column width=&#8221;3\/4&#8243;][vc_column_text] Programa de gestion de la produccion y flota de camiones GesproNET es una soluci\u00f3n que permite centralizar los pedidos de concreto de m\u00faltiples plantas en funci\u00f3n de la disponibilidad de transporte y la capacidad de producci\u00f3n de las mismas. Equipando los camiones con unidades de geolocalizaci\u00f3n GEOLEC la aplicaci\u00f3n GesproNET guarda [&hellip;]<\/p>\n","protected":false},"author":1,"featured_media":0,"parent":3269,"menu_order":0,"comment_status":"closed","ping_status":"closed","template":"","meta":{"footnotes":""},"class_list":["post-3268","page","type-page","status-publish","hentry","invicta_simple_style_entry"],"_links":{"self":[{"href":"https:\/\/www.leca.es\/la\/wp-json\/wp\/v2\/pages\/3268","targetHints":{"allow":["GET"]}}],"collection":[{"href":"https:\/\/www.leca.es\/la\/wp-json\/wp\/v2\/pages"}],"about":[{"href":"https:\/\/www.leca.es\/la\/wp-json\/wp\/v2\/types\/page"}],"author":[{"embeddable":true,"href":"https:\/\/www.leca.es\/la\/wp-json\/wp\/v2\/users\/1"}],"replies":[{"embeddable":true,"href":"https:\/\/www.leca.es\/la\/wp-json\/wp\/v2\/comments?post=3268"}],"version-history":[{"count":1,"href":"https:\/\/www.leca.es\/la\/wp-json\/wp\/v2\/pages\/3268\/revisions"}],"predecessor-version":[{"id":3666,"href":"https:\/\/www.leca.es\/la\/wp-json\/wp\/v2\/pages\/3268\/revisions\/3666"}],"up":[{"embeddable":true,"href":"https:\/\/www.leca.es\/la\/wp-json\/wp\/v2\/pages\/3269"}],"wp:attachment":[{"href":"https:\/\/www.leca.es\/la\/wp-json\/wp\/v2\/media?parent=3268"}],"curies":[{"name":"wp","href":"https:\/\/api.w.org\/{rel}","templated":true}]}}