{"id":3263,"date":"2017-09-01T16:51:36","date_gmt":"2017-09-01T16:51:36","guid":{"rendered":"http:\/\/www.leca.es\/programa-stanet\/"},"modified":"2017-11-15T17:40:37","modified_gmt":"2017-11-15T17:40:37","slug":"programa-stanet","status":"publish","type":"page","link":"https:\/\/www.leca.es\/la\/programa-stanet\/","title":{"rendered":"Programa Stanet"},"content":{"rendered":"<p>[vc_row][vc_column width=&#8221;1\/4&#8243;][vc_wp_custommenu nav_menu=&#8221;10&#8243;][\/vc_column][vc_column width=&#8221;3\/4&#8243;][vc_column_text]<\/p>\n<h2>Programa Stanet<\/h2>\n<p>StaNET es un programa que realiza informes y estad\u00edsticas de la gesti\u00f3n, producci\u00f3n y costo de producci\u00f3n de instalaciones de concreto. Para el c\u00e1lculo estad\u00edstico StaNET consulta los datos obtenidos por el programa de gesti\u00f3n de planta GestecNET y el programa de gesti\u00f3n de flota de camiones y producci\u00f3n centralizada GesproNET[\/vc_column_text][vc_row_inner][vc_column_inner][vc_column_text]<a href=\"\/wp-content\/uploads\/2016\/04\/programa_stanet_leca.jpg\" rel=\"lightbox\" data-rel=\"lightbox-image-0\" data-rl_title=\"\" data-rl_caption=\"\"><img decoding=\"async\" class=\"&quot; alignleft\" title=\"\" src=\"\/wp-content\/uploads\/2016\/04\/programa_stanet_leca.jpg\" width=\"350\" \/><\/a>Las estad\u00edsticas o informes generados pueden ser seg\u00fan selecci\u00f3n por parte del usuario de tipo \u00a0absoluto, relativo a otros valores o porcentuales. StaNET permite al usuario generar campos calculados para su posterior uso. Estos campos calculados se obtienen aplicando f\u00f3rmulas matem\u00e1ticas dise\u00f1adas por el usuario sobre los campos propios de la base de datos.[\/vc_column_text][\/vc_column_inner][\/vc_row_inner][vc_column_text]StaNET adem\u00e1s, valora la producci\u00f3n diaria de concreto y presenta al usuario posibles mejoras en las producciones hist\u00f3ricas mediante variaci\u00f3n del n\u00famero de camiones en planta y\/o modificado las horas de entrega de los pedidos. El programa StaNET es el mejor aliado que se puede tener para conocer de forma real el estado de negocio.[\/vc_column_text][rev_slider_vc alias=&#8221;statnet&#8221;][\/vc_column][\/vc_row]<\/p>\n","protected":false},"excerpt":{"rendered":"<p>[vc_row][vc_column width=&#8221;1\/4&#8243;][vc_wp_custommenu nav_menu=&#8221;10&#8243;][\/vc_column][vc_column width=&#8221;3\/4&#8243;][vc_column_text] Programa Stanet StaNET es un programa que realiza informes y estad\u00edsticas de la gesti\u00f3n, producci\u00f3n y costo de producci\u00f3n de instalaciones de concreto. Para el c\u00e1lculo estad\u00edstico StaNET consulta los datos obtenidos por el programa de gesti\u00f3n de planta GestecNET y el programa de gesti\u00f3n de flota de camiones y producci\u00f3n [&hellip;]<\/p>\n","protected":false},"author":1,"featured_media":0,"parent":0,"menu_order":0,"comment_status":"closed","ping_status":"closed","template":"","meta":{"footnotes":""},"class_list":["post-3263","page","type-page","status-publish","hentry","invicta_simple_style_entry"],"_links":{"self":[{"href":"https:\/\/www.leca.es\/la\/wp-json\/wp\/v2\/pages\/3263","targetHints":{"allow":["GET"]}}],"collection":[{"href":"https:\/\/www.leca.es\/la\/wp-json\/wp\/v2\/pages"}],"about":[{"href":"https:\/\/www.leca.es\/la\/wp-json\/wp\/v2\/types\/page"}],"author":[{"embeddable":true,"href":"https:\/\/www.leca.es\/la\/wp-json\/wp\/v2\/users\/1"}],"replies":[{"embeddable":true,"href":"https:\/\/www.leca.es\/la\/wp-json\/wp\/v2\/comments?post=3263"}],"version-history":[{"count":1,"href":"https:\/\/www.leca.es\/la\/wp-json\/wp\/v2\/pages\/3263\/revisions"}],"predecessor-version":[{"id":3664,"href":"https:\/\/www.leca.es\/la\/wp-json\/wp\/v2\/pages\/3263\/revisions\/3664"}],"wp:attachment":[{"href":"https:\/\/www.leca.es\/la\/wp-json\/wp\/v2\/media?parent=3263"}],"curies":[{"name":"wp","href":"https:\/\/api.w.org\/{rel}","templated":true}]}}