{"id":3258,"date":"2017-09-01T16:37:34","date_gmt":"2017-09-01T16:37:34","guid":{"rendered":"http:\/\/www.leca.es\/productos-leca\/concreto\/calidad\/programa-de-gestion-de-la-calidad-del-concreto-procalnet\/"},"modified":"2017-11-15T17:40:03","modified_gmt":"2017-11-15T17:40:03","slug":"programa-de-gestion-de-la-calidad-del-concreto-procalnet","status":"publish","type":"page","link":"https:\/\/www.leca.es\/la\/productos-leca\/concreto\/calidad\/programa-de-gestion-de-la-calidad-del-concreto-procalnet\/","title":{"rendered":"Programa de gesti\u00f3n de la calidad del concreto ProcalNET"},"content":{"rendered":"<p>[vc_row][vc_column width=&#8221;1\/4&#8243;][vc_wp_custommenu nav_menu=&#8221;15&#8243;][\/vc_column][vc_column width=&#8221;3\/4&#8243;][vc_column_text]<\/p>\n<h2>Programa de gesti\u00f3n de calidad ProcalNET<\/h2>\n<p>ProcalNET es el programa encargado de la verificaci\u00f3n de la calidad del concreto mediante la gesti\u00f3n de roturas de probetas seleccionadas en los lotes de control para los diferentes tipos de concreto . La pantalla de introducci\u00f3n de c\u00f3digos de probetas se crea de forma autom\u00e1tica al detectarse una gu\u00eda creado en la aplicaci\u00f3n GestecNET con control de calidad. La gesti\u00f3n de roturas se establece mediante el gestor de d\u00edas de rotura que presenta al operador la posibilidad de cumplimentar datos para aquellas que ya han vencido El programa procalNET guarda y gestiona los datos de valor de rotura de las probetas, relacion\u00e1ndolos con los albaranes de los clientes adem\u00e1s de otros datos de producci\u00f3n (dosificaciones manuales, tiempos de carga, errores de consumo), as\u00ed como fechas de variaci\u00f3n o creaci\u00f3n de las recetas de hormig\u00f3n. <a href=\"\/wp-content\/uploads\/2016\/05\/programa-gestion-calidad-procalnet-leca-espana-01.jpg\" rel=\"lightbox\" data-rel=\"lightbox-image-0\" data-rl_title=\"\" data-rl_caption=\"\"><img decoding=\"async\" title=\"\" src=\"\/wp-content\/uploads\/2016\/05\/programa-gestion-calidad-procalnet-leca-espana-01.jpg\" \/><\/a> <a href=\"\/wp-content\/uploads\/2016\/05\/programa-gestion-calidad-procalnet-leca-espana-02.jpg\" rel=\"lightbox\" data-rel=\"lightbox-image-1\" data-rl_title=\"\" data-rl_caption=\"\"><img decoding=\"async\" title=\"\" src=\"\/wp-content\/uploads\/2016\/05\/programa-gestion-calidad-procalnet-leca-espana-02.jpg\" \/><\/a> Con los datos de incidencias de devoluci\u00f3n de concreto y recuperaci\u00f3n del mismo, disponemos de una informaci\u00f3n completa y detallada que nos permitir\u00e1 conocer mejor el desarrollo de la fabricaci\u00f3n del producto. El programa permite la posibilidad de visualizar e imprimir, gr\u00e1ficos de resultados de probetas correspondientes a con uno o varios d\u00edas de rotura.[\/vc_column_text][\/vc_column][\/vc_row]<\/p>\n","protected":false},"excerpt":{"rendered":"<p>[vc_row][vc_column width=&#8221;1\/4&#8243;][vc_wp_custommenu nav_menu=&#8221;15&#8243;][\/vc_column][vc_column width=&#8221;3\/4&#8243;][vc_column_text] Programa de gesti\u00f3n de calidad ProcalNET ProcalNET es el programa encargado de la verificaci\u00f3n de la calidad del concreto mediante la gesti\u00f3n de roturas de probetas seleccionadas en los lotes de control para los diferentes tipos de concreto . La pantalla de introducci\u00f3n de c\u00f3digos de probetas se crea de forma [&hellip;]<\/p>\n","protected":false},"author":1,"featured_media":0,"parent":3257,"menu_order":0,"comment_status":"closed","ping_status":"closed","template":"","meta":{"footnotes":""},"class_list":["post-3258","page","type-page","status-publish","hentry","invicta_simple_style_entry"],"_links":{"self":[{"href":"https:\/\/www.leca.es\/la\/wp-json\/wp\/v2\/pages\/3258","targetHints":{"allow":["GET"]}}],"collection":[{"href":"https:\/\/www.leca.es\/la\/wp-json\/wp\/v2\/pages"}],"about":[{"href":"https:\/\/www.leca.es\/la\/wp-json\/wp\/v2\/types\/page"}],"author":[{"embeddable":true,"href":"https:\/\/www.leca.es\/la\/wp-json\/wp\/v2\/users\/1"}],"replies":[{"embeddable":true,"href":"https:\/\/www.leca.es\/la\/wp-json\/wp\/v2\/comments?post=3258"}],"version-history":[{"count":1,"href":"https:\/\/www.leca.es\/la\/wp-json\/wp\/v2\/pages\/3258\/revisions"}],"predecessor-version":[{"id":3663,"href":"https:\/\/www.leca.es\/la\/wp-json\/wp\/v2\/pages\/3258\/revisions\/3663"}],"up":[{"embeddable":true,"href":"https:\/\/www.leca.es\/la\/wp-json\/wp\/v2\/pages\/3257"}],"wp:attachment":[{"href":"https:\/\/www.leca.es\/la\/wp-json\/wp\/v2\/media?parent=3258"}],"curies":[{"name":"wp","href":"https:\/\/api.w.org\/{rel}","templated":true}]}}