{"id":3256,"date":"2017-09-01T16:34:12","date_gmt":"2017-09-01T16:34:12","guid":{"rendered":"http:\/\/www.leca.es\/programa-de-calculo-de-formulas-calculnet\/"},"modified":"2017-11-15T17:40:03","modified_gmt":"2017-11-15T17:40:03","slug":"programa-de-calculo-de-formulas-calculnet","status":"publish","type":"page","link":"https:\/\/www.leca.es\/la\/productos-leca\/concreto\/calidad\/programa-de-calculo-de-formulas-calculnet\/","title":{"rendered":"Programa de c\u00e1lculo de f\u00f3rmulas CalculNET"},"content":{"rendered":"<p>[vc_row][vc_column width=&#8221;1\/4&#8243;][vc_wp_custommenu nav_menu=&#8221;15&#8243;][\/vc_column][vc_column width=&#8221;3\/4&#8243;][vc_column_text]<\/p>\n<h2>Programa de formulaci\u00f3n CalculNET<\/h2>\n<p>El programa CalculNET est\u00e1 pensado para generar \u00a0f\u00f3rmulas mediante los sistemas de c\u00e1lculo de concreto m\u00e1s usuales, con capacidad adem\u00e1s de producir un ajuste de las curvas generados por parte del usuario. <a href=\"\/wp-content\/uploads\/2016\/05\/programa-calculo-de-formulas-leca-espana-01.jpg\" rel=\"lightbox\" data-rel=\"lightbox-image-0\" data-rl_title=\"\" data-rl_caption=\"\"><img loading=\"lazy\" decoding=\"async\" class=\"alignnone size-full \" title=\"\" src=\"\/wp-content\/uploads\/2016\/05\/programa-calculo-de-formulas-leca-espana-01.jpg\" width=\"634\" height=\"476\" \/><\/a> El programa CalculNET se caracteriza por trabajar de forma Off line (sin conexi\u00f3n) con las plantas de hormig\u00f3n. Esto permite modificar datos de las formulas o productos que la integran sin tocar los datos nativos. Una vez se ha conseguido los resultados deseados, se puede realizar una actualizaci\u00f3n en la planta. Al seleccionar una planta en el programa CalculNET, se importa de la misma formulas, materiales, ajustes y datos. Una vez que se obtiene los valores correctos para las formulas, estas son exportada a planta sustituyendo a las existentes. <a href=\"\/wp-content\/uploads\/2016\/05\/programa-calculo-de-formulas-leca-espana-02.jpg\" rel=\"lightbox\" data-rel=\"lightbox-image-1\" data-rl_title=\"\" data-rl_caption=\"\"><img loading=\"lazy\" decoding=\"async\" class=\"alignnone size-full\" title=\"\" src=\"\/wp-content\/uploads\/2016\/05\/programa-calculo-de-formulas-leca-espana-02.jpg\" width=\"632\" height=\"215\" \/><\/a> Cada vez que se realiza una importaci\u00f3n el programa solicita guardar copia de seguridad de los datos antiguos. El programa puede tambi\u00e9n guardar las formulas en formato Excell en el directorio seleccionado.[\/vc_column_text][\/vc_column][\/vc_row]<\/p>\n","protected":false},"excerpt":{"rendered":"<p>[vc_row][vc_column width=&#8221;1\/4&#8243;][vc_wp_custommenu nav_menu=&#8221;15&#8243;][\/vc_column][vc_column width=&#8221;3\/4&#8243;][vc_column_text] Programa de formulaci\u00f3n CalculNET El programa CalculNET est\u00e1 pensado para generar \u00a0f\u00f3rmulas mediante los sistemas de c\u00e1lculo de concreto m\u00e1s usuales, con capacidad adem\u00e1s de producir un ajuste de las curvas generados por parte del usuario. El programa CalculNET se caracteriza por trabajar de forma Off line (sin conexi\u00f3n) con las [&hellip;]<\/p>\n","protected":false},"author":1,"featured_media":0,"parent":3257,"menu_order":0,"comment_status":"closed","ping_status":"closed","template":"","meta":{"footnotes":""},"class_list":["post-3256","page","type-page","status-publish","hentry","invicta_simple_style_entry"],"_links":{"self":[{"href":"https:\/\/www.leca.es\/la\/wp-json\/wp\/v2\/pages\/3256","targetHints":{"allow":["GET"]}}],"collection":[{"href":"https:\/\/www.leca.es\/la\/wp-json\/wp\/v2\/pages"}],"about":[{"href":"https:\/\/www.leca.es\/la\/wp-json\/wp\/v2\/types\/page"}],"author":[{"embeddable":true,"href":"https:\/\/www.leca.es\/la\/wp-json\/wp\/v2\/users\/1"}],"replies":[{"embeddable":true,"href":"https:\/\/www.leca.es\/la\/wp-json\/wp\/v2\/comments?post=3256"}],"version-history":[{"count":1,"href":"https:\/\/www.leca.es\/la\/wp-json\/wp\/v2\/pages\/3256\/revisions"}],"predecessor-version":[{"id":3661,"href":"https:\/\/www.leca.es\/la\/wp-json\/wp\/v2\/pages\/3256\/revisions\/3661"}],"up":[{"embeddable":true,"href":"https:\/\/www.leca.es\/la\/wp-json\/wp\/v2\/pages\/3257"}],"wp:attachment":[{"href":"https:\/\/www.leca.es\/la\/wp-json\/wp\/v2\/media?parent=3256"}],"curies":[{"name":"wp","href":"https:\/\/api.w.org\/{rel}","templated":true}]}}