{"id":3254,"date":"2017-09-01T16:24:30","date_gmt":"2017-09-01T16:24:30","guid":{"rendered":"http:\/\/www.leca.es\/productos-leca\/concreto\/soluciones-moviles-fabricacion\/"},"modified":"2017-11-15T17:41:43","modified_gmt":"2017-11-15T17:41:43","slug":"soluciones-moviles-fabricacion","status":"publish","type":"page","link":"https:\/\/www.leca.es\/la\/productos-leca\/concreto\/soluciones-moviles-fabricacion\/","title":{"rendered":"Soluciones M\u00f3viles  Fabricaci\u00f3n"},"content":{"rendered":"<p>[vc_row][vc_column width=&#8221;1\/4&#8243;][vc_wp_custommenu nav_menu=&#8221;11&#8243;][\/vc_column][vc_column width=&#8221;3\/4&#8243;][vc_column_text]<\/p>\n<h2>Aplicaciones M\u00f3viles<\/h2>\n<p>[\/vc_column_text][vc_row_inner][vc_column_inner width=&#8221;1\/2&#8243;][vc_column_text]<a href=\"\/wp-content\/uploads\/2016\/03\/aplicacion-movil-de-gestion-gestec-mobile-leca-lista.jpg\" rel=\"lightbox\" data-rel=\"lightbox-image-0\" data-rl_title=\"\" data-rl_caption=\"\"><img loading=\"lazy\" decoding=\"async\" class=\"alignnone size-full title=\"\"pulse en la imagen para ampliar\" src=\"\/wp-content\/uploads\/2016\/03\/aplicacion-movil-de-gestion-gestec-mobile-leca-lista.jpg\" width=\"445\" height=\"238\" \/><\/a>[\/vc_column_text][\/vc_column_inner][vc_column_inner width=&#8221;1\/2&#8243;][vc_column_text]<a href=\"\/wp-content\/uploads\/2016\/01\/aplicacion-movil-de-gestion-gestec-mobile-leca-aplicacion.jpg\" rel=\"lightbox\" data-rel=\"lightbox-image-1\" data-rl_title=\"\" data-rl_caption=\"\"><img loading=\"lazy\" decoding=\"async\" class=\"alignnone size-full title=\"\"pulse en la imagen para ampliar\" src=\"\/wp-content\/uploads\/2016\/01\/aplicacion-movil-de-gestion-gestec-mobile-leca-aplicacion.jpg\" width=\"445\" height=\"238\" \/><\/a>[\/vc_column_text][\/vc_column_inner][\/vc_row_inner][vc_column_text]GestecMobile es una <strong>aplicaci\u00f3n m\u00f3vil<\/strong> que permite en remoto la visualizaci\u00f3n del estado de fabricaci\u00f3n de las plantas de concreto y el <strong>mantenimiento<\/strong> de las diferentes tablas que componen la aplicaci\u00f3n de planta GestecNET siempre que el usuario disponga de los permisos necesarios. Mediante la aplicaci\u00f3n GestecMobile los usuarios dados de alta en el programa de gesti\u00f3n de planta GestecNET pueden ver lo que est\u00e1n fabricando las plantas de concreto y el hist\u00f3rico de consumos por gu\u00edas con los errores de pesaje e informaci\u00f3n de las cargas realizadas de forma manual as\u00ed como las fechas de los diferentes arranques y paros del programa de planta. S\u00ed se dispone de permisos suficientes, puede tambi\u00e9n gestionar el riesgo de clientes o modificar pesos de las formulas entre otras posibilidades. <a href=\"http:\/\/lecabcn.dyndns.org\/GestecMobile\" target=\"_blank\" rel=\"noopener\">Probar DEMO<\/a> (Usuario: <strong>Administrador<\/strong>) (Contrase\u00f1a: <strong>LECA<\/strong>)[\/vc_column_text][\/vc_column][\/vc_row]<\/p>\n","protected":false},"excerpt":{"rendered":"<p>[vc_row][vc_column width=&#8221;1\/4&#8243;][vc_wp_custommenu nav_menu=&#8221;11&#8243;][\/vc_column][vc_column width=&#8221;3\/4&#8243;][vc_column_text] Aplicaciones M\u00f3viles [\/vc_column_text][vc_row_inner][vc_column_inner width=&#8221;1\/2&#8243;][vc_column_text][\/vc_column_text][\/vc_column_inner][vc_column_inner width=&#8221;1\/2&#8243;][vc_column_text][\/vc_column_text][\/vc_column_inner][\/vc_row_inner][vc_column_text]GestecMobile es una aplicaci\u00f3n m\u00f3vil que permite en remoto la visualizaci\u00f3n del estado de fabricaci\u00f3n de las plantas de concreto y el mantenimiento de las diferentes tablas que componen la aplicaci\u00f3n de planta GestecNET siempre que el usuario disponga de los permisos necesarios. Mediante la aplicaci\u00f3n GestecMobile [&hellip;]<\/p>\n","protected":false},"author":1,"featured_media":0,"parent":3168,"menu_order":0,"comment_status":"closed","ping_status":"closed","template":"","meta":{"footnotes":""},"class_list":["post-3254","page","type-page","status-publish","hentry","invicta_simple_style_entry"],"_links":{"self":[{"href":"https:\/\/www.leca.es\/la\/wp-json\/wp\/v2\/pages\/3254","targetHints":{"allow":["GET"]}}],"collection":[{"href":"https:\/\/www.leca.es\/la\/wp-json\/wp\/v2\/pages"}],"about":[{"href":"https:\/\/www.leca.es\/la\/wp-json\/wp\/v2\/types\/page"}],"author":[{"embeddable":true,"href":"https:\/\/www.leca.es\/la\/wp-json\/wp\/v2\/users\/1"}],"replies":[{"embeddable":true,"href":"https:\/\/www.leca.es\/la\/wp-json\/wp\/v2\/comments?post=3254"}],"version-history":[{"count":1,"href":"https:\/\/www.leca.es\/la\/wp-json\/wp\/v2\/pages\/3254\/revisions"}],"predecessor-version":[{"id":3660,"href":"https:\/\/www.leca.es\/la\/wp-json\/wp\/v2\/pages\/3254\/revisions\/3660"}],"up":[{"embeddable":true,"href":"https:\/\/www.leca.es\/la\/wp-json\/wp\/v2\/pages\/3168"}],"wp:attachment":[{"href":"https:\/\/www.leca.es\/la\/wp-json\/wp\/v2\/media?parent=3254"}],"curies":[{"name":"wp","href":"https:\/\/api.w.org\/{rel}","templated":true}]}}