{"id":3223,"date":"2017-09-01T08:14:07","date_gmt":"2017-09-01T08:14:07","guid":{"rendered":"http:\/\/www.leca.es\/productos-leca\/concreto\/gestion-planta-hormigon\/programa-lispexp\/"},"modified":"2017-11-15T17:42:33","modified_gmt":"2017-11-15T17:42:33","slug":"programa-lispexp","status":"publish","type":"page","link":"https:\/\/www.leca.es\/la\/productos-leca\/concreto\/gestion-planta-concreto\/programa-lispexp\/","title":{"rendered":"Programa LispEXP"},"content":{"rendered":"<p>[vc_row][vc_column width=&#8221;1\/4&#8243;][vc_wp_custommenu nav_menu=&#8221;9&#8243;][\/vc_column][vc_column width=&#8221;3\/4&#8243;][vc_column_text]<\/p>\n<h2>Programa LispEXP<\/h2>\n<p>El programa ListEXP es un generador avanzado de tablas para su exportaci\u00f3n o listado en formato TXT, Excell o SQL que tiene como caracter\u00edstica, poder seleccionar diferentes tablas o archivos de la base de datos de origen para realizar el listado final.<\/p>\n<p><a href=\"\/wp-content\/uploads\/2016\/04\/programa_ListExp_Generador_LECA_espana.jpg\" rel=\"lightbox\" data-rel=\"lightbox-image-0\" data-rl_title=\"\" data-rl_caption=\"\"><img decoding=\"async\" title=\"\" src=\"\/wp-content\/uploads\/2016\/04\/programa_ListExp_Generador_LECA_espana.jpg\" \/><\/a><\/p>\n<p>Convienen destacar que dispone de una funci\u00f3n que permite importar listados en formato XML por lo que si el usuario final desea un listado cuya elaboraci\u00f3n resulta complicada, puede solicitar a nuestra empresa su realizaci\u00f3n. Una vez realizado es posible mediante la opci\u00f3n de importar listados a\u00f1adirlo al programa del cliente.[\/vc_column_text][vc_row_inner][vc_column_inner width=&#8221;1\/2&#8243;][vc_column_text]<a href=\"\/wp-content\/uploads\/2016\/04\/programa_ListExp_Generador_LECA_espana_pantalla_02.jpg\" rel=\"lightbox\" data-options=\"zoomPosition: inner\" data-rel=\"lightbox-image-1\" data-rl_title=\"\" data-rl_caption=\"\"><img decoding=\"async\" title=\"\" src=\"\/wp-content\/uploads\/2016\/04\/programa_ListExp_Generador_LECA_espana_pantalla_02.jpg\" \/><\/a>[\/vc_column_text][\/vc_column_inner][vc_column_inner width=&#8221;1\/2&#8243;][vc_column_text]<a href=\"\/wp-content\/uploads\/2016\/04\/programa_ListExp_Generador_LECA_espana_pantalla_03.jpg\" rel=\"lightbox\" data-options=\"zoomPosition: inner\" data-rel=\"lightbox-image-2\" data-rl_title=\"\" data-rl_caption=\"\"><img decoding=\"async\" title=\"\" src=\"\/wp-content\/uploads\/2016\/04\/programa_ListExp_Generador_LECA_espana_pantalla_03.jpg\" \/><\/a>[\/vc_column_text][\/vc_column_inner][\/vc_row_inner][\/vc_column][\/vc_row]<\/p>\n","protected":false},"excerpt":{"rendered":"<p>[vc_row][vc_column width=&#8221;1\/4&#8243;][vc_wp_custommenu nav_menu=&#8221;9&#8243;][\/vc_column][vc_column width=&#8221;3\/4&#8243;][vc_column_text] Programa LispEXP El programa ListEXP es un generador avanzado de tablas para su exportaci\u00f3n o listado en formato TXT, Excell o SQL que tiene como caracter\u00edstica, poder seleccionar diferentes tablas o archivos de la base de datos de origen para realizar el listado final. Convienen destacar que dispone de una funci\u00f3n [&hellip;]<\/p>\n","protected":false},"author":1,"featured_media":0,"parent":3218,"menu_order":0,"comment_status":"closed","ping_status":"closed","template":"","meta":{"footnotes":""},"class_list":["post-3223","page","type-page","status-publish","hentry","invicta_simple_style_entry"],"_links":{"self":[{"href":"https:\/\/www.leca.es\/la\/wp-json\/wp\/v2\/pages\/3223","targetHints":{"allow":["GET"]}}],"collection":[{"href":"https:\/\/www.leca.es\/la\/wp-json\/wp\/v2\/pages"}],"about":[{"href":"https:\/\/www.leca.es\/la\/wp-json\/wp\/v2\/types\/page"}],"author":[{"embeddable":true,"href":"https:\/\/www.leca.es\/la\/wp-json\/wp\/v2\/users\/1"}],"replies":[{"embeddable":true,"href":"https:\/\/www.leca.es\/la\/wp-json\/wp\/v2\/comments?post=3223"}],"version-history":[{"count":1,"href":"https:\/\/www.leca.es\/la\/wp-json\/wp\/v2\/pages\/3223\/revisions"}],"predecessor-version":[{"id":3659,"href":"https:\/\/www.leca.es\/la\/wp-json\/wp\/v2\/pages\/3223\/revisions\/3659"}],"up":[{"embeddable":true,"href":"https:\/\/www.leca.es\/la\/wp-json\/wp\/v2\/pages\/3218"}],"wp:attachment":[{"href":"https:\/\/www.leca.es\/la\/wp-json\/wp\/v2\/media?parent=3223"}],"curies":[{"name":"wp","href":"https:\/\/api.w.org\/{rel}","templated":true}]}}